{"id":8239,"date":"2023-01-03T20:18:18","date_gmt":"2023-01-03T19:18:18","guid":{"rendered":"https:\/\/cybervengers.club\/thanks\/"},"modified":"2023-01-26T15:44:19","modified_gmt":"2023-01-26T14:44:19","slug":"obrigado","status":"publish","type":"page","link":"https:\/\/cybervengers.club\/pt-pt\/obrigado\/","title":{"rendered":"OBRIGADO"},"content":{"rendered":"<div class=\"wpb-content-wrapper\"><p>[vc_row][vc_column][vc_column_text]Cybervengers.club \u00e9 uma plataforma educacional desenhada para sensibilizar os jovens dos 11 aos 14 anos sobre os riscos cibern\u00e9ticos. A vulnerabilidade dos jovens para este tipo de riscos e a necessidade de garantir a sua seguran\u00e7a, tornaram-se num problema social e numa grande preocupa\u00e7\u00e3o para a AXA.<\/p>\n<p>&nbsp;<\/p>\n<p>Criada pela AXA e pela entidade AXA Group Operations em 2021, a plataforma Cybervengers.club tem como objetivo promover um mundo digital mais seguro e inclusivo. Este objetivo est\u00e1 alinhado com a miss\u00e3o da AXA, que, enquanto seguradora, est\u00e1 comprometida com o progresso humano, protegendo o que mais importa.<\/p>\n<p>&nbsp;<\/p>\n<h3 style=\"text-align: center;\"><span style=\"color: #283171;\"><strong>SE GOSTARIA DE SE JUNTAR A N\u00d3S E CONTRIBUIR PARA A CRIA\u00c7\u00c3O OU DIVULGA\u00c7\u00c3O DOS EPIS\u00d3DIOS DO CYBERVENGERS, CONTACTE-NOS<\/strong><\/span><\/h3>\n<p>&nbsp;<\/p>\n<p style=\"text-align: center;\"><a href=\"mailto:cybervengers@axa.com\" target=\"_blank\" style=\"color: #fff;background-color: #283171\" class=\"qodef-btn qodef-btn-medium qodef-btn-default qodef-btn-custom-hover-bg qodef-btn-custom-border-hover qodef-btn-custom-hover-color\" data-hover-bg-color=\"#fff\" data-hover-color=\"#283171\" data-hover-border-color=\"#283171\" >\n        <span class=\"qodef-btn-text\">CONTACTE-NOS<\/span>\n    <span class=\"qodef-btn-text-icon\"><i class=\"qodef-icon-font-awesome fa  \" ><\/i><\/span>\n<\/a><\/p>\n<p>&nbsp;<\/p>\n<p>Os Cybervengers foram criados por pessoas dedicadas e que pretendem ajudar crian\u00e7as e adultos a progredir no mundo digital.<\/p>\n<p>&nbsp;<\/p>\n<p><span style=\"color: #283171;\"><strong>MUITO OBRIGADA A TODOS OS NOSSOS PARCEIROS, EMBAIXADORES, LEITORES E ACIMA DE TUDO QUEM COLABOROU NESTE PROJETO!<\/strong><\/span><\/p>\n<p>&nbsp;<\/p>\n<p class=\"p1\">E um agradecimento especial para a<span class=\"Apple-converted-space\"> :<\/span><\/p>\n<p>&nbsp;<\/p>\n<p><span style=\"color: #283171;\"><b>AXA Group Operations<\/b><\/span><\/p>\n<p class=\"p1\">Obrigada a todos os embaixadores volunt\u00e1rios, revisores e especialistas na AXA : Etienne, Julie, Sara, Roshanak, Laurane, Pierre, Gilles, Anne-Claire, Marie-No\u00eblle, Malgorzata, Thibaut, Rooksana, Mad\u00e9vi, Anne-Sophie, Didier, Emiliano, Franck, Loani, Virginie, Frederic, Nicolas, Benoit, Franck, Rolf, Violaine, Omar, Lakshmi Rajyam, Suvarna, Julie, Norma Angelica, Agnes, Patricia, Mathieu, Kirsten, St\u00e9phanie, Virginie, Ferry, Tara Francesca, Oliver, Li Lee, Francisco, Vanda, Joana, Amrin, Rita, Pedro&#8230;!<\/p>\n<p>&nbsp;<\/p>\n<p><span style=\"color: #283171;\"><b>Wording Conseil<\/b><\/span><\/p>\n<p>Christine NALIES : gestora de ag\u00eancia<\/p>\n<p>St\u00e9phane SIMONET : dire\u00e7\u00e3o art\u00edstica e desenvolvimento de web<\/p>\n<p class=\"p1\">Obrigada a todos os que contribu\u00edram e foram respons\u00e1veis pelos testes beta : Chlo\u00e9, Marine, S\u00e9bastien, K\u00e9vin, Astrid, Catherine, Gillian, Alexandre, Pierre<\/p>\n<p class=\"p1\">Obrigada tamb\u00e9m ao Paul BEAUPERE, o nosso jovem escritor, o ateli\u00ea de Drawaki e \u00e0 mangaka Nadia TALEB, criadora do epis\u00f3dio 5 e dos pr\u00f3ximos&#8230;<\/p>\n<p>&nbsp;<\/p>\n<p><b><span style=\"color: #283171;\">Les Intr\u00e9pides de la Tech<\/span> <\/b><\/p>\n<p>Lucie JAGU : gestora do programa<\/p>\n<p>Marie GUERIN : designer educacional e l\u00edder do workshop de riscos cibern\u00e9ticos para escolas secund\u00e1rias<\/p>\n<p>Obrigada a todos os professores que testaram as mensagens com os seus alunos, durante o workshop de <a href=\"https:\/\/www.intrepidesdelatech.org\/nos-actions\/\">ciberseguran\u00e7a e riscos cibern\u00e9ticos dos Cybervengers.<\/a><\/p>\n<p>&nbsp;<\/p>\n<p><b><span style=\"color: #283171;\">Ciber Campus<\/span> <\/b><\/p>\n<p class=\"p1\">Obrigada aos nossos especialistas Edouard (Capgemini), Walter (DeVinci), St\u00e9phane (Ministro da Educa\u00e7\u00e3o) e Jo\u00ebl (Epita)<\/p>\n<p class=\"p1\">Obrigada \u00e0 Delphine, gestora de comunica\u00e7\u00e3o<\/p>\n<p class=\"p1\">Gostar\u00edamos tamb\u00e9m de agradecer aos alunos da turma americana de Saint-Germain en Laye por inspirarem o epis\u00f3dio 5.<\/p>\n<h4><div class=\"qodef-separator-holder clearfix  qodef-separator-center qodef-separator-normal\">\n\t<div class=\"qodef-separator\" ><\/div>\n<\/div>\n<\/h4>\n<p>[\/vc_column_text][\/vc_column][\/vc_row]<\/p>\n<\/div>","protected":false},"excerpt":{"rendered":"<p>[vc_row][vc_column][vc_column_text]Cybervengers.club \u00e9 uma plataforma educacional desenhada para sensibilizar os jovens dos 11 aos 14 anos sobre os riscos cibern\u00e9ticos. A vulnerabilidade&#8230;<\/p>\n","protected":false},"author":7,"featured_media":0,"parent":0,"menu_order":0,"comment_status":"closed","ping_status":"closed","template":"","meta":{"footnotes":""},"class_list":["post-8239","page","type-page","status-publish","hentry"],"_links":{"self":[{"href":"https:\/\/cybervengers.club\/pt-pt\/wp-json\/wp\/v2\/pages\/8239","targetHints":{"allow":["GET"]}}],"collection":[{"href":"https:\/\/cybervengers.club\/pt-pt\/wp-json\/wp\/v2\/pages"}],"about":[{"href":"https:\/\/cybervengers.club\/pt-pt\/wp-json\/wp\/v2\/types\/page"}],"author":[{"embeddable":true,"href":"https:\/\/cybervengers.club\/pt-pt\/wp-json\/wp\/v2\/users\/7"}],"replies":[{"embeddable":true,"href":"https:\/\/cybervengers.club\/pt-pt\/wp-json\/wp\/v2\/comments?post=8239"}],"version-history":[{"count":10,"href":"https:\/\/cybervengers.club\/pt-pt\/wp-json\/wp\/v2\/pages\/8239\/revisions"}],"predecessor-version":[{"id":8442,"href":"https:\/\/cybervengers.club\/pt-pt\/wp-json\/wp\/v2\/pages\/8239\/revisions\/8442"}],"wp:attachment":[{"href":"https:\/\/cybervengers.club\/pt-pt\/wp-json\/wp\/v2\/media?parent=8239"}],"curies":[{"name":"wp","href":"https:\/\/api.w.org\/{rel}","templated":true}]}}