{"id":8223,"date":"2021-05-25T19:34:34","date_gmt":"2021-05-25T17:34:34","guid":{"rendered":"https:\/\/cybervengers.club\/together\/"},"modified":"2024-11-14T12:45:59","modified_gmt":"2024-11-14T11:45:59","slug":"together","status":"publish","type":"page","link":"https:\/\/cybervengers.club\/pt-pt\/together\/","title":{"rendered":"JUNTOS"},"content":{"rendered":"<div class=\"wpb-content-wrapper\"><p>[vc_row content_width=&#8221;grid&#8221; content_aligment=&#8221;center&#8221; css=&#8221;.vc_custom_1651228030769{padding-top: 40px !important;}&#8221;][vc_column][vc_column_text]<\/p>\n<div style=\"width: 1100px;\" class=\"wp-video\"><video class=\"wp-video-shortcode\" id=\"video-8223-1\" width=\"1100\" height=\"619\" preload=\"metadata\" controls=\"controls\"><source type=\"video\/mp4\" src=\"https:\/\/cybervengers.club\/wp-content\/uploads\/2023\/01\/Complet-adresse-web-PT.mp4?_=1\" \/><a href=\"https:\/\/cybervengers.club\/wp-content\/uploads\/2023\/01\/Complet-adresse-web-PT.mp4\">https:\/\/cybervengers.club\/wp-content\/uploads\/2023\/01\/Complet-adresse-web-PT.mp4<\/a><\/video><\/div>\n<p>[\/vc_column_text][\/vc_column][\/vc_row][vc_row content_width=&#8221;grid&#8221; css=&#8221;.vc_custom_1623768468766{padding-top: 50px !important;padding-bottom: 50px !important;background-color: #ffffff !important;}&#8221;][vc_column width=&#8221;1\/2&#8243; css=&#8221;.vc_custom_1623768703116{background-color: #e0e0e0 !important;}&#8221;][vc_empty_space height=&#8221;20px&#8221;][vc_column_text css=&#8221;.vc_custom_1673882138680{padding-right: 20px !important;padding-left: 20px !important;}&#8221;]<\/p>\n<h1><span style=\"color: #283171;\">Pais, professores e parceiros<\/span><\/h1>\n<p>[\/vc_column_text][vc_empty_space height=&#8221;20px&#8221;][vc_column_text css=&#8221;.vc_custom_1675333157001{padding-right: 20px !important;padding-left: 20px !important;}&#8221;]<\/p>\n<div class=\"wpb_text_column wpb_content_element vc_custom_1634071273703\">\n<div class=\"wpb_wrapper\">\n<h3><strong>Manter as crian\u00e7as seguras na internet tornou-se numa quest\u00e3o real e numa prioridade para todos n\u00f3s.\u00a0<i>\u00c9 de facto, um verdadeiro desafio para n\u00f3s sociedade.<\/i><\/strong><\/h3>\n<p>&nbsp;<\/p>\n<h3>Todos sabemos que as amea\u00e7as digitais podem ter consequ\u00eancias graves para os jovens: faltar \u00e0s aulas, solid\u00e3o, depress\u00e3o, e muito mais\u2026<\/h3>\n<p>&nbsp;<\/p>\n<h3><strong>Temos o dever de os ajudar a compreender os riscos, para assim os evitar.<\/strong> O website que est\u00e1 a visitar &#8211; <strong>cybervengers.club<\/strong> visa educar jovens adolecentes entre os 11 e os 14 anos de idade e alert\u00e1-los para estes riscos. O website foi concebido para ser divertido, interativo e educativo para eles.<\/h3>\n<p>&nbsp;<\/p>\n<h3>Atrav\u00e9s da s\u00e9rie de banda desenhada <strong>CYBERVENGERS<\/strong>, acompanhada por quizzs e outros desafios, estes jovens poder\u00e3o compreender as regras para utilizar a internet e evitar autonomamente as armadilhas que todos os dias lhes podem ser lan\u00e7adas.<\/h3>\n<p>&nbsp;<\/p>\n<h3 class=\" translation-block\"><strong>Uma vez que todos temos um papel importante a desempenhar,<\/strong> fornecemos tamb\u00e9m um kit de apoio para os Pais, Professores e Educadores.<\/h3>\n<p>&nbsp;<\/p>\n<h3>O objetivo \u00e9 o de ajudar a iniciar a conversa sobre os perigos online, sensibilizando os jovens para os erros que devem evitar cometer na internet, para assegurar que est\u00e3o cientes dos riscos que existem, e permitir-lhes navegar de forma segura.<\/h3>\n<\/div>\n<\/div>\n<p>[\/vc_column_text][vc_empty_space height=&#8221;20px&#8221;][\/vc_column][vc_column width=&#8221;1\/2&#8243;][vc_empty_space height=&#8221;20px&#8221;][vc_column_text css=&#8221;.vc_custom_1674208715366{padding-right: 20px !important;padding-left: 20px !important;}&#8221;]<\/p>\n<h1><span style=\"color: #283171;\">O que significa a palavra \u2018Cyber\u2019?<\/span><\/h1>\n<p>[\/vc_column_text][vc_empty_space height=&#8221;20px&#8221;][vc_column_text css=&#8221;.vc_custom_1673882980102{padding-right: 20px !important;padding-left: 20px !important;}&#8221;]<\/p>\n<h3><em>(Da palavra grega kubern\u00e2n, governar)<\/em><\/h3>\n<h3>Prefixo utilizado para formar uma s\u00e9rie de palavras relacionadas com a internet.<\/h3>\n<p>&nbsp;<\/p>\n<h4>Significado no dicion\u00e1rio<\/h4>\n<p>&nbsp;<\/p>\n<h4><em>Exemplos de riscos cibern\u00e9ticos (cyber risks)\u00a0: ciberataque, ciber-depend\u00eancia, cyber-bullying, not\u00edcias falsas, phishing, vic\u00edo de jogar, viol\u00eancia, conte\u00fado ofensivo, terrorismo, v\u00edrus, sexting (contexto sexual), ped\u00f3filia, esquemas online, adi\u00e7\u00e3o aos ecr\u00e3s, photoshop ou altera\u00e7\u00e3o de imagens, espionagem cibern\u00e9tica, roubo de propriedade intelectual, etc.<\/em><\/h4>\n<p>[\/vc_column_text][vc_empty_space height=&#8221;30px&#8221;][vc_column_text css=&#8221;.vc_custom_1673883072061{padding-right: 20px !important;padding-left: 20px !important;}&#8221;]<\/p>\n<div class=\"wpb_text_column wpb_content_element vc_custom_1621965098817\">\n<div class=\"wpb_wrapper\">\n<h1><span style=\"color: #283171;\">O que s\u00e3o webtoons?<\/span><\/h1>\n<\/div>\n<\/div>\n<p>[\/vc_column_text][vc_empty_space height=&#8221;20px&#8221;][vc_column_text css=&#8221;.vc_custom_1673883083768{padding-right: 20px !important;padding-left: 20px !important;}&#8221;]<\/p>\n<h3>Webtoons s\u00e3o um tipo de banda desenhada online que nasceu na Coreia do Sul. Atrav\u00e9s do movimento de scroll numa leitura vertical de cima para baixo, as webtoons assumem um formato rectangular, especialmente concebido para ecr\u00e3s de smartphones.<\/h3>\n<p>[\/vc_column_text][\/vc_column][\/vc_row][vc_row content_width=&#8221;grid&#8221; css=&#8221;.vc_custom_1623768752756{padding-top: 50px !important;padding-bottom: 50px !important;background-color: #283171 !important;}&#8221;][vc_column][vc_empty_space height=&#8221;20px&#8221;][vc_column_text]<\/p>\n<h1><span style=\"color: #ffffff;\">KIT DE APOIO<br \/>\n<\/span><\/h1>\n<p>[\/vc_column_text][vc_empty_space height=&#8221;20px&#8221;][vc_column_text]<\/p>\n<h3><span style=\"color: #ffffff;\">Pode usar este guia como forma de o ajudar a falar sobre estes temas.<br \/>\n<\/span><\/h3>\n<p>[\/vc_column_text][vc_empty_space height=&#8221;20px&#8221;]<a href=\"https:\/\/cybervengers.club\/wp-content\/uploads\/2024\/03\/231107_CyberVengers_Kit_PO_1-6.pdf\" target=\"_blank\" style=\"color: #283171;background-color: #ffffff;font-size: 20px;font-weight: 700;margin: 0px 25px 20px 0px\" class=\"qodef-btn qodef-btn-small qodef-btn-default qodef-btn-custom-hover-bg qodef-btn-custom-border-hover qodef-btn-custom-hover-color\" data-hover-bg-color=\"#283171\" data-hover-color=\"#ffffff\" data-hover-border-color=\"#ffffff\" >\n        <span class=\"qodef-btn-text\">PDF<\/span>\n    <span class=\"qodef-btn-text-icon\"><\/span>\n<\/a>[vc_empty_space height=&#8221;20px&#8221;][\/vc_column][\/vc_row][vc_row content_width=&#8221;grid&#8221; css=&#8221;.vc_custom_1643986345840{padding-top: 50px !important;padding-bottom: 50px !important;background-color: #f3885c !important;}&#8221;][vc_column][vc_empty_space height=&#8221;20px&#8221;][vc_column_text css=&#8221;&#8221;]<\/p>\n<h1><span style=\"color: #ffffff;\">OS EPIS\u00d3DIOS EM VERS\u00c3O PARA DOWNLOAD<br \/>\n<\/span><\/h1>\n<p>[\/vc_column_text][vc_empty_space height=&#8221;20px&#8221;]<a href=\"https:\/\/cybervengers.club\/pt-pt\/bonus\/#imprimables\" target=\"_self\" style=\"color: #283171;background-color: #ffffff;font-size: 20px;font-weight: 700;margin: 0px 25px 20px 0px\" class=\"qodef-btn qodef-btn-small qodef-btn-default qodef-btn-custom-hover-bg qodef-btn-custom-border-hover qodef-btn-custom-hover-color\" data-hover-bg-color=\"#283171\" data-hover-color=\"#ffffff\" data-hover-border-color=\"#ffffff\" >\n        <span class=\"qodef-btn-text\">CLIQUE AQUI \ud83d\ude42<\/span>\n    <span class=\"qodef-btn-text-icon\"><\/span>\n<\/a>[vc_empty_space height=&#8221;20px&#8221;][\/vc_column][\/vc_row][vc_row content_width=&#8221;grid&#8221; css=&#8221;.vc_custom_1623768752757{padding-top: 50px !important;padding-bottom: 50px !important;background-color: #00B0F0 !important;}&#8221;][vc_column][vc_empty_space height=&#8221;20px&#8221;][vc_column_text]<\/p>\n<h1><span style=\"color: #ffffff;\">GOSTARIAS DE TE JUNTAR A N\u00d3S E CONTRIBUIR PARA A CRIA\u00c7\u00c3O OU DIFUS\u00c3O DOS EPIS\u00d3DIOS DOS CYBERVENGERS?<\/span><\/h1>\n<p>[\/vc_column_text][vc_empty_space height=&#8221;20px&#8221;]<a href=\"https:\/\/cybervengers.club\/pt-pt\/obrigado\/\" target=\"_blank\" style=\"color: #283171;background-color: #ffffff;font-size: 20px;font-weight: 700;margin: 0px 25px 20px 0px\" class=\"qodef-btn qodef-btn-small qodef-btn-default qodef-btn-custom-hover-bg qodef-btn-custom-border-hover qodef-btn-custom-hover-color\" data-hover-bg-color=\"#283171\" data-hover-color=\"#ffffff\" data-hover-border-color=\"#ffffff\" >\n        <span class=\"qodef-btn-text\">contacte-nos<\/span>\n    <span class=\"qodef-btn-text-icon\"><\/span>\n<\/a>[vc_empty_space height=&#8221;20px&#8221;][\/vc_column][\/vc_row]<\/p>\n<\/div>","protected":false},"excerpt":{"rendered":"<p>[vc_row content_width=&#8221;grid&#8221; content_aligment=&#8221;center&#8221; css=&#8221;.vc_custom_1651228030769{padding-top: 40px !important;}&#8221;][vc_column][vc_column_text] [\/vc_column_text][\/vc_column][\/vc_row][vc_row content_width=&#8221;grid&#8221; css=&#8221;.vc_custom_1623768468766{padding-top: 50px !important;padding-bottom: 50px !important;background-color: #ffffff !important;}&#8221;][vc_column width=&#8221;1\/2&#8243; css=&#8221;.vc_custom_1623768703116{background-color: #e0e0e0 !important;}&#8221;][vc_empty_space height=&#8221;20px&#8221;][vc_column_text css=&#8221;.vc_custom_1673882138680{padding-right:&#8230;<\/p>\n","protected":false},"author":1,"featured_media":0,"parent":0,"menu_order":0,"comment_status":"closed","ping_status":"closed","template":"full-width.php","meta":{"footnotes":""},"class_list":["post-8223","page","type-page","status-publish","hentry"],"_links":{"self":[{"href":"https:\/\/cybervengers.club\/pt-pt\/wp-json\/wp\/v2\/pages\/8223","targetHints":{"allow":["GET"]}}],"collection":[{"href":"https:\/\/cybervengers.club\/pt-pt\/wp-json\/wp\/v2\/pages"}],"about":[{"href":"https:\/\/cybervengers.club\/pt-pt\/wp-json\/wp\/v2\/types\/page"}],"author":[{"embeddable":true,"href":"https:\/\/cybervengers.club\/pt-pt\/wp-json\/wp\/v2\/users\/1"}],"replies":[{"embeddable":true,"href":"https:\/\/cybervengers.club\/pt-pt\/wp-json\/wp\/v2\/comments?post=8223"}],"version-history":[{"count":29,"href":"https:\/\/cybervengers.club\/pt-pt\/wp-json\/wp\/v2\/pages\/8223\/revisions"}],"predecessor-version":[{"id":17160,"href":"https:\/\/cybervengers.club\/pt-pt\/wp-json\/wp\/v2\/pages\/8223\/revisions\/17160"}],"wp:attachment":[{"href":"https:\/\/cybervengers.club\/pt-pt\/wp-json\/wp\/v2\/media?parent=8223"}],"curies":[{"name":"wp","href":"https:\/\/api.w.org\/{rel}","templated":true}]}}