{"id":8200,"date":"2021-05-06T14:15:15","date_gmt":"2021-05-06T12:15:15","guid":{"rendered":"https:\/\/cybervengers.club\/bonus\/"},"modified":"2025-12-05T10:18:02","modified_gmt":"2025-12-05T09:18:02","slug":"bonus","status":"publish","type":"page","link":"https:\/\/cybervengers.club\/pt-pt\/bonus\/","title":{"rendered":"B\u00d3NUS"},"content":{"rendered":"<div class=\"wpb-content-wrapper\"><p>[vc_row content_width=&#8221;grid&#8221; css=&#8221;.vc_custom_1632318505185{padding-top: 50px !important;padding-right: 50px !important;padding-bottom: 0px !important;padding-left: 50px !important;background-color: #ffffff !important;}&#8221;][vc_column width=&#8221;1\/3&#8243;][vc_single_image image=&#8221;8147&#8243; img_size=&#8221;full&#8221; alignment=&#8221;center&#8221; css_animation=&#8221;bounceIn&#8221;][vc_empty_space height=&#8221;20px&#8221;][\/vc_column][vc_column width=&#8221;2\/3&#8243;][vc_column_text]<\/p>\n<h2><span style=\"color: #f244f2;\"><strong>A\u0457a, a rebelde<\/strong><\/span><\/h2>\n<p>&nbsp;<\/p>\n<h3>Tem 15 anos e est\u00e1 sempre disposta a experimentar o que quer que seja, especialmente se isso significar contornar a autoridade e o que lhe \u00e9 permitido. Ela tem cabelo comprido, ultra preto, com uma madeixa vermelha.<\/h3>\n<p>&nbsp;<\/p>\n<h3>Ela usa uma camisola com capuz e tem sempre as m\u00e3os escondidas nos bolsos. Ela sorri com os olhos semicerrados. \u00c9 fugidia. Gosta de entrar sem uma chave e sair sem deixar rasto, quer seja uma divis\u00e3o, um edif\u00edcio, um computador ou um servidor.<\/h3>\n<p>[\/vc_column_text][\/vc_column][\/vc_row][vc_row content_width=&#8221;grid&#8221; css=&#8221;.vc_custom_1632318545307{padding-top: 50px !important;padding-right: 50px !important;padding-left: 50px !important;background-color: #ffffff !important;}&#8221;][vc_column width=&#8221;2\/3&#8243;][vc_column_text]<\/p>\n<h2><span style=\"color: #f244f2;\"><strong>Ben, o cauteloso<\/strong><\/span><\/h2>\n<p>&nbsp;<\/p>\n<div class=\"wpb_text_column wpb_content_element\">\n<div class=\"wpb_wrapper\">\n<h3>Ele tem 16 anos e \u00e9 ponderado, leva o seu tempo e pensa imenso. Ele \u00e9 o mais forte do gangue. Usa uma T-shirt clara, cal\u00e7as de ganga e t\u00e9nis.<\/h3>\n<p>&nbsp;<\/p>\n<h3>Quando pressiona uma tecla, ele f\u00e1-lo sem hesita\u00e7\u00e3o porque pensou bem nisso antes. No grupo \u00e9 um l\u00edder natural, algu\u00e9m que inspira confian\u00e7a e tranquiliza os outros.<\/h3>\n<\/div>\n<\/div>\n<p>[\/vc_column_text][vc_empty_space height=&#8221;20px&#8221;][\/vc_column][vc_column width=&#8221;1\/3&#8243;][vc_single_image image=&#8221;8148&#8243; img_size=&#8221;full&#8221; alignment=&#8221;center&#8221; css_animation=&#8221;bounceIn&#8221;][vc_empty_space height=&#8221;20px&#8221;][\/vc_column][\/vc_row][vc_row content_width=&#8221;grid&#8221; css=&#8221;.vc_custom_1632318552144{padding-top: 50px !important;padding-right: 50px !important;padding-bottom: 0px !important;padding-left: 50px !important;background-color: #ffffff !important;}&#8221;][vc_column width=&#8221;1\/3&#8243;][vc_single_image image=&#8221;8149&#8243; img_size=&#8221;full&#8221; alignment=&#8221;center&#8221; css_animation=&#8221;bounceIn&#8221;][vc_empty_space height=&#8221;20px&#8221;][\/vc_column][vc_column width=&#8221;2\/3&#8243;][vc_column_text]<\/p>\n<h2><span style=\"color: #f244f2;\"><strong>Clara, a otimista<\/strong><\/span><\/h2>\n<p>&nbsp;<\/p>\n<h3>Ela tem 15 anos e uma mentalidade positiva \u2013 para ela vale sempre a pena tentar. Est\u00e1 disposta a tudo, traz doces para partilhar no esconderijo do grupo e usa perfume com cheiro a cereja.<\/h3>\n<p>&nbsp;<\/p>\n<h3>Ela acha que n\u00e3o h\u00e1 nada que seja realmente s\u00e9rio, mesmo quando a equipa se apercebe no final de que \u00ab algumas coisas s\u00e3o realmente mesmo s\u00e9rias! \u00bb.<\/h3>\n<p>[\/vc_column_text][vc_empty_space height=&#8221;20px&#8221;][\/vc_column][\/vc_row][vc_row content_width=&#8221;grid&#8221; css=&#8221;.vc_custom_1632318563854{padding-top: 50px !important;padding-right: 50px !important;padding-bottom: 0px !important;padding-left: 50px !important;background-color: #ffffff !important;}&#8221;][vc_column width=&#8221;2\/3&#8243;][vc_column_text]<\/p>\n<h2><span style=\"color: #f244f2;\"><strong>Liam, o conformista<\/strong><\/span><\/h2>\n<p>&nbsp;<\/p>\n<h3>Ele tem 13 anos e \u00e9 o irm\u00e3o mais novo da A\u0457a. Na escola todos gozam com ele porque gosta de engraxar os seus sapatos e de usar uma gravata, mas ele usa-a debaixo da sua T-Shirt pois n\u00e3o quer que os outros a vejam.<\/h3>\n<p>&nbsp;<\/p>\n<h3>Ele \u00e9 o tipo de rapaz que l\u00ea os termos e condi\u00e7\u00f5es com os quais tens de concordar antes de te inscreveres num website. Ele \u00e9 o \u00fanico que o faz e sabe disso\u2026 Mas os outros concordam que ser\u00e1 \u00fatil um dia! Quando? N\u00e3o t\u00eam a certeza, mas um dia\u2026<\/h3>\n<p>[\/vc_column_text][vc_empty_space height=&#8221;20px&#8221;][\/vc_column][vc_column width=&#8221;1\/3&#8243;][vc_single_image image=&#8221;8150&#8243; img_size=&#8221;full&#8221; alignment=&#8221;center&#8221; css_animation=&#8221;bounceIn&#8221;][vc_empty_space height=&#8221;20px&#8221;][\/vc_column][\/vc_row][vc_row content_width=&#8221;grid&#8221; css=&#8221;.vc_custom_1632318620145{padding-top: 50px !important;padding-right: 50px !important;padding-bottom: 50px !important;padding-left: 50px !important;background-color: #ffffff !important;}&#8221;][vc_column width=&#8221;1\/3&#8243;][vc_single_image image=&#8221;8151&#8243; img_size=&#8221;full&#8221; alignment=&#8221;center&#8221; css_animation=&#8221;bounceIn&#8221;][vc_empty_space height=&#8221;20px&#8221;][\/vc_column][vc_column width=&#8221;2\/3&#8243;][vc_column_text]<\/p>\n<h2><span style=\"color: #f244f2;\"><strong>Sango, a preocupada<\/strong><\/span><\/h2>\n<p>&nbsp;<\/p>\n<h3>Ela tem 15 anos e desconfia de tudo e de todos. Ela \u00e9 o tipo de pessoa que muda a palavra-passe tr\u00eas vezes por dia e n\u00e3o guarda nada na cloud. A sua eterna quest\u00e3o \u00e9 \u00ab Quem est\u00e1 por detr\u00e1s? \u00bb. \u00c9 esguia, est\u00e1 sempre em movimento e tem sempre um truque debaixo da manga para sair de uma situa\u00e7\u00e3o complicada.<\/h3>\n<p>&nbsp;<\/p>\n<h3>Tamb\u00e9m diz regularmente\u00a0: \u00ab\u00a0Eu n\u00e3o gosto disto. N\u00e3o sei porqu\u00ea, mas eu n\u00e3o gosto disto\u2026\u00a0\u00bb e diz sempre \u00ab\u00a0Eu disse-vos\u00a0\u00bb a seguir. Mas \u00e9 ela a quem a equipa recorre quando n\u00e3o sabe o que fazer.<\/h3>\n<p>[\/vc_column_text][vc_empty_space height=&#8221;20px&#8221;][\/vc_column][\/vc_row][vc_row content_width=&#8221;grid&#8221; css=&#8221;.vc_custom_1643989097896{padding-top: 50px !important;padding-bottom: 50px !important;background-color: #f2885c !important;}&#8221; el_id=&#8221;imprimables&#8221;][vc_column][vc_empty_space height=&#8221;20px&#8221;][vc_column_text css=&#8221;&#8221;]<\/p>\n<h1><span style=\"color: #283171;\">OS EPIS\u00d3DIOS EM VERS\u00c3O PARA DOWNLOAD<\/span><\/h1>\n<p>[\/vc_column_text][vc_empty_space height=&#8221;20px&#8221;]<div class=\"qodef-elements-holder qodef-five-columns qodef-responsive-mode-768\" ><div class=\"qodef-elements-holder-item qodef-vertical-alignment-middle qodef-horizontal-alignment-left\" >\n\t<div class=\"qodef-elements-holder-item-inner\">\n\t\t<div class=\"qodef-elements-holder-item-content qodef-elements-holder-custom-283211\" >\n\t\t\t\t\t\t<a href=\"https:\/\/cybervengers.club\/wp-content\/uploads\/2024\/11\/EP1-PORTUGAIS.pdf\" target=\"_blank\" style=\"color: #ffffff;background-color: #283171;border-color: #ffffff;margin: 0px 20px 20px 0px\" class=\"qodef-btn qodef-btn-medium qodef-btn-default qodef-btn-custom-hover-bg qodef-btn-custom-hover-color\" data-hover-bg-color=\"#ffffff\" data-hover-color=\"#283171\" >\n        <span class=\"qodef-btn-text\">EPIS\u00d3DIO 1<\/span>\n    <span class=\"qodef-btn-text-icon\"><\/span>\n<\/a><a href=\"https:\/\/cybervengers.club\/wp-content\/uploads\/2024\/11\/EP2-PORTUGAIS.pdf\" target=\"_blank\" style=\"color: #ffffff;background-color: #283171;border-color: #ffffff;margin: 0px 20px 20px 0px\" class=\"qodef-btn qodef-btn-medium qodef-btn-default qodef-btn-custom-hover-bg qodef-btn-custom-hover-color\" data-hover-bg-color=\"#ffffff\" data-hover-color=\"#283171\" >\n        <span class=\"qodef-btn-text\">EPIS\u00d3DIO 2<\/span>\n    <span class=\"qodef-btn-text-icon\"><\/span>\n<\/a><a href=\"https:\/\/cybervengers.club\/wp-content\/uploads\/2024\/11\/EP3-PORTUGAIS.pdf\" target=\"_blank\" style=\"color: #ffffff;background-color: #283171;border-color: #ffffff;margin: 0px 20px 20px 0px\" class=\"qodef-btn qodef-btn-medium qodef-btn-default qodef-btn-custom-hover-bg qodef-btn-custom-hover-color\" data-hover-bg-color=\"#ffffff\" data-hover-color=\"#283171\" >\n        <span class=\"qodef-btn-text\">EPIS\u00d3DIO 3<\/span>\n    <span class=\"qodef-btn-text-icon\"><\/span>\n<\/a><a href=\"https:\/\/cybervengers.club\/wp-content\/uploads\/2024\/11\/EP4-PORTUGAIS.pdf\" target=\"_blank\" style=\"color: #ffffff;background-color: #283171;border-color: #ffffff;margin: 0px 20px 20px 0px\" class=\"qodef-btn qodef-btn-medium qodef-btn-default qodef-btn-custom-hover-bg qodef-btn-custom-hover-color\" data-hover-bg-color=\"#ffffff\" data-hover-color=\"#283171\" >\n        <span class=\"qodef-btn-text\">EPIS\u00d3DIO 4<\/span>\n    <span class=\"qodef-btn-text-icon\"><\/span>\n<\/a><a href=\"https:\/\/cybervengers.club\/wp-content\/uploads\/2024\/11\/EP5-PORTUGAIS.pdf\" target=\"_blank\" style=\"color: #ffffff;background-color: #283171;border-color: #ffffff;margin: 0px 20px 20px 0px\" class=\"qodef-btn qodef-btn-medium qodef-btn-default qodef-btn-custom-hover-bg qodef-btn-custom-hover-color\" data-hover-bg-color=\"#ffffff\" data-hover-color=\"#283171\" >\n        <span class=\"qodef-btn-text\">EPIS\u00d3DIO 5<\/span>\n    <span class=\"qodef-btn-text-icon\"><\/span>\n<\/a><a href=\"https:\/\/cybervengers.club\/wp-content\/uploads\/2024\/11\/EP6-PORTUGAIS.pdf\" target=\"_blank\" style=\"color: #ffffff;background-color: #283171;border-color: #ffffff;margin: 0px 20px 20px 0px\" class=\"qodef-btn qodef-btn-medium qodef-btn-default qodef-btn-custom-hover-bg qodef-btn-custom-hover-color\" data-hover-bg-color=\"#ffffff\" data-hover-color=\"#283171\" >\n        <span class=\"qodef-btn-text\">EPIS\u00d3DIO 6<\/span>\n    <span class=\"qodef-btn-text-icon\"><\/span>\n<\/a><a href=\"https:\/\/cybervengers.club\/wp-content\/uploads\/2025\/12\/7-POR.pdf\" target=\"_blank\" style=\"color: #ffffff;background-color: #283171;border-color: #ffffff;margin: 0px 20px 20px 0px\" class=\"qodef-btn qodef-btn-medium qodef-btn-default qodef-btn-custom-hover-bg qodef-btn-custom-hover-color\" data-hover-bg-color=\"#ffffff\" data-hover-color=\"#283171\" >\n        <span class=\"qodef-btn-text\">EPIS\u00d3DIO 7<\/span>\n    <span class=\"qodef-btn-text-icon\"><\/span>\n<\/a>\t\t<\/div>\n\t<\/div>\n<\/div><\/div>[vc_empty_space height=&#8221;20px&#8221;][\/vc_column][\/vc_row][vc_row content_width=&#8221;grid&#8221; css=&#8221;.vc_custom_1731574875872{background-color: #f2885c !important;}&#8221;][vc_column][vc_empty_space height=&#8221;20px&#8221;][vc_column_text]<\/p>\n<h1><span style=\"color: #283171;\">O POSTER OFICIAL DOS CYBERVENGERS<\/span><\/h1>\n<p>[\/vc_column_text][vc_empty_space height=&#8221;20px&#8221;][\/vc_column][\/vc_row][vc_row content_width=&#8221;grid&#8221; css=&#8221;.vc_custom_1633419530123{background-color: #f2885c !important;}&#8221;][vc_column width=&#8221;1\/4&#8243;][vc_single_image image=&#8221;8157&#8243; img_size=&#8221;full&#8221;][vc_empty_space height=&#8221;20px&#8221;][\/vc_column][vc_column width=&#8221;3\/4&#8243;][vc_column_text]<\/p>\n<h3><span style=\"color: #283171;\">Podes fazer parte do clube!<br \/>\nFaz download e imprime este poster e pendura-o no teu quarto, mostra-o aos teus pais, leva-o para a escola, d\u00e1 aos teus amigos\u2026<\/span><\/h3>\n<p>[\/vc_column_text][vc_empty_space height=&#8221;20px&#8221;]<a href=\"https:\/\/cybervengers.club\/wp-content\/uploads\/2023\/01\/poster-Cybervengers-PT.pdf\" target=\"_blank\" style=\"color: #ffffff;background-color: #283171;border-color: #ffffff;margin: 0px 0px 20px 0px\" class=\"qodef-btn qodef-btn-medium qodef-btn-default qodef-btn-custom-hover-bg qodef-btn-custom-hover-color\" data-hover-bg-color=\"#ffffff\" data-hover-color=\"#283171\" >\n        <span class=\"qodef-btn-text\">DESCARREGA AQUI<\/span>\n    <span class=\"qodef-btn-text-icon\"><\/span>\n<\/a>[\/vc_column][\/vc_row][vc_row content_width=&#8221;grid&#8221; css=&#8221;.vc_custom_1623776553524{padding-top: 50px !important;padding-bottom: 50px !important;background-color: #f2885c !important;}&#8221;][vc_column][vc_empty_space height=&#8221;20px&#8221;][vc_column_text]<\/p>\n<h1><span style=\"color: #283171;\">GIFs<\/span><\/h1>\n<p>[\/vc_column_text][vc_empty_space height=&#8221;20px&#8221;][vc_column_text]<\/p>\n<h3><span style=\"color: #283171;\">Partilha GIFs da tua cyber-equipa preferida!<\/span><\/h3>\n<p>[\/vc_column_text][vc_empty_space height=&#8221;20px&#8221;]<div class=\"qodef-elements-holder qodef-three-columns qodef-responsive-mode-768\" ><div class=\"qodef-elements-holder-item qodef-vertical-alignment-middle qodef-horizontal-alignment-left\" >\n\t<div class=\"qodef-elements-holder-item-inner\">\n\t\t<div class=\"qodef-elements-holder-item-content qodef-elements-holder-custom-910392\" >\n\t\t\t\t\t\t[vc_single_image image=&#8221;8159&#8243; img_size=&#8221;full&#8221; onclick=&#8221;img_link_large&#8221; img_link_target=&#8221;_blank&#8221; css_animation=&#8221;none&#8221; css=&#8221;.vc_custom_1669903172050{padding-bottom: 20px !important;}&#8221;]\t\t<\/div>\n\t<\/div>\n<\/div><div class=\"qodef-elements-holder-item qodef-vertical-alignment-middle qodef-horizontal-alignment-left\" >\n\t<div class=\"qodef-elements-holder-item-inner\">\n\t\t<div class=\"qodef-elements-holder-item-content qodef-elements-holder-custom-700635\" >\n\t\t\t\t\t\t[vc_single_image image=&#8221;8160&#8243; img_size=&#8221;full&#8221; onclick=&#8221;img_link_large&#8221; img_link_target=&#8221;_blank&#8221; css=&#8221;.vc_custom_1669903184614{padding-bottom: 20px !important;}&#8221;]\t\t<\/div>\n\t<\/div>\n<\/div><div class=\"qodef-elements-holder-item qodef-vertical-alignment-middle qodef-horizontal-alignment-left\" >\n\t<div class=\"qodef-elements-holder-item-inner\">\n\t\t<div class=\"qodef-elements-holder-item-content qodef-elements-holder-custom-717182\" >\n\t\t\t\t\t\t[vc_single_image image=&#8221;8161&#8243; img_size=&#8221;full&#8221; onclick=&#8221;img_link_large&#8221; img_link_target=&#8221;_blank&#8221; css=&#8221;.vc_custom_1669903200153{padding-bottom: 20px !important;}&#8221;]\t\t<\/div>\n\t<\/div>\n<\/div><\/div>[\/vc_column][\/vc_row]<\/p>\n<\/div>","protected":false},"excerpt":{"rendered":"<p>[vc_row content_width=&#8221;grid&#8221; css=&#8221;.vc_custom_1632318505185{padding-top: 50px !important;padding-right: 50px !important;padding-bottom: 0px !important;padding-left: 50px !important;background-color: #ffffff !important;}&#8221;][vc_column width=&#8221;1\/3&#8243;][vc_single_image image=&#8221;8147&#8243; img_size=&#8221;full&#8221; alignment=&#8221;center&#8221; css_animation=&#8221;bounceIn&#8221;][vc_empty_space height=&#8221;20px&#8221;][\/vc_column][vc_column width=&#8221;2\/3&#8243;][vc_column_text] A\u0457a,&#8230;<\/p>\n","protected":false},"author":1,"featured_media":0,"parent":0,"menu_order":0,"comment_status":"closed","ping_status":"closed","template":"full-width.php","meta":{"footnotes":""},"class_list":["post-8200","page","type-page","status-publish","hentry"],"_links":{"self":[{"href":"https:\/\/cybervengers.club\/pt-pt\/wp-json\/wp\/v2\/pages\/8200","targetHints":{"allow":["GET"]}}],"collection":[{"href":"https:\/\/cybervengers.club\/pt-pt\/wp-json\/wp\/v2\/pages"}],"about":[{"href":"https:\/\/cybervengers.club\/pt-pt\/wp-json\/wp\/v2\/types\/page"}],"author":[{"embeddable":true,"href":"https:\/\/cybervengers.club\/pt-pt\/wp-json\/wp\/v2\/users\/1"}],"replies":[{"embeddable":true,"href":"https:\/\/cybervengers.club\/pt-pt\/wp-json\/wp\/v2\/comments?post=8200"}],"version-history":[{"count":32,"href":"https:\/\/cybervengers.club\/pt-pt\/wp-json\/wp\/v2\/pages\/8200\/revisions"}],"predecessor-version":[{"id":20583,"href":"https:\/\/cybervengers.club\/pt-pt\/wp-json\/wp\/v2\/pages\/8200\/revisions\/20583"}],"wp:attachment":[{"href":"https:\/\/cybervengers.club\/pt-pt\/wp-json\/wp\/v2\/media?parent=8200"}],"curies":[{"name":"wp","href":"https:\/\/api.w.org\/{rel}","templated":true}]}}