{"id":11406,"date":"2023-01-03T20:18:18","date_gmt":"2023-01-03T19:18:18","guid":{"rendered":"https:\/\/cybervengers.club\/thanks\/"},"modified":"2026-03-09T11:02:41","modified_gmt":"2026-03-09T10:02:41","slug":"terima-kasih","status":"publish","type":"page","link":"https:\/\/cybervengers.club\/ms\/terima-kasih\/","title":{"rendered":"TERIMA KASIH"},"content":{"rendered":"<div class=\"wpb-content-wrapper\"><p>[vc_row][vc_column][vc_column_text]CyberVengers.club ialah platform pendidikan yang direka untuk meningkatkan kesedaranan di kalangan anak-anak berumur 11-14 tahun tentang risiko siber. Kerentanan mereka terhadap risiko ini dan keperluan untuk menjamin keselamatan mereka adalah isu sosial dan kebimbangan utama bagi AXA.<\/p>\n<p>&nbsp;<\/p>\n<p>Dibangunkan oleh AXA dan entitinya AXA Group Operations pada tahun 2021, platform CyberVengers.club bertujuan untuk menyokong dunia digital yang lebih selamat dan inklusif. Objektif ini selaras dengan misi AXA sebagai sebuah syarikat insurans yang komited terhadap kemajuan manusia dengan melindungi apa yang penting.<\/p>\n<p>&nbsp;<\/p>\n<h3 style=\"text-align: center;\"><span style=\"color: #283171;\"><strong>JIKA ANDA INGIN MENYERTAI KAMI DAN MENYUMBANG KEPADA<\/strong><\/span><\/h3>\n<h3 style=\"text-align: center;\"><span style=\"color: #283171;\"><strong>PENGHASILAN ATAU SIARAN EPISOD CYBERVENGERS, HUBUNGI KAMI<\/strong><\/span><\/h3>\n<p>&nbsp;<\/p>\n<p style=\"text-align: center;\"><a href=\"mailto:cybervengers@axa.com\" target=\"_blank\" style=\"color: #fff;background-color: #283171\" class=\"qodef-btn qodef-btn-medium qodef-btn-default qodef-btn-custom-hover-bg qodef-btn-custom-border-hover qodef-btn-custom-hover-color\" data-hover-bg-color=\"#fff\" data-hover-color=\"#283171\" data-hover-border-color=\"#283171\" >\n        <span class=\"qodef-btn-text\">HUBUNGI KAMI<\/span>\n    <span class=\"qodef-btn-text-icon\"><i class=\"qodef-icon-font-awesome fa  \" ><\/i><\/span>\n<\/a><\/p>\n<p>&nbsp;<\/p>\n<p>Cybervengers direka oleh mereka yang berdedikasi yang ingin menyokong kanak-kanak serta orang dewasa dalam dunia digital di mana mereka boleh berkembang maju.<\/p>\n<p>&nbsp;<\/p>\n<p><span style=\"color: #283171;\"><strong>TERIMA KASIH KEPADA SEMUA PENYUMBANG KAMI, PENAJA, duta dan pembaca di seluruh dunia!<\/strong><\/span><\/p>\n<p>&nbsp;<\/p>\n<p>Dan terutama sekali kepada:<\/p>\n<p>&nbsp;<\/p>\n<p><span style=\"color: #283171;\"><b>AXA Group Operations<\/b><\/span><\/p>\n<p>Julia LEPICIER: pengurus program dan pelancaran (2020-2022)<\/p>\n<p>Virginie BONNELL: penyeliaan program (from 2023)<\/p>\n<p>Sabrine BELKHIRIA: pengurus program<\/p>\n<p>J\u00e9r\u00f4me FRAVALO: Pengurus Komunikasi &amp; CSR<\/p>\n<p>Terima kasih kepada penaja dan pasukan projek kami: Arnaud, Violaine, Isabelle, J\u00e9r\u00f4me, Jon, Christophe, Julie<\/p>\n<p>Terima kasih kepada semua duta sukarela, pengulas dan pakar AXA: Sara, Roshanak, Laurane, Pierre, Gilles, Anne-Claire, Malgorzata, Thibaut, Rooksana, Mad\u00e9vi, Anne-Sophie, Laurane, Didier, Emiliano, Franck, Loani, Elisabeth, Matthieu, Etienne, Laura, Oliver, Li Lee, Tara, Suvarna, Francisco, Vanda, Joanna, Amrin, Rita&#8230;!<\/p>\n<p>&nbsp;<\/p>\n<p><span style=\"color: #283171;\"><b>Wording Conseil<\/b><\/span><\/p>\n<p>Christine NALIES : pengurusan agensi<\/p>\n<p>St\u00e9phane SIMONET: pengarah artistik, pembangunan web<\/p>\n<p>Terima kasih kepada penyumbang atau penguji peringkat beta: Chlo\u00e9, Marine, S\u00e9bastien, K\u00e9vin, Astrid, Catherine, Gillian, Alexandre, Pierre<\/p>\n<p>Terima kasih juga kepada Paul BEAUPERE, penulis belia kami, bengkel drawki dan mangaka Nadia TALEB, pencipta episod 5 dan seterusnya&#8230;<\/p>\n<p>&nbsp;<\/p>\n<p><b><span style=\"color: #283171;\">Les Intr\u00e9pides de la Tech<\/span> <\/b><\/p>\n<p>Lucie JAGU: pengurus program<\/p>\n<p>Marie GUERIN: pereka pendidikan dan ketua bengkel &#8216;Risiko siber untuk sekolah menengah&#8217;<\/p>\n<p>Terima kasih kepada semua guru yang menguji kandungan ini dengan pelajar mereka, semasa &#8216;Bengkel Keselamatan Siber dan <a href=\"https:\/\/www.intrepidesdelatech.org\/nos-actions\/\">Risiko Siber bersama CyberVengers.<\/a><\/p>\n<p>&nbsp;<\/p>\n<p><b><span style=\"color: #283171;\">Campus Cyber<\/span> <\/b><\/p>\n<p>Terima kasih kepada pakar Edouard (Capgemini), Walter (DeVinci), Stephane(Kementerian Pendidikan), Joel (Epita).<\/p>\n<p>Terima kasih kepada Delphine, pengurus komunikasi.<\/p>\n<p>Kami juga berterima kasih kepada pelajar kelas Amerika Saint-Germain-en-Laye kerena menginspirasikan episod 5<\/p>\n<h4><div class=\"qodef-separator-holder clearfix  qodef-separator-center qodef-separator-normal\">\n\t<div class=\"qodef-separator\" ><\/div>\n<\/div>\n<\/h4>\n<p>[\/vc_column_text][\/vc_column][\/vc_row]<\/p>\n<\/div>","protected":false},"excerpt":{"rendered":"<p>[vc_row][vc_column][vc_column_text]CyberVengers.club ialah platform pendidikan yang direka untuk meningkatkan kesedaranan di kalangan anak-anak berumur 11-14 tahun tentang risiko siber. Kerentanan mereka terhadap&#8230;<\/p>\n","protected":false},"author":7,"featured_media":0,"parent":0,"menu_order":0,"comment_status":"closed","ping_status":"closed","template":"","meta":{"footnotes":""},"class_list":["post-11406","page","type-page","status-publish","hentry"],"_links":{"self":[{"href":"https:\/\/cybervengers.club\/ms\/wp-json\/wp\/v2\/pages\/11406","targetHints":{"allow":["GET"]}}],"collection":[{"href":"https:\/\/cybervengers.club\/ms\/wp-json\/wp\/v2\/pages"}],"about":[{"href":"https:\/\/cybervengers.club\/ms\/wp-json\/wp\/v2\/types\/page"}],"author":[{"embeddable":true,"href":"https:\/\/cybervengers.club\/ms\/wp-json\/wp\/v2\/users\/7"}],"replies":[{"embeddable":true,"href":"https:\/\/cybervengers.club\/ms\/wp-json\/wp\/v2\/comments?post=11406"}],"version-history":[{"count":5,"href":"https:\/\/cybervengers.club\/ms\/wp-json\/wp\/v2\/pages\/11406\/revisions"}],"predecessor-version":[{"id":13963,"href":"https:\/\/cybervengers.club\/ms\/wp-json\/wp\/v2\/pages\/11406\/revisions\/13963"}],"wp:attachment":[{"href":"https:\/\/cybervengers.club\/ms\/wp-json\/wp\/v2\/media?parent=11406"}],"curies":[{"name":"wp","href":"https:\/\/api.w.org\/{rel}","templated":true}]}}