{"id":18726,"date":"2023-01-03T20:18:18","date_gmt":"2023-01-03T19:18:18","guid":{"rendered":"https:\/\/cybervengers.club\/remerciements\/"},"modified":"2026-03-09T11:14:09","modified_gmt":"2026-03-09T10:14:09","slug":"ringraziamenti","status":"publish","type":"page","link":"https:\/\/cybervengers.club\/it\/ringraziamenti\/","title":{"rendered":"RINGRAZIAMENTI"},"content":{"rendered":"<div class=\"wpb-content-wrapper\"><p>[vc_row][vc_column][vc_column_text css=&#8221;&#8221;]CyberVengers.club \u00e8 una piattaforma educativa concepita per sensibilizzare i giovani dagli 11 ai 14 anni ai rischi informatici. La loro vulnerabilit\u00e0 a questi rischi e la necessit\u00e0 di garantirne la sicurezza \u00e8 una sfida sociale e una delle principali preoccupazioni di AXA.<\/p>\n<p>Creata da AXA e dalla sua entit\u00e0 AXA Group Operations nel 2021, la piattaforma Cybervengers.club punta a mantenere un mondo digitale inclusivo e pi\u00f9 sicuro. Un obiettivo conforme alla missione di AXA che, in qualit\u00e0 di compagnia assicuratrice, agisce per il progresso umano proteggendo ci\u00f2 che conta.<\/p>\n<p>&nbsp;<\/p>\n<h3 style=\"text-align: center;\"><span style=\"color: #283171;\"><b>SE DESIDERATE UNIRVI A NOI E CONTRIBUIRE ALLA CREAZIONE <\/b><\/span><span style=\"color: #283171;\"><b>O ALLA DIFFUSIONE DEGLI EPISODI DEI CYBERVENGERS, CONTATTATECI<\/b><\/span><\/h3>\n<p>&nbsp;<\/p>\n<p style=\"text-align: center;\"><a href=\"mailto:cybervengers@axa.com\" target=\"_blank\" style=\"color: #fff;background-color: #283171\" class=\"qodef-btn qodef-btn-medium qodef-btn-default qodef-btn-custom-hover-bg qodef-btn-custom-border-hover qodef-btn-custom-hover-color\" data-hover-bg-color=\"#fff\" data-hover-color=\"#283171\" data-hover-border-color=\"#283171\" >\n        <span class=\"qodef-btn-text\">CONTATTATECI<\/span>\n    <span class=\"qodef-btn-text-icon\"><i class=\"qodef-icon-font-awesome fa  \" ><\/i><\/span>\n<\/a><\/p>\n<p>&nbsp;<\/p>\n<p>I Cybervengers sono stati creati da persone impegnate, desiderose di accompagnare i bambini e i pi\u00f9 grandi in un mondo digitale nel quale possano crescere.<\/p>\n<p>&nbsp;<\/p>\n<p><span style=\"color: #283171;\"><b>UN ENORME GRAZIE A TUTTI COLORO CHE HANNO DATO UN CONTRIBUTO, AGLI SPONSOR, agli ambasciatori e ai lettori di tutto il mondo!<\/b><\/span><\/p>\n<p>&nbsp;<\/p>\n<p>E in particolare a:<\/p>\n<p>&nbsp;<\/p>\n<p><span style=\"color: #283171;\"><b>AXA Group Operations<\/b><\/span><\/p>\n<p>Julia LEPICIER: lancio e responsabile del programma (2020-2022)<\/p>\n<p>Virginie BONNELL: supervisione del programma (a partire dal 2023)<\/p>\n<p>Sabrine BELKHIRIA: gestione del progetto<\/p>\n<p>J\u00e9r\u00f4me FRAVALO: direzione Communication &amp; RSE<\/p>\n<p>Grazie ai nostri sponsor e al team Progetto: Arnaud, Violaine, Isabelle, J\u00e9r\u00f4me, Jon, Christophe, Julie<\/p>\n<p>Grazie a tutti gli ambasciatori, rilettori ed esperti AXA a titolo gratuito: Sara, Roshanak, Laurane, Pierre, Gilles, Anne-Claire, Malgorzata, Thibaut, Rooksana, Mad\u00e9vi, Anne-Sophie, Laurane, Didier, Emiliano, Franck, Loani (lista ambasciatori da completare: x26), Elisabeth, Matthieu, Etienne, Laura, Oliver, Li Lee, Tara, Suvarna, Francisco, Vanda, Joanna, Amrin, Rita\u2026!<\/p>\n<p>&nbsp;<\/p>\n<p><span style=\"color: #283171;\"><b>Wording Conseil<\/b><\/span><\/p>\n<p>Christine NALIES: direzione dell&#8217;agenzia<\/p>\n<p>St\u00e9phane SIMONET: direzione artistica, sviluppo web<\/p>\n<p>Grazie a tutti coloro che hanno contribuito o beta-tester: Chlo\u00e9, Marine, S\u00e9bastien, K\u00e9vin, Astrid, Catherine, Gillian, Alexandre, Pierre<\/p>\n<p>Grazie anche a Paul BEAUPERE, al nostro scrittore Giovent\u00f9, allo studio drawaki e alla mangaka Nadia TALEB, creatrice dell\u2019episodio 5 e dei prossimi&#8230;<\/p>\n<p>&nbsp;<\/p>\n<p><b><span style=\"color: #283171;\">Les Intr\u00e9pides de la Tech<\/span> <\/b><\/p>\n<p style=\"font-weight: 400;\">Lucie JAGU: responsabile del programma<\/p>\n<p style=\"font-weight: 400;\">Marie GUERIN: disegnatrice pedagogica e animatrice del laboratorio \u00abCyber-rischi per le scuole\u00bb<\/p>\n<p style=\"font-weight: 400;\">Grazie a tutti i professori che hanno testato i messaggi con i loro studenti, durante il laboratorio <a href=\"https:\/\/cybervengers.club\/it\/note-legali\/\">Sicurezza informatica e rischi informatici con i CyberVengers<\/a><\/p>\n<p>&nbsp;<\/p>\n<p><b><span style=\"color: #283171;\">Campus Cyber<\/span> <\/b><\/p>\n<p style=\"font-weight: 400;\">Grazie agli esperti Edouard (Capgemini), Walter\u00a0 (DeVinci), St\u00e9phane (Ministero dell\u2019educazione nazionale), Jo\u00ebl (Epita)<\/p>\n<p style=\"font-weight: 400;\">Grazie a Delphine, responsabile della comunicazione<\/p>\n<p style=\"font-weight: 400;\">Ringraziamo anche gli studenti della classe americana di Saint-Germain-en-Laye per avere ispirato l&#8217;episodio 5.<\/p>\n<h4><div class=\"qodef-separator-holder clearfix  qodef-separator-center qodef-separator-normal\">\n\t<div class=\"qodef-separator\" ><\/div>\n<\/div>\n<\/h4>\n<p>[\/vc_column_text][\/vc_column][\/vc_row]<\/p>\n<\/div>","protected":false},"excerpt":{"rendered":"<p>[vc_row][vc_column][vc_column_text css=&#8221;&#8221;]CyberVengers.club \u00e8 una piattaforma educativa concepita per sensibilizzare i giovani dagli 11 ai 14 anni ai rischi informatici. La loro&#8230;<\/p>\n","protected":false},"author":7,"featured_media":0,"parent":0,"menu_order":0,"comment_status":"closed","ping_status":"closed","template":"","meta":{"footnotes":""},"class_list":["post-18726","page","type-page","status-publish","hentry"],"_links":{"self":[{"href":"https:\/\/cybervengers.club\/it\/wp-json\/wp\/v2\/pages\/18726","targetHints":{"allow":["GET"]}}],"collection":[{"href":"https:\/\/cybervengers.club\/it\/wp-json\/wp\/v2\/pages"}],"about":[{"href":"https:\/\/cybervengers.club\/it\/wp-json\/wp\/v2\/types\/page"}],"author":[{"embeddable":true,"href":"https:\/\/cybervengers.club\/it\/wp-json\/wp\/v2\/users\/7"}],"replies":[{"embeddable":true,"href":"https:\/\/cybervengers.club\/it\/wp-json\/wp\/v2\/comments?post=18726"}],"version-history":[{"count":2,"href":"https:\/\/cybervengers.club\/it\/wp-json\/wp\/v2\/pages\/18726\/revisions"}],"predecessor-version":[{"id":21164,"href":"https:\/\/cybervengers.club\/it\/wp-json\/wp\/v2\/pages\/18726\/revisions\/21164"}],"wp:attachment":[{"href":"https:\/\/cybervengers.club\/it\/wp-json\/wp\/v2\/media?parent=18726"}],"curies":[{"name":"wp","href":"https:\/\/api.w.org\/{rel}","templated":true}]}}