{"id":18163,"date":"2021-05-06T14:15:15","date_gmt":"2021-05-06T12:15:15","guid":{"rendered":"https:\/\/cybervengers.club\/cybervengers-gang-fr\/"},"modified":"2026-03-09T10:56:30","modified_gmt":"2026-03-09T09:56:30","slug":"club-e-bonus","status":"publish","type":"page","link":"https:\/\/cybervengers.club\/it\/club-e-bonus\/","title":{"rendered":"CLUB E BONUS"},"content":{"rendered":"<div class=\"wpb-content-wrapper\"><p>[vc_row content_width=&#8221;grid&#8221; css=&#8221;.vc_custom_1632318505185{padding-top: 50px !important;padding-right: 50px !important;padding-bottom: 0px !important;padding-left: 50px !important;background-color: #ffffff !important;}&#8221;][vc_column width=&#8221;1\/3&#8243;][vc_single_image image=&#8221;18164&#8243; img_size=&#8221;full&#8221; alignment=&#8221;center&#8221; css_animation=&#8221;bounceIn&#8221;][vc_empty_space height=&#8221;20px&#8221;][\/vc_column][vc_column width=&#8221;2\/3&#8243;][vc_column_text css=&#8221;&#8221;]<\/p>\n<h2><span style=\"color: #f244f2;\"><strong>A\u00efa, la ribelle<\/strong><\/span><\/h2>\n<p>&nbsp;<\/p>\n<h3>15 anni, sempre pronta a provare, ad aggirare gli autoritarismi e i permessi. Capelli lunghi, nero corvino, solo una lunga m\u00e8che rossa divide in due questa massa scura e ondulata.<\/h3>\n<p>&nbsp;<\/p>\n<h3>Felpa con cappuccio, mano nella tasca davanti, sorriso sbilenco, occhi socchiusi, testa inclinata. Sfuggente, ama entrare senza chiave, uscire senza lasciare traccia, in un locale, un immobile, un computer o un server.<\/h3>\n<p>[\/vc_column_text][\/vc_column][\/vc_row][vc_row content_width=&#8221;grid&#8221; css=&#8221;.vc_custom_1632318545307{padding-top: 50px !important;padding-right: 50px !important;padding-left: 50px !important;background-color: #ffffff !important;}&#8221;][vc_column width=&#8221;2\/3&#8243;][vc_column_text css=&#8221;&#8221;]<\/p>\n<h2><span style=\"color: #f244f2;\"><strong>Ben, il prudente<\/strong><\/span><\/h2>\n<p>&nbsp;<\/p>\n<h3>16 anni, pensieroso, lento e riflessivo. Il forte della banda. La testa, le gambe e la riflessione prima di tutto. T-shirt chiara, jeans, scarpe da basket, \u00e8 solido.<\/h3>\n<p>&nbsp;<\/p>\n<h3><\/h3>\n<h3>Quando preme un tasto lo fa senza esitazione, perch\u00e9 prima ha riflettuto bene. Nel gruppo \u00e8 quello che si segue, quello che ispira fiducia, quello che rassicura.<\/h3>\n<p>[\/vc_column_text][vc_empty_space height=&#8221;20px&#8221;][\/vc_column][vc_column width=&#8221;1\/3&#8243;][vc_single_image image=&#8221;6560&#8243; img_size=&#8221;full&#8221; alignment=&#8221;center&#8221; css_animation=&#8221;bounceIn&#8221;][vc_empty_space height=&#8221;20px&#8221;][\/vc_column][\/vc_row][vc_row content_width=&#8221;grid&#8221; css=&#8221;.vc_custom_1632318552144{padding-top: 50px !important;padding-right: 50px !important;padding-bottom: 0px !important;padding-left: 50px !important;background-color: #ffffff !important;}&#8221;][vc_column width=&#8221;1\/3&#8243;][vc_single_image image=&#8221;6562&#8243; img_size=&#8221;full&#8221; alignment=&#8221;center&#8221; css_animation=&#8221;bounceIn&#8221;][vc_empty_space height=&#8221;20px&#8221;][\/vc_column][vc_column width=&#8221;2\/3&#8243;][vc_column_text css=&#8221;&#8221;]<\/p>\n<h2><span style=\"color: #f244f2;\"><strong>Clara, l\u2019ottimista<\/strong><\/span><\/h2>\n<p>&nbsp;<\/p>\n<h3>15 anni, ripete incessantemente: \u00abVale la pena provare, se si trova sar\u00e0 fantastico\u2009\u00bb. Sempre pronta, porta delle caramelle nel nascondiglio e ha un profumo di ciliegia.<\/h3>\n<h3><\/h3>\n<p>&nbsp;<\/p>\n<h3>Pensa che nulla sia grave, anche quando alla fine ci si rende conto che comunque \u00abCi sono delle cose che sono molto gravi!\u2009\u00bb.<\/h3>\n<p>[\/vc_column_text][vc_empty_space height=&#8221;20px&#8221;][\/vc_column][\/vc_row][vc_row content_width=&#8221;grid&#8221; css=&#8221;.vc_custom_1632318563854{padding-top: 50px !important;padding-right: 50px !important;padding-bottom: 0px !important;padding-left: 50px !important;background-color: #ffffff !important;}&#8221;][vc_column width=&#8221;2\/3&#8243;][vc_column_text css=&#8221;&#8221;]<\/p>\n<h2><span style=\"color: #f244f2;\"><strong>Liam, il conformista<\/strong><\/span><\/h2>\n<p>&nbsp;<\/p>\n<h3>13 anni, \u00e8 il fratello minore di A\u00efa. A scuola tutti lo prendono in giro perch\u00e9 ama lucidarsi le scarpe e indossare una cravatta, ma sotto la t-shirt in modo che non sia troppo visibile. Gli altri non devono notarla troppo!<\/h3>\n<h3><\/h3>\n<p>&nbsp;<\/p>\n<h3>\u00c8 quello che legge interamente le condizioni d\u2019accettare prima d\u2019iscriversi su un sito, \u00e8 il solo, e lo sa&#8230; Ma gli altri sono d\u2019accordo: un giorno sar\u00e0 utile! Quando? Non sanno bene, ma un giorno&#8230;<\/h3>\n<p>[\/vc_column_text][vc_empty_space height=&#8221;20px&#8221;][\/vc_column][vc_column width=&#8221;1\/3&#8243;][vc_single_image image=&#8221;6564&#8243; img_size=&#8221;full&#8221; alignment=&#8221;center&#8221; css_animation=&#8221;bounceIn&#8221;][vc_empty_space height=&#8221;20px&#8221;][\/vc_column][\/vc_row][vc_row content_width=&#8221;grid&#8221; css=&#8221;.vc_custom_1632318620145{padding-top: 50px !important;padding-right: 50px !important;padding-bottom: 50px !important;padding-left: 50px !important;background-color: #ffffff !important;}&#8221;][vc_column width=&#8221;1\/3&#8243;][vc_single_image image=&#8221;6566&#8243; img_size=&#8221;full&#8221; alignment=&#8221;center&#8221; css_animation=&#8221;bounceIn&#8221;][vc_empty_space height=&#8221;20px&#8221;][\/vc_column][vc_column width=&#8221;2\/3&#8243;][vc_column_text css=&#8221;&#8221;]<\/p>\n<h2><span style=\"color: #f244f2;\"><strong>Sango, l\u2019inquieta<\/strong><\/span><\/h2>\n<p>&nbsp;<\/p>\n<h3>15 anni, sospetta di tutto e di tutti. Fa parte di quelli che cambiano la password tre volte al giorno e che non lasciano nulla online. La sua domanda \u00e8 sempre: \u00abChi sta dietro a tutto questo? \u00bb. Esile, sempre in movimento, in salopette, ha sempre il \u00abtrucco\u00bb necessario per uscire da una soluzione complicata.<\/h3>\n<h3><\/h3>\n<p>&nbsp;<\/p>\n<h3>\u00c8 anche quella che dice sempre \u00abNon lo sento, non so perch\u00e9, ma non lo sento&#8230;\u00bb e che dice sempre \u00abVe lo avevo detto\u00bb. Non impedisce che sia sempre a lei che ci si rivolga quando non si sa pi\u00f9 dove guardare.<\/h3>\n<p>[\/vc_column_text][vc_empty_space height=&#8221;20px&#8221;][\/vc_column][\/vc_row][vc_row content_width=&#8221;grid&#8221; css=&#8221;.vc_custom_1731578061070{padding-top: 50px !important;padding-bottom: 50px !important;background-color: #f2885c !important;}&#8221; el_id=&#8221;imprimables&#8221;][vc_column][vc_empty_space height=&#8221;20px&#8221;][vc_column_text css=&#8221;&#8221;]<\/p>\n<h1><span style=\"color: #283171;\">GLI EPISODI IN VERSIONE SCARICABILE<\/span><\/h1>\n<p>[\/vc_column_text][vc_empty_space height=&#8221;20px&#8221;]<div class=\"qodef-elements-holder qodef-five-columns qodef-responsive-mode-768\" ><div class=\"qodef-elements-holder-item qodef-vertical-alignment-middle qodef-horizontal-alignment-left\" >\n\t<div class=\"qodef-elements-holder-item-inner\">\n\t\t<div class=\"qodef-elements-holder-item-content qodef-elements-holder-custom-412058\" >\n\t\t\t\t\t\t<a href=\"https:\/\/cybervengers.club\/wp-content\/uploads\/2025\/07\/EPISODE-01-1.pdf\" target=\"_blank\" style=\"color: #ffffff;background-color: #283171;border-color: #ffffff;margin: 0px 20px 20px 0px\" class=\"qodef-btn qodef-btn-medium qodef-btn-default qodef-btn-custom-hover-bg qodef-btn-custom-hover-color\" data-hover-bg-color=\"#ffffff\" data-hover-color=\"#283171\" >\n        <span class=\"qodef-btn-text\">EPISODIO 1<\/span>\n    <span class=\"qodef-btn-text-icon\"><\/span>\n<\/a><a href=\"https:\/\/cybervengers.club\/wp-content\/uploads\/2025\/07\/EPISODE-02-1.pdf\" target=\"_blank\" style=\"color: #ffffff;background-color: #283171;border-color: #ffffff;margin: 0px 20px 20px 0px\" class=\"qodef-btn qodef-btn-medium qodef-btn-default qodef-btn-custom-hover-bg qodef-btn-custom-hover-color\" data-hover-bg-color=\"#ffffff\" data-hover-color=\"#283171\" >\n        <span class=\"qodef-btn-text\">EPISODIO 2<\/span>\n    <span class=\"qodef-btn-text-icon\"><\/span>\n<\/a><a href=\"https:\/\/cybervengers.club\/wp-content\/uploads\/2025\/07\/EPISODE-03-1.pdf\" target=\"_blank\" style=\"color: #ffffff;background-color: #283171;border-color: #ffffff;margin: 0px 20px 20px 0px\" class=\"qodef-btn qodef-btn-medium qodef-btn-default qodef-btn-custom-hover-bg qodef-btn-custom-hover-color\" data-hover-bg-color=\"#ffffff\" data-hover-color=\"#283171\" >\n        <span class=\"qodef-btn-text\">EPISODIO 3<\/span>\n    <span class=\"qodef-btn-text-icon\"><\/span>\n<\/a><a href=\"https:\/\/cybervengers.club\/wp-content\/uploads\/2025\/07\/EPISODE-04-1.pdf\" target=\"_blank\" style=\"color: #ffffff;background-color: #283171;border-color: #ffffff;margin: 0px 20px 20px 0px\" class=\"qodef-btn qodef-btn-medium qodef-btn-default qodef-btn-custom-hover-bg qodef-btn-custom-hover-color\" data-hover-bg-color=\"#ffffff\" data-hover-color=\"#283171\" >\n        <span class=\"qodef-btn-text\">EPISODIO 4<\/span>\n    <span class=\"qodef-btn-text-icon\"><\/span>\n<\/a><a href=\"https:\/\/cybervengers.club\/wp-content\/uploads\/2025\/07\/EPISODE-05-1.pdf\" target=\"_blank\" style=\"color: #ffffff;background-color: #283171;border-color: #ffffff;margin: 0px 20px 20px 0px\" class=\"qodef-btn qodef-btn-medium qodef-btn-default qodef-btn-custom-hover-bg qodef-btn-custom-hover-color\" data-hover-bg-color=\"#ffffff\" data-hover-color=\"#283171\" >\n        <span class=\"qodef-btn-text\">EPISODIO 5<\/span>\n    <span class=\"qodef-btn-text-icon\"><\/span>\n<\/a><a href=\"https:\/\/cybervengers.club\/wp-content\/uploads\/2025\/07\/EPISODE-06-1.pdf\" target=\"_blank\" style=\"color: #ffffff;background-color: #283171;border-color: #ffffff;margin: 0px 20px 20px 0px\" class=\"qodef-btn qodef-btn-medium qodef-btn-default qodef-btn-custom-hover-bg qodef-btn-custom-hover-color\" data-hover-bg-color=\"#ffffff\" data-hover-color=\"#283171\" >\n        <span class=\"qodef-btn-text\">EPISODIO 6<\/span>\n    <span class=\"qodef-btn-text-icon\"><\/span>\n<\/a><a href=\"https:\/\/cybervengers.club\/wp-content\/uploads\/2025\/12\/7-ITAL.pdf\" target=\"_blank\" style=\"color: #ffffff;background-color: #283171;border-color: #ffffff;margin: 0px 20px 20px 0px\" class=\"qodef-btn qodef-btn-medium qodef-btn-default qodef-btn-custom-hover-bg qodef-btn-custom-hover-color\" data-hover-bg-color=\"#ffffff\" data-hover-color=\"#283171\" >\n        <span class=\"qodef-btn-text\">EPISODIO 7<\/span>\n    <span class=\"qodef-btn-text-icon\"><\/span>\n<\/a>\t\t<\/div>\n\t<\/div>\n<\/div><\/div>[vc_empty_space height=&#8221;20px&#8221;][\/vc_column][\/vc_row][vc_row content_width=&#8221;grid&#8221; css=&#8221;.vc_custom_1731578092121{background-color: #f2885c !important;}&#8221;][vc_column][vc_empty_space height=&#8221;20px&#8221;][vc_column_text css=&#8221;&#8221;]<\/p>\n<h1><span style=\"color: #283171;\">IL POSTER UFFICIALE<br \/>\n<\/span><\/h1>\n<p>[\/vc_column_text][vc_empty_space height=&#8221;20px&#8221;][\/vc_column][\/vc_row][vc_row content_width=&#8221;grid&#8221; css=&#8221;.vc_custom_1633419530123{background-color: #f2885c !important;}&#8221;][vc_column width=&#8221;1\/4&#8243;][vc_single_image image=&#8221;6644&#8243; img_size=&#8221;full&#8221;][vc_empty_space height=&#8221;20px&#8221;][\/vc_column][vc_column width=&#8221;3\/4&#8243;][vc_column_text css=&#8221;&#8221;]<\/p>\n<h3><span style=\"color: #283171;\">Puoi far parte del club dei CyberVengers!<\/span><\/h3>\n<h3><span style=\"color: #283171;\">Scarica e stampa questo poster. Puoi appenderlo in camera, mostrarlo ai tuoi genitori, portarlo a scuola, offrirlo ai tuoi amici&#8230;<\/span><\/h3>\n<p>[\/vc_column_text][vc_empty_space height=&#8221;20px&#8221;]<a href=\"https:\/\/cybervengers.club\/wp-content\/uploads\/2024\/08\/poster-Cybervengers-IT.pdf\" target=\"_blank\" style=\"color: #ffffff;background-color: #283171;border-color: #ffffff;margin: 0px 0px 20px 0px\" class=\"qodef-btn qodef-btn-medium qodef-btn-default qodef-btn-custom-hover-bg qodef-btn-custom-hover-color\" data-hover-bg-color=\"#ffffff\" data-hover-color=\"#283171\" >\n        <span class=\"qodef-btn-text\">SCARICARE IL POSTER<\/span>\n    <span class=\"qodef-btn-text-icon\"><\/span>\n<\/a>[\/vc_column][\/vc_row][vc_row content_width=&#8221;grid&#8221; css=&#8221;.vc_custom_1623776553524{padding-top: 50px !important;padding-bottom: 50px !important;background-color: #f2885c !important;}&#8221;][vc_column][vc_empty_space height=&#8221;20px&#8221;][vc_column_text]<\/p>\n<h1><span style=\"color: #283171;\">GIFs<\/span><\/h1>\n<p>[\/vc_column_text][vc_empty_space height=&#8221;20px&#8221;][vc_column_text css=&#8221;&#8221;]<\/p>\n<h3><span style=\"color: #283171;\">Condividi i GIFs della tua cyber-banda preferita!<\/span><\/h3>\n<p>[\/vc_column_text][vc_empty_space height=&#8221;20px&#8221;]<div class=\"qodef-elements-holder qodef-three-columns qodef-responsive-mode-768\" ><div class=\"qodef-elements-holder-item qodef-vertical-alignment-middle qodef-horizontal-alignment-left\" >\n\t<div class=\"qodef-elements-holder-item-inner\">\n\t\t<div class=\"qodef-elements-holder-item-content qodef-elements-holder-custom-850446\" >\n\t\t\t\t\t\t[vc_single_image image=&#8221;6631&#8243; img_size=&#8221;full&#8221; onclick=&#8221;img_link_large&#8221; img_link_target=&#8221;_blank&#8221; css_animation=&#8221;none&#8221; css=&#8221;.vc_custom_1633418062374{padding-bottom: 20px !important;}&#8221;]\t\t<\/div>\n\t<\/div>\n<\/div><div class=\"qodef-elements-holder-item qodef-vertical-alignment-middle qodef-horizontal-alignment-left\" >\n\t<div class=\"qodef-elements-holder-item-inner\">\n\t\t<div class=\"qodef-elements-holder-item-content qodef-elements-holder-custom-568167\" >\n\t\t\t\t\t\t[vc_single_image image=&#8221;6632&#8243; img_size=&#8221;full&#8221; onclick=&#8221;img_link_large&#8221; img_link_target=&#8221;_blank&#8221; css=&#8221;.vc_custom_1633418689963{padding-bottom: 20px !important;}&#8221;]\t\t<\/div>\n\t<\/div>\n<\/div><div class=\"qodef-elements-holder-item qodef-vertical-alignment-middle qodef-horizontal-alignment-left\" >\n\t<div class=\"qodef-elements-holder-item-inner\">\n\t\t<div class=\"qodef-elements-holder-item-content qodef-elements-holder-custom-839582\" >\n\t\t\t\t\t\t[vc_single_image image=&#8221;6902&#8243; img_size=&#8221;full&#8221; onclick=&#8221;img_link_large&#8221; img_link_target=&#8221;_blank&#8221; css=&#8221;.vc_custom_1643407042030{padding-bottom: 20px !important;}&#8221;]\t\t<\/div>\n\t<\/div>\n<\/div><\/div>[\/vc_column][\/vc_row]<\/p>\n<\/div>","protected":false},"excerpt":{"rendered":"<p>[vc_row content_width=&#8221;grid&#8221; css=&#8221;.vc_custom_1632318505185{padding-top: 50px !important;padding-right: 50px !important;padding-bottom: 0px !important;padding-left: 50px !important;background-color: #ffffff !important;}&#8221;][vc_column width=&#8221;1\/3&#8243;][vc_single_image image=&#8221;18164&#8243; img_size=&#8221;full&#8221; alignment=&#8221;center&#8221; css_animation=&#8221;bounceIn&#8221;][vc_empty_space height=&#8221;20px&#8221;][\/vc_column][vc_column width=&#8221;2\/3&#8243;][vc_column_text css=&#8221;&#8221;]&#8230;<\/p>\n","protected":false},"author":1,"featured_media":0,"parent":0,"menu_order":0,"comment_status":"closed","ping_status":"closed","template":"full-width.php","meta":{"footnotes":""},"class_list":["post-18163","page","type-page","status-publish","hentry"],"_links":{"self":[{"href":"https:\/\/cybervengers.club\/it\/wp-json\/wp\/v2\/pages\/18163","targetHints":{"allow":["GET"]}}],"collection":[{"href":"https:\/\/cybervengers.club\/it\/wp-json\/wp\/v2\/pages"}],"about":[{"href":"https:\/\/cybervengers.club\/it\/wp-json\/wp\/v2\/types\/page"}],"author":[{"embeddable":true,"href":"https:\/\/cybervengers.club\/it\/wp-json\/wp\/v2\/users\/1"}],"replies":[{"embeddable":true,"href":"https:\/\/cybervengers.club\/it\/wp-json\/wp\/v2\/comments?post=18163"}],"version-history":[{"count":2,"href":"https:\/\/cybervengers.club\/it\/wp-json\/wp\/v2\/pages\/18163\/revisions"}],"predecessor-version":[{"id":20620,"href":"https:\/\/cybervengers.club\/it\/wp-json\/wp\/v2\/pages\/18163\/revisions\/20620"}],"wp:attachment":[{"href":"https:\/\/cybervengers.club\/it\/wp-json\/wp\/v2\/media?parent=18163"}],"curies":[{"name":"wp","href":"https:\/\/api.w.org\/{rel}","templated":true}]}}