{"id":9871,"date":"2021-05-25T19:34:34","date_gmt":"2021-05-25T17:34:34","guid":{"rendered":"https:\/\/cybervengers.club\/together\/"},"modified":"2026-03-09T11:05:22","modified_gmt":"2026-03-09T10:05:22","slug":"juntos","status":"publish","type":"page","link":"https:\/\/cybervengers.club\/es\/juntos\/","title":{"rendered":"JUNTOS"},"content":{"rendered":"<div class=\"wpb-content-wrapper\"><p>[vc_row content_width=\u00bbgrid\u00bb content_aligment=\u00bbcenter\u00bb css=\u00bb.vc_custom_1651228030769{padding-top: 40px !important;}\u00bb][vc_column][vc_column_text]<\/p>\n<div style=\"width: 1100px;\" class=\"wp-video\"><video class=\"wp-video-shortcode\" id=\"video-9871-1\" width=\"1100\" height=\"619\" preload=\"metadata\" controls=\"controls\"><source type=\"video\/mp4\" src=\"https:\/\/cybervengers.club\/wp-content\/uploads\/2023\/03\/Complet-adresse-web-ES.mp4?_=1\" \/><a href=\"https:\/\/cybervengers.club\/wp-content\/uploads\/2023\/03\/Complet-adresse-web-ES.mp4\">https:\/\/cybervengers.club\/wp-content\/uploads\/2023\/03\/Complet-adresse-web-ES.mp4<\/a><\/video><\/div>\n<p>[\/vc_column_text][\/vc_column][\/vc_row][vc_row content_width=\u00bbgrid\u00bb css=\u00bb.vc_custom_1623768468766{padding-top: 50px !important;padding-bottom: 50px !important;background-color: #ffffff !important;}\u00bb][vc_column width=\u00bb1\/2&#8243; css=\u00bb.vc_custom_1623768703116{background-color: #e0e0e0 !important;}\u00bb][vc_empty_space height=\u00bb20px\u00bb][vc_column_text css=\u00bb.vc_custom_1678210075524{padding-right: 20px !important;padding-left: 20px !important;}\u00bb]<\/p>\n<h1><span style=\"color: #283171;\">Familias, profesores y colaboradores<\/span><\/h1>\n<p>[\/vc_column_text][vc_empty_space height=\u00bb20px\u00bb][vc_column_text css=\u00bb.vc_custom_1678210410395{padding-right: 20px !important;padding-left: 20px !important;}\u00bb]<\/p>\n<div class=\"wpb_text_column wpb_content_element vc_custom_1634071273703\">\n<div class=\"wpb_wrapper\">\n<h3><strong>Mantener a los j\u00f3venes seguros frente a los ciberriesgos de Internet se ha convertido en un reto y <em>una prioridad para toda la sociedad<\/em>.<\/strong><\/h3>\n<p>&nbsp;<\/p>\n<h3>Sabemos que las amenazas digitales pueden tener serias consecuencias en los j\u00f3venes adolescentes: ausencias escolares, soledad, depresi\u00f3n, o en algunos casos, consequencias m\u00e1s graves&#8230;<\/h3>\n<p>&nbsp;<\/p>\n<h3><strong>Para prevenir de una forma correcta estos riesgos, debemos ayudarles a entenderlos.<\/strong> El sitio web que estas visitando &#8211; cybervengers.club &#8211; tiene el prop\u00f3sito de educar a j\u00f3venes adolescentes (con edades comprendidas entre 11 y 14 a\u00f1os) sobre dichos riesgos. Hemos dise\u00f1ado el contenido para ser divertido, interactivo y educativo.<\/h3>\n<p>&nbsp;<\/p>\n<h3>A trav\u00e9s de <strong>CYBERVENGES<\/strong>, una serie de Webtoons acompa\u00f1ados de tests y otros desaf\u00edos, los j\u00f3venes podr\u00e1n enteder mejor las reglas de uso de Internet, y as\u00ed, evitar los errores comunes de forma aut\u00f3noma.<\/h3>\n<p>&nbsp;<\/p>\n<h3 class=\" translation-block\"><strong>Dado que todos tenermo un rol importante, tambi\u00e9n proporcionamos un kit de soporte para ti.<\/strong><\/h3>\n<p>&nbsp;<\/p>\n<h3>El objetivo es facilitar la conversaci\u00f3n sobre los peligros online, incrementar la concienciaci\u00f3n de los adolescentes sobre los errores a evitar online y permitiendo que ellos puedan navegar de forma segura.<\/h3>\n<\/div>\n<\/div>\n<p>[\/vc_column_text][vc_empty_space height=\u00bb20px\u00bb][\/vc_column][vc_column width=\u00bb1\/2&#8243;][vc_empty_space height=\u00bb20px\u00bb][vc_column_text css=\u00bb.vc_custom_1678210444571{padding-right: 20px !important;padding-left: 20px !important;}\u00bb]<\/p>\n<h1><span style=\"color: #283171;\">\u00bfQu\u00e9 quiere decir &#8216;ciber&#8217;?<\/span><\/h1>\n<p>[\/vc_column_text][vc_empty_space height=\u00bb20px\u00bb][vc_column_text css=\u00bb.vc_custom_1678211628186{padding-right: 20px !important;padding-left: 20px !important;}\u00bb]<\/p>\n<h3><em>(del Griego, kubern\u00e2n, governar)<\/em><\/h3>\n<h3>Prefijo usado para formar palabras relacionadas con Internet.<\/h3>\n<p>&nbsp;<\/p>\n<h4>Larouse dictionary<\/h4>\n<p>&nbsp;<\/p>\n<h4><em>Ejemplos de ciber riesgos: ciberataque, ciberadicci\u00f3n, ciberbullying, noticias falsas, pishing, adicci\u00f3n al juego, violencia, contenido ofensivo, terrorismo, virus, sexting (contenido sexual), pedofilia, estafas, adicci\u00f3n a las pantallas, photoshopped y\/o images alteradas, ciberespionaje, robo de la propiedad intelectual, etc.<\/em><\/h4>\n<p>[\/vc_column_text][vc_empty_space height=\u00bb30px\u00bb][vc_column_text css=\u00bb.vc_custom_1678210553801{padding-right: 20px !important;padding-left: 20px !important;}\u00bb]<\/p>\n<div class=\"wpb_text_column wpb_content_element vc_custom_1621965098817\">\n<div class=\"wpb_wrapper\">\n<h1><span style=\"color: #283171;\">\u00bfQu\u00e9 son los webtoons?<\/span><\/h1>\n<\/div>\n<\/div>\n<p>[\/vc_column_text][vc_empty_space height=\u00bb20px\u00bb][vc_column_text css=\u00bb.vc_custom_1678211677563{padding-right: 20px !important;padding-left: 20px !important;}\u00bb]<\/p>\n<h3>Los Webtoons son un tipo de webc\u00f3mic (c\u00f3mic dise\u00f1ados\u00a0 para Internet) originarios de Corea del Sur. Est\u00e1n dise\u00f1ados para leer online navegando verticalmente de arriba hacia abajo, con un formato rectangular especialmente pensado para las pantallas de los smartphones.<\/h3>\n<p>[\/vc_column_text][\/vc_column][\/vc_row][vc_row content_width=\u00bbgrid\u00bb css=\u00bb.vc_custom_1623768752756{padding-top: 50px !important;padding-bottom: 50px !important;background-color: #283171 !important;}\u00bb][vc_column][vc_empty_space height=\u00bb20px\u00bb][vc_column_text]<\/p>\n<h1><span style=\"color: #ffffff;\">KIT DE SOPORTE<\/span><\/h1>\n<p>[\/vc_column_text][vc_empty_space height=\u00bb20px\u00bb][vc_column_text]<\/p>\n<h3><span style=\"color: #ffffff;\">Desc\u00e1rgalo. Puedes usarlo como gu\u00eda de ayuda en las conversarciones con los adolescentes.<\/span><\/h3>\n<p>[\/vc_column_text][vc_empty_space height=\u00bb20px\u00bb]<a href=\"https:\/\/cybervengers.club\/wp-content\/uploads\/2024\/03\/231107_CyberVengers_Kit_ES_1-6.pdf\" target=\"_blank\" style=\"color: #283171;background-color: #ffffff;font-size: 20px;font-weight: 700;margin: 0px 25px 20px 0px\" class=\"qodef-btn qodef-btn-small qodef-btn-default qodef-btn-custom-hover-bg qodef-btn-custom-border-hover qodef-btn-custom-hover-color\" data-hover-bg-color=\"#283171\" data-hover-color=\"#ffffff\" data-hover-border-color=\"#ffffff\" >\n        <span class=\"qodef-btn-text\">CLICA AQU\u00cd<\/span>\n    <span class=\"qodef-btn-text-icon\"><\/span>\n<\/a>[vc_empty_space height=\u00bb20px\u00bb][\/vc_column][\/vc_row][vc_row content_width=\u00bbgrid\u00bb css=\u00bb.vc_custom_1643986345840{padding-top: 50px !important;padding-bottom: 50px !important;background-color: #f3885c !important;}\u00bb][vc_column][vc_empty_space height=\u00bb20px\u00bb][vc_column_text css=\u00bb\u00bb]<\/p>\n<h1><span style=\"color: #ffffff;\">LOS EPISODIOS EN VERSI\u00d3N DESCARGABLES<\/span><\/h1>\n<p>[\/vc_column_text][vc_empty_space height=\u00bb20px\u00bb]<a href=\"https:\/\/cybervengers.club\/es\/bonus\/#imprimables\" target=\"_self\" style=\"color: #283171;background-color: #ffffff;font-size: 20px;font-weight: 700;margin: 0px 25px 20px 0px\" class=\"qodef-btn qodef-btn-small qodef-btn-default qodef-btn-custom-hover-bg qodef-btn-custom-border-hover qodef-btn-custom-hover-color\" data-hover-bg-color=\"#283171\" data-hover-color=\"#ffffff\" data-hover-border-color=\"#ffffff\" >\n        <span class=\"qodef-btn-text\">CLICA AQU\u00cd \ud83d\ude42<\/span>\n    <span class=\"qodef-btn-text-icon\"><\/span>\n<\/a>[vc_empty_space height=\u00bb20px\u00bb][\/vc_column][\/vc_row][vc_row][vc_column][vc_column_text]<\/p>\n<p>[\/vc_column_text][\/vc_column][\/vc_row][vc_row content_width=\u00bbgrid\u00bb css=\u00bb.vc_custom_1623768752757{padding-top: 50px !important;padding-bottom: 50px !important;background-color: #00B0F0 !important;}\u00bb][vc_column][vc_empty_space height=\u00bb20px\u00bb][vc_column_text]<\/p>\n<h1><span style=\"color: #ffffff;\">\u00bfTE GUSTAR\u00cdA UNIRTE A NOSOTROS Y<br \/>\nCONTRIBUIR A LA CREACI\u00d3N O LA DIFUSI\u00d3N DE LOS EPISODIOS DE LOS CYBERVENGERS?<br \/>\n<\/span><\/h1>\n<p>[\/vc_column_text][vc_empty_space height=\u00bb20px\u00bb]<a href=\"https:\/\/cybervengers.club\/es\/thanks\/\" target=\"_self\" style=\"color: #283171;background-color: #ffffff;font-size: 20px;font-weight: 700;margin: 0px 25px 20px 0px\" class=\"qodef-btn qodef-btn-small qodef-btn-default qodef-btn-custom-hover-bg qodef-btn-custom-border-hover qodef-btn-custom-hover-color\" data-hover-bg-color=\"#283171\" data-hover-color=\"#ffffff\" data-hover-border-color=\"#ffffff\" >\n        <span class=\"qodef-btn-text\">CONTACTA CON NOSOTROS<\/span>\n    <span class=\"qodef-btn-text-icon\"><\/span>\n<\/a>[vc_empty_space height=\u00bb20px\u00bb][\/vc_column][\/vc_row]<\/p>\n<\/div>","protected":false},"excerpt":{"rendered":"<p>[vc_row content_width=\u00bbgrid\u00bb content_aligment=\u00bbcenter\u00bb css=\u00bb.vc_custom_1651228030769{padding-top: 40px !important;}\u00bb][vc_column][vc_column_text] [\/vc_column_text][\/vc_column][\/vc_row][vc_row content_width=\u00bbgrid\u00bb css=\u00bb.vc_custom_1623768468766{padding-top: 50px !important;padding-bottom: 50px !important;background-color: #ffffff !important;}\u00bb][vc_column width=\u00bb1\/2&#8243; css=\u00bb.vc_custom_1623768703116{background-color: #e0e0e0 !important;}\u00bb][vc_empty_space height=\u00bb20px\u00bb][vc_column_text css=\u00bb.vc_custom_1678210075524{padding-right:&#8230;<\/p>\n","protected":false},"author":1,"featured_media":0,"parent":0,"menu_order":0,"comment_status":"closed","ping_status":"closed","template":"full-width.php","meta":{"footnotes":""},"class_list":["post-9871","page","type-page","status-publish","hentry"],"_links":{"self":[{"href":"https:\/\/cybervengers.club\/es\/wp-json\/wp\/v2\/pages\/9871","targetHints":{"allow":["GET"]}}],"collection":[{"href":"https:\/\/cybervengers.club\/es\/wp-json\/wp\/v2\/pages"}],"about":[{"href":"https:\/\/cybervengers.club\/es\/wp-json\/wp\/v2\/types\/page"}],"author":[{"embeddable":true,"href":"https:\/\/cybervengers.club\/es\/wp-json\/wp\/v2\/users\/1"}],"replies":[{"embeddable":true,"href":"https:\/\/cybervengers.club\/es\/wp-json\/wp\/v2\/comments?post=9871"}],"version-history":[{"count":16,"href":"https:\/\/cybervengers.club\/es\/wp-json\/wp\/v2\/pages\/9871\/revisions"}],"predecessor-version":[{"id":17161,"href":"https:\/\/cybervengers.club\/es\/wp-json\/wp\/v2\/pages\/9871\/revisions\/17161"}],"wp:attachment":[{"href":"https:\/\/cybervengers.club\/es\/wp-json\/wp\/v2\/media?parent=9871"}],"curies":[{"name":"wp","href":"https:\/\/api.w.org\/{rel}","templated":true}]}}