{"id":9810,"date":"2023-01-03T20:18:18","date_gmt":"2023-01-03T19:18:18","guid":{"rendered":"https:\/\/cybervengers.club\/thanks\/"},"modified":"2026-03-09T11:04:55","modified_gmt":"2026-03-09T10:04:55","slug":"gracias","status":"publish","type":"page","link":"https:\/\/cybervengers.club\/es\/gracias\/","title":{"rendered":"GRACIAS"},"content":{"rendered":"<div class=\"wpb-content-wrapper\"><p>[vc_row][vc_column][vc_column_text]CyberVengers.club es una plataforma educativa dise\u00f1ada para crear conciencia sobre los ciberriesgos entre los j\u00f3venes de 11 a 14 a\u00f1os. Su vulnerabilidad a estos riesgos y la necesidad de garantizar su seguridad es un problema social y una gran preocupaci\u00f3n para AXA.<\/p>\n<p>&nbsp;<\/p>\n<p>Creada por AXA y su entidad, AXA Group Solutions, en 2021, la plataforma Cybervengers.club tiene como objetivo apoyar un mundo digital m\u00e1s seguro e inclusivo. Este objetivo est\u00e1 en l\u00ednea con la misi\u00f3n de AXA, que, como aseguradora, est\u00e1 comprometida con el progreso humano protegiendo lo que importa.<\/p>\n<p>&nbsp;<\/p>\n<h3 style=\"text-align: center;\"><span style=\"color: #283171;\"><strong>SI QUIERES UNIRTE A NOSOTROS Y CONTRIBUIR A LA CREACI\u00d3N O LA DIFUSI\u00d3N DE LOS EPISODIOS DE LOS CYBERVENGERS CONTACTA CON NOSOTROS<br \/>\n<\/strong><\/span><\/h3>\n<p>&nbsp;<\/p>\n<p style=\"text-align: center;\"><a href=\"mailto:cybervengers@axa.com\" target=\"_blank\" style=\"color: #fff;background-color: #283171\" class=\"qodef-btn qodef-btn-medium qodef-btn-default qodef-btn-custom-hover-bg qodef-btn-custom-border-hover qodef-btn-custom-hover-color\" data-hover-bg-color=\"#fff\" data-hover-color=\"#283171\" data-hover-border-color=\"#283171\" >\n        <span class=\"qodef-btn-text\">Contact us<\/span>\n    <span class=\"qodef-btn-text-icon\"><i class=\"qodef-icon-font-awesome fa  \" ><\/i><\/span>\n<\/a><\/p>\n<p>&nbsp;<\/p>\n<p>Los CyberVengers fueron creados por personas dedicadas que quieren apoyar a ni\u00f1os y adultos por igual en un mundo digital en el que puedan prosperar.<\/p>\n<p>&nbsp;<\/p>\n<p><span style=\"color: #283171;\"><strong>MUCHAS GRACIAS A TODOS LOS QUE HAN CONTRIBUIDO, SPONSORS, embajadores y lectores de todo el mundo!<\/strong><\/span><\/p>\n<p>&nbsp;<\/p>\n<p>Y especialmente a:<\/p>\n<p>&nbsp;<\/p>\n<p><span style=\"color: #283171;\"><b>AXA Group Operations<\/b><\/span><\/p>\n<p>Julia LEPICIER: lanzamiento y m\u00e1nager del programa (2020-2022)<br \/>\nVirginie BONNELL: supervisi\u00f3n del programa (desde 2023) Sabrine BELKHIRIA: gesti\u00f3n del proyecto<br \/>\nJ\u00e9r\u00f4me FRAVALO: Comunicaci\u00f3n &amp; y gesti\u00f3n CSR<\/p>\n<p>Gracias a nuestros sponsors y al equipo del proyecto: Arnaud, Violaine, Isabelle, J\u00e9r\u00f4me, Jon, Christophe, Julie<\/p>\n<p>Gracias a todos los voluntarios y embajadores, revisores y expertos de: Sara, Roshanak, Laurane, Pierre, Gilles, Anne-Claire, Malgorzata, Thibaut, Rooksana, Mad\u00e9vi, Anne-Sophie, Laurane, Didier, Emiliano, Franck, Loani, Elisabeth, Matthieu, Etienne, Laura, Oliver, Li Lee, Tara, Suvarna, Fran, Axel, Vanda, Joanna, Amrin, Rita\u2026!<\/p>\n<p>&nbsp;<\/p>\n<p><span style=\"color: #283171;\"><b>Wording Conseil<\/b><\/span><\/p>\n<p>Christine NALIES : Gesti\u00f3n de agencia<\/p>\n<p>St\u00e9phane SIMONET: Direcci\u00f3n art\u00edstica, Desarrollo web<\/p>\n<p>Gracias a todos los que han contribuidos y beta-testers: Chlo\u00e9, Marine, S\u00e9bastien, K\u00e9vin, Astrid, Catherine, Gillian, Alexandre, Pierre<br \/>\nGracias tambi\u00e9n a Paul BEAUPERE, nuestro joven escritor, el drawaki workshop y el mangaka Nadia TALEB, creador del episodio 5 y de los siguientes\u2026<\/p>\n<p>&nbsp;<\/p>\n<p><b><span style=\"color: #283171;\">Les Intr\u00e9pides de la Tech<\/span> <\/b><\/p>\n<p>Lucie JAGU: Manager de programa<\/p>\n<p>Marie GUERIN: Dise\u00f1adora educativa y l\u00edder de \u201cCyber risks for secondary schools\u201d workshop<\/p>\n<p>Gracias a todos los profesores que probaron el mensaje, durante el <a href=\"https:\/\/www.intrepidesdelatech.org\/nos-actions\/\">Cybersecurity and Cyber Risk workshop with the CyberVengers<\/a><\/p>\n<p>&nbsp;<\/p>\n<p><b><span style=\"color: #283171;\">Campus Cyber<\/span> <\/b><\/p>\n<p>Gracias a todos los expertos Edouard (Capgemini), Walter (DeVinci), St\u00e9phane (Ministerio de Educaci\u00f3n), Jo\u00ebl (Epita) Gracias a Delphine, manager de comunicaci\u00f3n<\/p>\n<p>Tambi\u00e9n agradecemos a los alumnos de la American class de Saint-Germain-en-Laye por inspirar el episodio 5<\/p>\n<h4><div class=\"qodef-separator-holder clearfix  qodef-separator-center qodef-separator-normal\">\n\t<div class=\"qodef-separator\" ><\/div>\n<\/div>\n<\/h4>\n<p>[\/vc_column_text][\/vc_column][\/vc_row]<\/p>\n<\/div>","protected":false},"excerpt":{"rendered":"<p>[vc_row][vc_column][vc_column_text]CyberVengers.club es una plataforma educativa dise\u00f1ada para crear conciencia sobre los ciberriesgos entre los j\u00f3venes de 11 a 14 a\u00f1os. Su&#8230;<\/p>\n","protected":false},"author":7,"featured_media":0,"parent":0,"menu_order":0,"comment_status":"closed","ping_status":"closed","template":"","meta":{"footnotes":""},"class_list":["post-9810","page","type-page","status-publish","hentry"],"_links":{"self":[{"href":"https:\/\/cybervengers.club\/es\/wp-json\/wp\/v2\/pages\/9810","targetHints":{"allow":["GET"]}}],"collection":[{"href":"https:\/\/cybervengers.club\/es\/wp-json\/wp\/v2\/pages"}],"about":[{"href":"https:\/\/cybervengers.club\/es\/wp-json\/wp\/v2\/types\/page"}],"author":[{"embeddable":true,"href":"https:\/\/cybervengers.club\/es\/wp-json\/wp\/v2\/users\/7"}],"replies":[{"embeddable":true,"href":"https:\/\/cybervengers.club\/es\/wp-json\/wp\/v2\/comments?post=9810"}],"version-history":[{"count":5,"href":"https:\/\/cybervengers.club\/es\/wp-json\/wp\/v2\/pages\/9810\/revisions"}],"predecessor-version":[{"id":13962,"href":"https:\/\/cybervengers.club\/es\/wp-json\/wp\/v2\/pages\/9810\/revisions\/13962"}],"wp:attachment":[{"href":"https:\/\/cybervengers.club\/es\/wp-json\/wp\/v2\/media?parent=9810"}],"curies":[{"name":"wp","href":"https:\/\/api.w.org\/{rel}","templated":true}]}}