{"id":9803,"date":"2021-10-09T10:55:02","date_gmt":"2021-10-09T08:55:02","guid":{"rendered":"https:\/\/cybervengers.club\/terms-and-conditions\/"},"modified":"2026-03-09T11:06:38","modified_gmt":"2026-03-09T10:06:38","slug":"terminos-y-condiciones","status":"publish","type":"page","link":"https:\/\/cybervengers.club\/es\/terminos-y-condiciones\/","title":{"rendered":"T\u00e9rminos y condiciones"},"content":{"rendered":"<div class=\"wpb-content-wrapper\"><p>[vc_row content_width=\u00bbgrid\u00bb][vc_column][vc_column_text css=\u00bb.vc_custom_1678200916236{padding-bottom: 60px !important;}\u00bb]<\/p>\n<p style=\"text-align: center;\"><strong>T\u00e9rminos y Condiciones de Uso del sitio web CyberVengers.club<\/strong><\/p>\n<p>&nbsp;<\/p>\n<p><strong>ART\u00cdCULO 1. Objeto<\/strong><\/p>\n<p>Estos \u00abT\u00e9rminos y Condiciones de Uso\u00bb tienen por objeto proporcionar un marco legal para el uso del sitio web CyberVengers.club y sus servicios y definir las normas de acceso a los contenidos educativos digitales del sitio web CyberVengers.club.<\/p>\n<p>&nbsp;<\/p>\n<p>Los presentes T\u00e9rminos y Condiciones de Uso se acuerdan entre:<\/p>\n<ol>\n<li>El operador del sitio web, en lo sucesivo denominado \u00abel Editor\u00bb.<\/li>\n<li>Las personas f\u00edsicas o jur\u00eddicas que deseen acceder al sitio web y a sus servicios, en lo sucesivo denominadas el\/los \u201cUsuarios\u00bb.<\/li>\n<\/ol>\n<p>&nbsp;<\/p>\n<p>Los T\u00e9rminos y Condiciones de Uso deben ser aceptados por todos los Usuarios, y su acceso al sitio web implica la aceptaci\u00f3n incondicional de estos T\u00e9rminos y Condiciones. El Editor del sitio web CyberVengers.club se reserva el derecho, a su entera discreci\u00f3n y sin previo aviso, de modificar, suprimir o adicionar los presentes T\u00e9rminos y Condiciones de Uso en cualquier momento con el fin de adaptarlos a cualquier cambio legal, jurisprudencial, editorial y\/o t\u00e9cnico. La versi\u00f3n aplicable es la que est\u00e1 disponible en l\u00ednea. Por lo tanto, el Usuario deber\u00e1 consultar peri\u00f3dicamente la \u00faltima versi\u00f3n de las presentes Condiciones Generales de Uso.<\/p>\n<p>&nbsp;<\/p>\n<p><strong>ART\u00cdCULO 2: Acceso al sitio web CyberVengers.club<\/strong><\/p>\n<p>El sitio web CyberVengers.club tiene como objetivo ayudar a los adolescentes, especialmente a los de secundaria (11-14 a\u00f1os), a comprender los riesgos en l\u00ednea y aprender los comportamientos correctos que les permitir\u00e1n utilizar Internet y las redes sociales de forma segura, ofreci\u00e9ndoles contenidos divertidos y educativos y reuniendo a padres, educadores y colaboradores.<\/p>\n<p>&nbsp;<\/p>\n<p>El usuario del sitio web CyberVengers.club tiene acceso a los siguientes servicios:<\/p>\n<p>\u2022 Episodios manga (formato Webtoon)<\/p>\n<p>\u2022 Cuestionarios<\/p>\n<p>\u2022 Descripciones de personajes, gr\u00e1ficos e ilustraciones<\/p>\n<p>\u2022 Bonos para compartir: p\u00f3sters, episodios imprimibles,<\/p>\n<p>\u2022 Kit educativo GIFs<\/p>\n<p>&nbsp;<\/p>\n<p>Cualquier Usuario con acceso a Internet puede acceder gratuitamente al sitio web CyberVengers.club desde cualquier lugar. Los costes en los que incurra el Usuario para acceder al Sitio Web (conexi\u00f3n a Internet, equipo inform\u00e1tico, etc.) no son responsabilidad del Editor.<\/p>\n<p>&nbsp;<\/p>\n<p>El sitio web CyberVengers.club y sus servicios podr\u00e1n ser interrumpidos o suspendidos por el Editor, incluso por motivos de mantenimiento, sin previo aviso ni justificaci\u00f3n.<\/p>\n<p>&nbsp;<\/p>\n<p><strong>ART\u00cdCULO 3: Responsabilidades del Usuario<\/strong><\/p>\n<p>El Usuario asume toda la responsabilidad por el uso de la informaci\u00f3n y el Contenido del sitio web CyberVengers.club.<\/p>\n<p>&nbsp;<\/p>\n<p>El Usuario es responsable de cualquier da\u00f1o directo o indirecto resultante del uso del sitio web CyberVengers.club.<\/p>\n<p>&nbsp;<\/p>\n<p>El Usuario declara ser perfectamente consciente de los riesgos espec\u00edficos relacionados con el uso de Internet, las redes y, en particular, del hecho de que las redes no est\u00e1n libres de virus. Por ello, con el fin de proteger los terminales utilizados frente a la amenaza de virus y otros riesgos espec\u00edficos relacionados con el uso de Internet, se recomienda que el Usuario utilice software antivirus. Sin perjuicio de sus esfuerzos por garantizar un nivel de seguridad de sus servicios acorde con el estado de la t\u00e9cnica, el Editor no podr\u00e1 ser considerado responsable de la contaminaci\u00f3n por posibles virus que circulen por las redes.<\/p>\n<p>&nbsp;<\/p>\n<p><strong>ART\u00cdCULO 4: Responsabilidades del Editor<\/strong><\/p>\n<p>El sitio web CyberVengers.club se compromete a aplicar todos los medios necesarios para garantizar la seguridad y confidencialidad de los datos. No obstante, no puede ofrecer una garant\u00eda de seguridad total.<\/p>\n<p>&nbsp;<\/p>\n<p>El Editor se reserva el derecho de no garantizar la fiabilidad de las fuentes, aunque la informaci\u00f3n publicada en el sitio web se considera fiable.<\/p>\n<p>&nbsp;<\/p>\n<p>El Editor no ser\u00e1 responsable de ning\u00fan fallo o interrupci\u00f3n en la disponibilidad o el uso del sitio web CyberVengers.club relacionado con, o resultante de:<\/p>\n<p>&#8211; Un caso de fuerza mayor, tal y como se define en el art\u00edculo 1218 del C\u00f3digo Civil franc\u00e9s y por la jurisprudencia aplicable;<\/p>\n<p>&#8211; El uso indebido y\/o el incumplimiento por parte del Usuario de los T\u00e9rminos y Condiciones de Uso del sitio web CyberVengers.club<\/p>\n<p>&#8211; Cualquier desaparici\u00f3n, p\u00e9rdida o deterioro susceptible de alterar su equipo inform\u00e1tico, resultante de un fallo del Usuario;<\/p>\n<p>&#8211; El incumplimiento o mal cumplimiento de sus obligaciones por parte del operador o proveedor de servicios de Internet del Usuario.<\/p>\n<p>&nbsp;<\/p>\n<p><strong>ART\u00cdCULO 5: Propiedad intelectual<\/strong><\/p>\n<p>Todo el contenido publicado en el sitio web CyberVengers.club, incluyendo pero no limitado a la estructura\/arquitectura del sitio web CyberVengers.club, el contenido editorial, v\u00eddeos, textos, secciones, dibujos, ilustraciones, fotos, im\u00e1genes, sonidos, concursos y cualquier otro contenido presente en el sitio web CyberVengers.club y\/o cualquier otro elemento que lo componga (el \u00abContenido\u00bb), son susceptibles de constituir obras en el sentido de las disposiciones del art\u00edculo L.112-1 y siguientes del C\u00f3digo franc\u00e9s de la Propiedad Intelectual o contenidos protegidos en virtud de los derechos conexos al derecho de autor en el sentido de las disposiciones del art\u00edculo L.211-1 y siguientes del C\u00f3digo franc\u00e9s de la Propiedad Intelectual.<\/p>\n<p>&nbsp;<\/p>\n<p>En aplicaci\u00f3n del art\u00edculo L. 122-4 del C\u00f3digo franc\u00e9s de la Propiedad Intelectual, el Usuario deber\u00e1 obtener la autorizaci\u00f3n del Editor del Sitio Web antes de cualquier reproducci\u00f3n, copia o publicaci\u00f3n de estos diferentes Contenidos.<\/p>\n<p>&nbsp;<\/p>\n<p>El sitio web CyberVengers.club debe utilizarse \u00fanicamente con fines educativos. Queda terminantemente prohibida cualquier explotaci\u00f3n comercial del sitio web y de sus Contenidos.<\/p>\n<p>&nbsp;<\/p>\n<p>Cualquier otro uso, salvo autorizaci\u00f3n previa del Editor y\/o de otros titulares de derechos, constituye un acto de falsificaci\u00f3n y est\u00e1 sancionado por las leyes de propiedad intelectual. Cualquier reproducci\u00f3n no autorizada, total o parcial, de cualquier material del sitio web CyberVengers.club est\u00e1 estrictamente prohibida.<\/p>\n<p>&nbsp;<\/p>\n<p><strong>ART\u00cdCULO 6 : Datos personales<\/strong><\/p>\n<p>El sitio web CyberVengers.club respeta la privacidad del Usuario, de conformidad con la ley francesa de protecci\u00f3n de datos del 6 de enero de 1978.<\/p>\n<p>El Editor del sitio web CyberVengers.club no recopila ning\u00fan dato personal. \u00danicamente se recoge una direcci\u00f3n IP an\u00f3nima, que se utiliza exclusivamente con fines estad\u00edsticos y para gestionar la optimizaci\u00f3n del sitio web. La direcci\u00f3n IP se recoge para determinar el pa\u00eds desde el que el usuario se conecta al sitio web. Estos datos se anonimizan inmediatamente y el Editor no tiene forma de rastrear la identidad del Usuario con estos datos.<\/p>\n<p>&nbsp;<\/p>\n<p>Algunas funciones de este sitio web requieren servicios prestados por terceras empresas. Si el Usuario est\u00e1 de acuerdo (consentimiento), estos terceros depositar\u00e1n cookies que permitir\u00e1n alUsuario interactuar o compartir contenidos en sus redes sociales a trav\u00e9s de, entre otros, botones para compartir (Facebook, Instagram y Twitter). A trav\u00e9s de estas cookies, estos terceros podr\u00e1n recoger y utilizar los datos de navegaci\u00f3n para sus propios fines, de acuerdo con su pol\u00edtica de privacidad. El sitio web CyberVengers.club utiliza los siguientes terceros:<\/p>\n<p>Facebook: <a href=\"https:\/\/www.facebook.com\/policy.php\">https:\/\/www.facebook.com\/policy.php<\/a><\/p>\n<p>Instagram: <a href=\"https:\/\/help.instagram.com\/1896641480634370\">Pol\u00edtica de cookies | P\u00e1ginas de ayuda de Instagram<\/a><\/p>\n<p>Twitter: <a href=\"https:\/\/twitter.com\/fr\/privacy\">https:\/\/twitter.com\/fr\/privacy<\/a><\/p>\n<p>&nbsp;<\/p>\n<p>Para m\u00e1s informaci\u00f3n sobre cookies\/trackers, consulte el sitio web de la CNIL: http:\/\/www.cnil.fr\/vos-droits\/vos-traces\/les-cookies\/<\/p>\n<p>&nbsp;<\/p>\n<p><strong>ART\u00cdCULO 7: Enlaces de hipertexto<\/strong><\/p>\n<p>Es posible que un tercero cree un enlace a una p\u00e1gina del sitio web CyberVengers.club sin la autorizaci\u00f3n expresa del Editor.<\/p>\n<p>&nbsp;<\/p>\n<p><strong>ART\u00cdCULO 8 : Duraci\u00f3n de los T\u00e9rminos y Condiciones de Uso<\/strong><\/p>\n<p>La duraci\u00f3n de las presentes T\u00e9rminos y Condiciones de Uso es indefinida. Los presentes T\u00e9rminos y Condiciones de Uso entrar\u00e1n en vigor para el Usuario a partir de la primera utilizaci\u00f3n del servicio.<\/p>\n<p>&nbsp;<\/p>\n<p><strong>ART\u00cdCULO 9: Ley aplicable y jurisdicci\u00f3n<\/strong><\/p>\n<p>Los presentes T\u00e9rminos y Condiciones Generales de Uso se rigen exclusivamente por la legislaci\u00f3n francesa. En caso de litigio entre el Usuario y el Editor que no pueda resolverse de manera amistosa, los tribunales franceses ser\u00e1n los \u00fanicos competentes.[\/vc_column_text][\/vc_column][\/vc_row][vc_row][vc_column][vc_column_text]<\/p>\n<p>[\/vc_column_text][\/vc_column][\/vc_row]<\/p>\n<\/div>","protected":false},"excerpt":{"rendered":"<p>[vc_row content_width=\u00bbgrid\u00bb][vc_column][vc_column_text css=\u00bb.vc_custom_1678200916236{padding-bottom: 60px !important;}\u00bb] T\u00e9rminos y Condiciones de Uso del sitio web CyberVengers.club &nbsp; ART\u00cdCULO 1. Objeto Estos \u00abT\u00e9rminos y&#8230;<\/p>\n","protected":false},"author":1,"featured_media":0,"parent":0,"menu_order":0,"comment_status":"closed","ping_status":"closed","template":"","meta":{"footnotes":""},"class_list":["post-9803","page","type-page","status-publish","hentry"],"_links":{"self":[{"href":"https:\/\/cybervengers.club\/es\/wp-json\/wp\/v2\/pages\/9803","targetHints":{"allow":["GET"]}}],"collection":[{"href":"https:\/\/cybervengers.club\/es\/wp-json\/wp\/v2\/pages"}],"about":[{"href":"https:\/\/cybervengers.club\/es\/wp-json\/wp\/v2\/types\/page"}],"author":[{"embeddable":true,"href":"https:\/\/cybervengers.club\/es\/wp-json\/wp\/v2\/users\/1"}],"replies":[{"embeddable":true,"href":"https:\/\/cybervengers.club\/es\/wp-json\/wp\/v2\/comments?post=9803"}],"version-history":[{"count":6,"href":"https:\/\/cybervengers.club\/es\/wp-json\/wp\/v2\/pages\/9803\/revisions"}],"predecessor-version":[{"id":9809,"href":"https:\/\/cybervengers.club\/es\/wp-json\/wp\/v2\/pages\/9803\/revisions\/9809"}],"wp:attachment":[{"href":"https:\/\/cybervengers.club\/es\/wp-json\/wp\/v2\/media?parent=9803"}],"curies":[{"name":"wp","href":"https:\/\/api.w.org\/{rel}","templated":true}]}}