{"id":9799,"date":"2021-10-09T10:03:14","date_gmt":"2021-10-09T08:03:14","guid":{"rendered":"https:\/\/cybervengers.club\/legal-notice\/"},"modified":"2026-03-09T11:06:19","modified_gmt":"2026-03-09T10:06:19","slug":"menciones-legales","status":"publish","type":"page","link":"https:\/\/cybervengers.club\/es\/menciones-legales\/","title":{"rendered":"Menciones legales"},"content":{"rendered":"<div class=\"wpb-content-wrapper\"><p>[vc_row content_width=\u00bbgrid\u00bb][vc_column][vc_column_text css=\u00bb.vc_custom_1678200309867{padding-bottom: 60px !important;}\u00bb]<strong>EDITOR<\/strong><\/p>\n<p>El sitio web CyberVengers.club es propiedad exclusiva de<strong>\u00a0AXA GROUP OPERATIONS SAS<\/strong>.<\/p>\n<p>&nbsp;<\/p>\n<p><strong>AXA GROUP OPERATIONS<\/strong><\/p>\n<p>Una Sociedad por Acciones Simplificada (SAS) con un capital de\u202f<strong>\u202f<\/strong><strong>\u20ac<\/strong>\u00a0<strong>198.893.072,70<\/strong><\/p>\n<p>Tel\u00e9fono:<strong>01 49 49 40 00<\/strong><\/p>\n<p>Domicilio social: sis 81, rue Mstislav Rostropovitch 75017 Paris, registrada en el Registro Mercantil y de Sociedades de <strong>Paris<\/strong> con el n\u00famero <strong>399 214 287<\/strong><\/p>\n<p>N\u00famero de IVA intracomunitario: <strong>FR72399214287<\/strong><\/p>\n<p>Direcci\u00f3n de correo electr\u00f3nico: <a href=\"mailto:cybervengers@axa.com\"><strong>cybervengers@axa.com<\/strong><\/a><\/p>\n<p>Director de publicaci\u00f3n: <strong>J\u00e9r\u00f4me\u00a0Fravalo<\/strong><\/p>\n<p>&nbsp;<\/p>\n<p><strong>ALOJAMIENTO<\/strong><\/p>\n<p>El sitio web est\u00e1 alojado en\u00a0<strong>OVH\u00a0<\/strong><\/p>\n<p>Una SAS con un capital de 10.069.020 euros<br \/>\nRegistro Mercantil y de Sociedades de Lille con el n\u00famero 424 761 419 00045<br \/>\nC\u00f3digo APE 2620Z<br \/>\nN\u00famero de IVA : FR 22 424 761 419<br \/>\nDomicilio social: 2, rue Kellermann &#8211; 59100 Roubaix &#8211; Francia[\/vc_column_text][\/vc_column][\/vc_row]<\/p>\n<\/div>","protected":false},"excerpt":{"rendered":"<p>[vc_row content_width=\u00bbgrid\u00bb][vc_column][vc_column_text css=\u00bb.vc_custom_1678200309867{padding-bottom: 60px !important;}\u00bb]EDITOR El sitio web CyberVengers.club es propiedad exclusiva de\u00a0AXA GROUP OPERATIONS SAS. &nbsp; AXA GROUP OPERATIONS Una&#8230;<\/p>\n","protected":false},"author":1,"featured_media":0,"parent":0,"menu_order":0,"comment_status":"closed","ping_status":"closed","template":"","meta":{"footnotes":""},"class_list":["post-9799","page","type-page","status-publish","hentry"],"_links":{"self":[{"href":"https:\/\/cybervengers.club\/es\/wp-json\/wp\/v2\/pages\/9799","targetHints":{"allow":["GET"]}}],"collection":[{"href":"https:\/\/cybervengers.club\/es\/wp-json\/wp\/v2\/pages"}],"about":[{"href":"https:\/\/cybervengers.club\/es\/wp-json\/wp\/v2\/types\/page"}],"author":[{"embeddable":true,"href":"https:\/\/cybervengers.club\/es\/wp-json\/wp\/v2\/users\/1"}],"replies":[{"embeddable":true,"href":"https:\/\/cybervengers.club\/es\/wp-json\/wp\/v2\/comments?post=9799"}],"version-history":[{"count":3,"href":"https:\/\/cybervengers.club\/es\/wp-json\/wp\/v2\/pages\/9799\/revisions"}],"predecessor-version":[{"id":9802,"href":"https:\/\/cybervengers.club\/es\/wp-json\/wp\/v2\/pages\/9799\/revisions\/9802"}],"wp:attachment":[{"href":"https:\/\/cybervengers.club\/es\/wp-json\/wp\/v2\/media?parent=9799"}],"curies":[{"name":"wp","href":"https:\/\/api.w.org\/{rel}","templated":true}]}}