{"id":9785,"date":"2021-05-06T14:15:15","date_gmt":"2021-05-06T12:15:15","guid":{"rendered":"https:\/\/cybervengers.club\/bonus\/"},"modified":"2025-12-05T10:31:10","modified_gmt":"2025-12-05T09:31:10","slug":"bonus","status":"publish","type":"page","link":"https:\/\/cybervengers.club\/es\/bonus\/","title":{"rendered":"BONUS"},"content":{"rendered":"<div class=\"wpb-content-wrapper\"><p>[vc_row content_width=\u00bbgrid\u00bb css=\u00bb.vc_custom_1632318505185{padding-top: 50px !important;padding-right: 50px !important;padding-bottom: 0px !important;padding-left: 50px !important;background-color: #ffffff !important;}\u00bb][vc_column width=\u00bb1\/3&#8243;][vc_single_image image=\u00bb9655&#8243; img_size=\u00bbfull\u00bb alignment=\u00bbcenter\u00bb css_animation=\u00bbbounceIn\u00bb][vc_empty_space height=\u00bb20px\u00bb][\/vc_column][vc_column width=\u00bb2\/3&#8243;][vc_column_text]<\/p>\n<h2><span style=\"color: #f244f2;\"><strong>A\u00efa, la rebelde<br \/>\n<\/strong><\/span><\/h2>\n<p>&nbsp;<\/p>\n<h3>Tiene 15 a\u00f1os y siempre est\u00e1 dispuesta a intentar cosas nuevas, especialmente si eso significa saltarse la autoridad o si no est\u00e1 permitido. Tiene el pelo largo y muy oscuro, con un gran mech\u00f3n rojo.<\/h3>\n<p>&nbsp;<\/p>\n<h3>Ella lleva una sudadera con capucha y lleva las manos dentro del bolsillo delantero. Es distante Le encanta colarse en los sitios sin dejar rastro, ya sea en una habitaci\u00f3n, un edificio, un ordenador o un servidor.<\/h3>\n<p>[\/vc_column_text][\/vc_column][\/vc_row][vc_row content_width=\u00bbgrid\u00bb css=\u00bb.vc_custom_1632318545307{padding-top: 50px !important;padding-right: 50px !important;padding-left: 50px !important;background-color: #ffffff !important;}\u00bb][vc_column width=\u00bb2\/3&#8243;][vc_column_text]<\/p>\n<h2><span style=\"color: #f244f2;\"><strong>Ben, el cuidadoso<br \/>\n<\/strong><\/span><\/h2>\n<p>&nbsp;<\/p>\n<div class=\"wpb_text_column wpb_content_element\">\n<div class=\"wpb_wrapper\">\n<h3>Tiene 16 a\u00f1os y es reflexivo, tom\u00e1ndose su tiempo y pensando las cosas mucho. \u00c9l es el m\u00e1s fuerte de la pandilla. Lleva camisetas de colores claras, pantalones Vaqueros y zapatillas de deporte.<\/h3>\n<p>&nbsp;<\/p>\n<h3>Cuando pulsa un bot\u00f3n, lo hace sin dudar por que ya lo ha pensado previamente. En el grupo, \u00e9l es un l\u00edder natural, una persona que inspira confianza y tranquiliza a los dem\u00e1s.<\/h3>\n<\/div>\n<\/div>\n<p>[\/vc_column_text][vc_empty_space height=\u00bb20px\u00bb][\/vc_column][vc_column width=\u00bb1\/3&#8243;][vc_single_image image=\u00bb9656&#8243; img_size=\u00bbfull\u00bb alignment=\u00bbcenter\u00bb css_animation=\u00bbbounceIn\u00bb][vc_empty_space height=\u00bb20px\u00bb][\/vc_column][\/vc_row][vc_row content_width=\u00bbgrid\u00bb css=\u00bb.vc_custom_1632318552144{padding-top: 50px !important;padding-right: 50px !important;padding-bottom: 0px !important;padding-left: 50px !important;background-color: #ffffff !important;}\u00bb][vc_column width=\u00bb1\/3&#8243;][vc_single_image image=\u00bb9657&#8243; img_size=\u00bbfull\u00bb alignment=\u00bbcenter\u00bb css_animation=\u00bbbounceIn\u00bb][vc_empty_space height=\u00bb20px\u00bb][\/vc_column][vc_column width=\u00bb2\/3&#8243;][vc_column_text]<\/p>\n<h2><span style=\"color: #f244f2;\"><strong>Clara, la optimista<br \/>\n<\/strong><\/span><\/h2>\n<p>&nbsp;<\/p>\n<h3>Tiene 15 a\u00f1os y tiene una mentalidad positiva &#8211; para ella,todo vale la pena intentarlo. Siempre est\u00e1 lista para cualquier cosa, y siempre lleva chuches para compartir con todos en la guarida de la pandilla. Adem\u00e1s, usa un perfume con esencia de cereza.<\/h3>\n<p>&nbsp;<\/p>\n<h3>Ella no se toma nada muy en serio, incluso cuando al final, el equipo se da cuenta de que \u00abalgunas cosas son bastantes serias!\u00bb<\/h3>\n<p>[\/vc_column_text][vc_empty_space height=\u00bb20px\u00bb][\/vc_column][\/vc_row][vc_row content_width=\u00bbgrid\u00bb css=\u00bb.vc_custom_1632318563854{padding-top: 50px !important;padding-right: 50px !important;padding-bottom: 0px !important;padding-left: 50px !important;background-color: #ffffff !important;}\u00bb][vc_column width=\u00bb2\/3&#8243;][vc_column_text]<\/p>\n<h2><span style=\"color: #f244f2;\"><strong>Liam, el conformista<br \/>\n<\/strong><\/span><\/h2>\n<p>&nbsp;<\/p>\n<h3>Tiene 13 a\u00f1os, y es el hermano peque\u00f1o de A\u00efa. En el colegio todos se burlan de \u00e9l porque le gusta llevar siempre los zapatos brillantes y una corbata debajo de su camisa, por que prefiere que los dem\u00e1s no se den cuenta.<\/h3>\n<p>&nbsp;<\/p>\n<h3>\u00c9l es el tipo de persona que lee todos los t\u00e9rminos y condiciones que tienes que aceptar antes de registrarte en un sitio web. Es el \u00fanico que lo hace, y \u00e9l lo sabe&#8230;Pero los dem\u00e1s saben que eso ser\u00e1 \u00fatil alg\u00fan d\u00eda! Cu\u00e1ndo? No lo tienen claro, pero alg\u00fan d\u00eda&#8230;<\/h3>\n<p>[\/vc_column_text][vc_empty_space height=\u00bb20px\u00bb][\/vc_column][vc_column width=\u00bb1\/3&#8243;][vc_single_image image=\u00bb9658&#8243; img_size=\u00bbfull\u00bb alignment=\u00bbcenter\u00bb css_animation=\u00bbbounceIn\u00bb][vc_empty_space height=\u00bb20px\u00bb][\/vc_column][\/vc_row][vc_row content_width=\u00bbgrid\u00bb css=\u00bb.vc_custom_1632318620145{padding-top: 50px !important;padding-right: 50px !important;padding-bottom: 50px !important;padding-left: 50px !important;background-color: #ffffff !important;}\u00bb][vc_column width=\u00bb1\/3&#8243;][vc_single_image image=\u00bb9659&#8243; img_size=\u00bbfull\u00bb alignment=\u00bbcenter\u00bb css_animation=\u00bbbounceIn\u00bb][vc_empty_space height=\u00bb20px\u00bb][\/vc_column][vc_column width=\u00bb2\/3&#8243;][vc_column_text]<\/p>\n<h2><span style=\"color: #f244f2;\"><strong>Sango, la preocupada<br \/>\n<\/strong><\/span><\/h2>\n<p>&nbsp;<\/p>\n<h3>Tiene 15 a\u00f1os y desconf\u00eda de todo y todos. Ella es el tipo de persona que cambia su contrase\u00f1a tres veces al d\u00eda y nunca guarda nada en la nube. Su eterna duda es: \u00ab\u00bfQui\u00e9n est\u00e1 detr\u00e1s de eso?. Es delgada, y siempre est\u00e1 en movimiento. Normalmente, siempre tiene un truco debajo de la manga para salir de las situaciones complicadas.<\/h3>\n<p>&nbsp;<\/p>\n<h3>Suele decir a menudo: \u00abNo me gusta esto. No s\u00e9 por qu\u00e9, pero no me gusta&#8230;\u00bb y siempre dice \u00abTe lo dije\u00bb despu\u00e9s. Pero ella es la persona a la que el equipo recurre cuando no saben que hacer.<\/h3>\n<p>[\/vc_column_text][vc_empty_space height=\u00bb20px\u00bb][\/vc_column][\/vc_row][vc_row content_width=\u00bbgrid\u00bb css=\u00bb.vc_custom_1643989097896{padding-top: 50px !important;padding-bottom: 50px !important;background-color: #f2885c !important;}\u00bb el_id=\u00bbimprimables\u00bb][vc_column][vc_empty_space height=\u00bb20px\u00bb][vc_column_text css=\u00bb\u00bb]<\/p>\n<h1><span style=\"color: #283171;\">LOS EPISODIOS EN VERSI\u00d3N DESCARGABLE <\/span><\/h1>\n<p>[\/vc_column_text][vc_empty_space height=\u00bb20px\u00bb]<div class=\"qodef-elements-holder qodef-five-columns qodef-responsive-mode-768\" ><div class=\"qodef-elements-holder-item qodef-vertical-alignment-middle qodef-horizontal-alignment-left\" >\n\t<div class=\"qodef-elements-holder-item-inner\">\n\t\t<div class=\"qodef-elements-holder-item-content qodef-elements-holder-custom-540540\" >\n\t\t\t\t\t\t<a href=\"https:\/\/cybervengers.club\/wp-content\/uploads\/2024\/11\/EP1-ESPAGNOL.pdf\" target=\"_blank\" style=\"color: #ffffff;background-color: #283171;border-color: #ffffff;margin: 0px 20px 20px 0px\" class=\"qodef-btn qodef-btn-medium qodef-btn-default qodef-btn-custom-hover-bg qodef-btn-custom-hover-color\" data-hover-bg-color=\"#ffffff\" data-hover-color=\"#283171\" >\n        <span class=\"qodef-btn-text\">EPISODIO 1<\/span>\n    <span class=\"qodef-btn-text-icon\"><\/span>\n<\/a><a href=\"https:\/\/cybervengers.club\/wp-content\/uploads\/2024\/11\/EP2-ESPAGNOL.pdf\" target=\"_blank\" style=\"color: #ffffff;background-color: #283171;border-color: #ffffff;margin: 0px 20px 20px 0px\" class=\"qodef-btn qodef-btn-medium qodef-btn-default qodef-btn-custom-hover-bg qodef-btn-custom-hover-color\" data-hover-bg-color=\"#ffffff\" data-hover-color=\"#283171\" >\n        <span class=\"qodef-btn-text\">EPISODIO 2<\/span>\n    <span class=\"qodef-btn-text-icon\"><\/span>\n<\/a><a href=\"https:\/\/cybervengers.club\/wp-content\/uploads\/2024\/11\/EP3-ESPAGNOL.pdf\" target=\"_blank\" style=\"color: #ffffff;background-color: #283171;border-color: #ffffff;margin: 0px 20px 20px 0px\" class=\"qodef-btn qodef-btn-medium qodef-btn-default qodef-btn-custom-hover-bg qodef-btn-custom-hover-color\" data-hover-bg-color=\"#ffffff\" data-hover-color=\"#283171\" >\n        <span class=\"qodef-btn-text\">EPISODIO 3<\/span>\n    <span class=\"qodef-btn-text-icon\"><\/span>\n<\/a><a href=\"https:\/\/cybervengers.club\/wp-content\/uploads\/2024\/11\/EP4-ESPAGNOL.pdf\" target=\"_blank\" style=\"color: #ffffff;background-color: #283171;border-color: #ffffff;margin: 0px 20px 20px 0px\" class=\"qodef-btn qodef-btn-medium qodef-btn-default qodef-btn-custom-hover-bg qodef-btn-custom-hover-color\" data-hover-bg-color=\"#ffffff\" data-hover-color=\"#283171\" >\n        <span class=\"qodef-btn-text\">EPISODIO 4<\/span>\n    <span class=\"qodef-btn-text-icon\"><\/span>\n<\/a><a href=\"https:\/\/cybervengers.club\/wp-content\/uploads\/2024\/11\/EP5-ESPAGNOL.pdf\" target=\"_blank\" style=\"color: #ffffff;background-color: #283171;border-color: #ffffff;margin: 0px 20px 20px 0px\" class=\"qodef-btn qodef-btn-medium qodef-btn-default qodef-btn-custom-hover-bg qodef-btn-custom-hover-color\" data-hover-bg-color=\"#ffffff\" data-hover-color=\"#283171\" >\n        <span class=\"qodef-btn-text\">EPISODIO 5<\/span>\n    <span class=\"qodef-btn-text-icon\"><\/span>\n<\/a><a href=\"https:\/\/cybervengers.club\/wp-content\/uploads\/2024\/11\/EP6-ESPAGNOL.pdf\" target=\"_blank\" style=\"color: #ffffff;background-color: #283171;border-color: #ffffff;margin: 0px 20px 20px 0px\" class=\"qodef-btn qodef-btn-medium qodef-btn-default qodef-btn-custom-hover-bg qodef-btn-custom-hover-color\" data-hover-bg-color=\"#ffffff\" data-hover-color=\"#283171\" >\n        <span class=\"qodef-btn-text\">EPISODIO 6<\/span>\n    <span class=\"qodef-btn-text-icon\"><\/span>\n<\/a><a href=\"https:\/\/cybervengers.club\/wp-content\/uploads\/2025\/12\/7-ESP.pdf\" target=\"_blank\" style=\"color: #ffffff;background-color: #283171;border-color: #ffffff;margin: 0px 20px 20px 0px\" class=\"qodef-btn qodef-btn-medium qodef-btn-default qodef-btn-custom-hover-bg qodef-btn-custom-hover-color\" data-hover-bg-color=\"#ffffff\" data-hover-color=\"#283171\" >\n        <span class=\"qodef-btn-text\">EPISODIO 7<\/span>\n    <span class=\"qodef-btn-text-icon\"><\/span>\n<\/a>\t\t<\/div>\n\t<\/div>\n<\/div><\/div>[\/vc_column][\/vc_row][vc_row content_width=\u00bbgrid\u00bb css=\u00bb.vc_custom_1731576705881{background-color: #f2885c !important;}\u00bb][vc_column][vc_empty_space height=\u00bb20px\u00bb][vc_column_text]<\/p>\n<h1><span style=\"color: #283171;\">EL POSTER OFICIAL DE LOS CYBERVENGERS<br \/>\n<\/span><\/h1>\n<p>[\/vc_column_text][vc_empty_space height=\u00bb20px\u00bb][\/vc_column][\/vc_row][vc_row content_width=\u00bbgrid\u00bb css=\u00bb.vc_custom_1633419530123{background-color: #f2885c !important;}\u00bb][vc_column width=\u00bb1\/4&#8243;][vc_single_image image=\u00bb9665&#8243; img_size=\u00bbfull\u00bb][vc_empty_space height=\u00bb20px\u00bb][\/vc_column][vc_column width=\u00bb3\/4&#8243;][vc_column_text]<\/p>\n<h3><span style=\"color: #283171;\">\u00a1Tu puedes ser parte del club!<\/span><br \/>\n<span style=\"color: #283171;\">Descarga e imprime el poster y cu\u00e9lgalo en tu habitaci\u00f3n para ense\u00f1\u00e1rselo a tus padres. Ll\u00e9valo al colegio, y comp\u00e1rtelo con tus amigos.<\/span><\/h3>\n<p>[\/vc_column_text][vc_empty_space height=\u00bb20px\u00bb]<a href=\"https:\/\/cybervengers.club\/wp-content\/uploads\/2023\/03\/poster-Cybervengers-ES.pdf\" target=\"_blank\" style=\"color: #ffffff;background-color: #283171;border-color: #ffffff;margin: 0px 0px 20px 0px\" class=\"qodef-btn qodef-btn-medium qodef-btn-default qodef-btn-custom-hover-bg qodef-btn-custom-hover-color\" data-hover-bg-color=\"#ffffff\" data-hover-color=\"#283171\" >\n        <span class=\"qodef-btn-text\">DESCARGA EL POSTER<\/span>\n    <span class=\"qodef-btn-text-icon\"><\/span>\n<\/a>[\/vc_column][\/vc_row][vc_row content_width=\u00bbgrid\u00bb css=\u00bb.vc_custom_1623776553524{padding-top: 50px !important;padding-bottom: 50px !important;background-color: #f2885c !important;}\u00bb][vc_column][vc_empty_space height=\u00bb20px\u00bb][vc_column_text]<\/p>\n<h1><span style=\"color: #283171;\">GIFs<\/span><\/h1>\n<p>[\/vc_column_text][vc_empty_space height=\u00bb20px\u00bb][vc_column_text]<\/p>\n<h3><span style=\"color: #283171;\">Comparte los GIFs de tu ciber-equipo favorito.<br \/>\n<\/span><\/h3>\n<p>[\/vc_column_text][vc_empty_space height=\u00bb20px\u00bb]<div class=\"qodef-elements-holder qodef-three-columns qodef-responsive-mode-768\" ><div class=\"qodef-elements-holder-item qodef-vertical-alignment-middle qodef-horizontal-alignment-left\" >\n\t<div class=\"qodef-elements-holder-item-inner\">\n\t\t<div class=\"qodef-elements-holder-item-content qodef-elements-holder-custom-224802\" >\n\t\t\t\t\t\t[vc_single_image image=\u00bb9667&#8243; img_size=\u00bbfull\u00bb onclick=\u00bbimg_link_large\u00bb img_link_target=\u00bb_blank\u00bb css_animation=\u00bbnone\u00bb css=\u00bb.vc_custom_1669903172050{padding-bottom: 20px !important;}\u00bb]\t\t<\/div>\n\t<\/div>\n<\/div><div class=\"qodef-elements-holder-item qodef-vertical-alignment-middle qodef-horizontal-alignment-left\" >\n\t<div class=\"qodef-elements-holder-item-inner\">\n\t\t<div class=\"qodef-elements-holder-item-content qodef-elements-holder-custom-596270\" >\n\t\t\t\t\t\t[vc_single_image image=\u00bb9668&#8243; img_size=\u00bbfull\u00bb onclick=\u00bbimg_link_large\u00bb img_link_target=\u00bb_blank\u00bb css=\u00bb.vc_custom_1669903184614{padding-bottom: 20px !important;}\u00bb]\t\t<\/div>\n\t<\/div>\n<\/div><div class=\"qodef-elements-holder-item qodef-vertical-alignment-middle qodef-horizontal-alignment-left\" >\n\t<div class=\"qodef-elements-holder-item-inner\">\n\t\t<div class=\"qodef-elements-holder-item-content qodef-elements-holder-custom-877703\" >\n\t\t\t\t\t\t[vc_single_image image=\u00bb9669&#8243; img_size=\u00bbfull\u00bb onclick=\u00bbimg_link_large\u00bb img_link_target=\u00bb_blank\u00bb css=\u00bb.vc_custom_1669903200153{padding-bottom: 20px !important;}\u00bb]\t\t<\/div>\n\t<\/div>\n<\/div><\/div>[\/vc_column][\/vc_row]<\/p>\n<\/div>","protected":false},"excerpt":{"rendered":"<p>[vc_row content_width=\u00bbgrid\u00bb css=\u00bb.vc_custom_1632318505185{padding-top: 50px !important;padding-right: 50px !important;padding-bottom: 0px !important;padding-left: 50px !important;background-color: #ffffff !important;}\u00bb][vc_column width=\u00bb1\/3&#8243;][vc_single_image image=\u00bb9655&#8243; img_size=\u00bbfull\u00bb alignment=\u00bbcenter\u00bb css_animation=\u00bbbounceIn\u00bb][vc_empty_space height=\u00bb20px\u00bb][\/vc_column][vc_column width=\u00bb2\/3&#8243;][vc_column_text] A\u00efa,&#8230;<\/p>\n","protected":false},"author":1,"featured_media":0,"parent":0,"menu_order":0,"comment_status":"closed","ping_status":"closed","template":"full-width.php","meta":{"footnotes":""},"class_list":["post-9785","page","type-page","status-publish","hentry"],"_links":{"self":[{"href":"https:\/\/cybervengers.club\/es\/wp-json\/wp\/v2\/pages\/9785","targetHints":{"allow":["GET"]}}],"collection":[{"href":"https:\/\/cybervengers.club\/es\/wp-json\/wp\/v2\/pages"}],"about":[{"href":"https:\/\/cybervengers.club\/es\/wp-json\/wp\/v2\/types\/page"}],"author":[{"embeddable":true,"href":"https:\/\/cybervengers.club\/es\/wp-json\/wp\/v2\/users\/1"}],"replies":[{"embeddable":true,"href":"https:\/\/cybervengers.club\/es\/wp-json\/wp\/v2\/comments?post=9785"}],"version-history":[{"count":15,"href":"https:\/\/cybervengers.club\/es\/wp-json\/wp\/v2\/pages\/9785\/revisions"}],"predecessor-version":[{"id":20633,"href":"https:\/\/cybervengers.club\/es\/wp-json\/wp\/v2\/pages\/9785\/revisions\/20633"}],"wp:attachment":[{"href":"https:\/\/cybervengers.club\/es\/wp-json\/wp\/v2\/media?parent=9785"}],"curies":[{"name":"wp","href":"https:\/\/api.w.org\/{rel}","templated":true}]}}