{"id":7748,"date":"2023-01-03T20:18:18","date_gmt":"2023-01-03T19:18:18","guid":{"rendered":"https:\/\/cybervengers.club\/remerciements\/"},"modified":"2024-02-16T08:41:21","modified_gmt":"2024-02-16T07:41:21","slug":"thanks","status":"publish","type":"page","link":"https:\/\/cybervengers.club\/en\/thanks\/","title":{"rendered":"THANKS"},"content":{"rendered":"<div class=\"wpb-content-wrapper\"><p>[vc_row][vc_column][vc_column_text]CyberVengers.club is an educational platform designed to raise awareness of cyber risks among 11-14 year olds. Their vulnerability to these risks and the need to guarantee their safety is a social issue and a major concern for AXA.<\/p>\n<p>&nbsp;<\/p>\n<p>Created by AXA and its AXA Group Operations entity in 2021, the Cybervengers.club platform aims at supporting a safer and more inclusive digital world. This objective is in line with AXA&#8217;s mission, which, as an insurer, is committed to human progress by protecting what matters.<\/p>\n<p>&nbsp;<\/p>\n<h3 style=\"text-align: center;\"><span style=\"color: #283171;\"><strong>IF YOU WOULD LIKE TO JOIN US AND CONTRIBUTE <\/strong><strong>TO THE CREATION <\/strong><\/span><\/h3>\n<h3 style=\"text-align: center;\"><span style=\"color: #283171;\"><strong>OR BROADCAST OF EPISODES <\/strong><strong>OF THE CYBERVENGERS, CONTACT US<\/strong><\/span><\/h3>\n<p>&nbsp;<\/p>\n<p style=\"text-align: center;\"><a href=\"mailto:cybervengers@axa.com\" target=\"_blank\" style=\"color: #fff;background-color: #283171\" class=\"qodef-btn qodef-btn-medium qodef-btn-default qodef-btn-custom-hover-bg qodef-btn-custom-border-hover qodef-btn-custom-hover-color\" data-hover-bg-color=\"#fff\" data-hover-color=\"#283171\" data-hover-border-color=\"#283171\" >\n        <span class=\"qodef-btn-text\">Contact us<\/span>\n    <span class=\"qodef-btn-text-icon\"><i class=\"qodef-icon-font-awesome fa  \" ><\/i><\/span>\n<\/a><\/p>\n<p>&nbsp;<\/p>\n<p>The Cybervengers were created by dedicated people who want to support children and adults alike in a digital world in which they can thrive.<\/p>\n<p>&nbsp;<\/p>\n<p><span style=\"color: #283171;\"><strong>MANY THANKS TO ALL OUR CONTRIBUTORS, <\/strong><strong>SPONSORS, ambassadors and readers around the world!<\/strong><\/span><\/p>\n<p>&nbsp;<\/p>\n<p>And especially to:<\/p>\n<p>&nbsp;<\/p>\n<p><span style=\"color: #283171;\"><b>AXA Group Operations<\/b><\/span><\/p>\n<p>Julia LEPICIER: launch and programme manager (2020-2022)<\/p>\n<p>Virginie BONNELL: programme supervision (from 2023)<\/p>\n<p>Sabrine BELKHIRIA: project management<\/p>\n<p>J\u00e9r\u00f4me FRAVALO: Communication &amp; CSR management<\/p>\n<p>Thanks to our sponsors and the project team: Arnaud, Violaine, Isabelle, J\u00e9r\u00f4me, Jon, Christophe, Julie<\/p>\n<p>Thank you to all the voluntary ambassadors, reviewers and AXA experts: Sara, Roshanak, Laurane, Pierre, Gilles, Anne-Claire, Malgorzata, Thibaut, Rooksana, Mad\u00e9vi, Anne-Sophie, Laurane, Didier, Emiliano, Franck, Loani, Elisabeth, Matthieu, Etienne, Laura, Oliver, Li Lee, Tara, Suvarna, Francisco, Vanda, Joanna, Amrin, Rita&#8230;!<\/p>\n<p>&nbsp;<\/p>\n<p><span style=\"color: #283171;\"><b>Wording Conseil<\/b><\/span><\/p>\n<p>Christine NALIES : agency management<\/p>\n<p>St\u00e9phane SIMONET: artistic direction, web development<\/p>\n<p>Thanks to all the contributors or beta-testers: Chlo\u00e9, Marine, S\u00e9bastien, K\u00e9vin, Astrid, Catherine, Gillian, Alexandre, Pierre<\/p>\n<p>Thanks also to Paul BEAUPERE, our youth writer, the drawaki workshop and the mangaka Nadia TALEB, creator of episode 5 and the following ones&#8230;<\/p>\n<p>&nbsp;<\/p>\n<p><b><span style=\"color: #283171;\">Les Intr\u00e9pides de la Tech<\/span> <\/b><\/p>\n<p>Lucie JAGU: programme manager<\/p>\n<p>Marie GUERIN: educational designer and leader of the &#8220;Cyber risks for secondary schools&#8221; workshop<\/p>\n<p>Thanks to all the teachers who tested the messages with their students, during their <a href=\"https:\/\/www.intrepidesdelatech.org\/nos-actions\/\">Cybersecurity and Cyber Risk workshop with the CyberVengers<\/a><\/p>\n<p>&nbsp;<\/p>\n<p><b><span style=\"color: #283171;\">Campus Cyber<\/span> <\/b><\/p>\n<p>Thanks to the experts Edouard (Capgemini), Walter (DeVinci), St\u00e9phane (Ministry of Education), Jo\u00ebl (Epita)<\/p>\n<p>Thanks to Delphine, communication manager<\/p>\n<p>We also thank the students of the American class of Saint-Germain-en-Laye for inspiring episode 5<\/p>\n<h4><div class=\"qodef-separator-holder clearfix  qodef-separator-center qodef-separator-normal\">\n\t<div class=\"qodef-separator\" ><\/div>\n<\/div>\n<\/h4>\n<p>[\/vc_column_text][\/vc_column][\/vc_row]<\/p>\n<\/div>","protected":false},"excerpt":{"rendered":"<p>[vc_row][vc_column][vc_column_text]CyberVengers.club is an educational platform designed to raise awareness of cyber risks among 11-14 year olds. Their vulnerability to these risks&#8230;<\/p>\n","protected":false},"author":7,"featured_media":0,"parent":0,"menu_order":0,"comment_status":"closed","ping_status":"closed","template":"","meta":{"footnotes":""},"class_list":["post-7748","page","type-page","status-publish","hentry"],"_links":{"self":[{"href":"https:\/\/cybervengers.club\/en\/wp-json\/wp\/v2\/pages\/7748","targetHints":{"allow":["GET"]}}],"collection":[{"href":"https:\/\/cybervengers.club\/en\/wp-json\/wp\/v2\/pages"}],"about":[{"href":"https:\/\/cybervengers.club\/en\/wp-json\/wp\/v2\/types\/page"}],"author":[{"embeddable":true,"href":"https:\/\/cybervengers.club\/en\/wp-json\/wp\/v2\/users\/7"}],"replies":[{"embeddable":true,"href":"https:\/\/cybervengers.club\/en\/wp-json\/wp\/v2\/comments?post=7748"}],"version-history":[{"count":7,"href":"https:\/\/cybervengers.club\/en\/wp-json\/wp\/v2\/pages\/7748\/revisions"}],"predecessor-version":[{"id":13961,"href":"https:\/\/cybervengers.club\/en\/wp-json\/wp\/v2\/pages\/7748\/revisions\/13961"}],"wp:attachment":[{"href":"https:\/\/cybervengers.club\/en\/wp-json\/wp\/v2\/media?parent=7748"}],"curies":[{"name":"wp","href":"https:\/\/api.w.org\/{rel}","templated":true}]}}