{"id":6716,"date":"2021-10-09T10:03:14","date_gmt":"2021-10-09T08:03:14","guid":{"rendered":"https:\/\/cybervengers.club\/?page_id=6716"},"modified":"2022-12-01T16:23:48","modified_gmt":"2022-12-01T15:23:48","slug":"legal-notice","status":"publish","type":"page","link":"https:\/\/cybervengers.club\/en\/legal-notice\/","title":{"rendered":"Legal notice"},"content":{"rendered":"<div class=\"wpb-content-wrapper\"><p>[vc_row content_width=&#8221;grid&#8221;][vc_column][vc_column_text css=&#8221;.vc_custom_1669908190576{padding-bottom: 60px !important;}&#8221;]<strong>PUBLISHER<\/strong><\/p>\n<p>The website\u202fCyberVengers.club is the exclusive property of<strong>\u00a0AXA GROUP OPERATIONS SAS<\/strong>.<\/p>\n<p>&nbsp;<\/p>\n<p><strong>AXA GROUP OPERATIONS<\/strong><\/p>\n<p><strong>An SAS<\/strong><strong>\u202f<\/strong>with a capital of\u202f<strong>\u202f<\/strong><strong>\u20ac<\/strong>\u00a0<strong>198.893.072,70<\/strong><\/p>\n<p>Phone:<strong>01 49 49 40 00<\/strong><\/p>\n<p>Si\u00e8ge social sis\u00a081,\u00a0rue\u00a0Mstislav\u00a0Rostropovitch 75017\u00a0Paris, immatricul\u00e9e au Registre du Commerce et des Soci\u00e9t\u00e9s\u00a0de\u00a0<strong>Paris<\/strong>\u00a0Trade and Companies Register under the number<strong>\u202f399 214 287<\/strong><\/p>\n<p>Intra-community VAT number:<strong>FR72399214287<\/strong><\/p>\n<p>Email address:<a href=\"mailto:cybervengers@axa.com\"><strong>cybervengers@axa.com<\/strong><\/a><\/p>\n<p>Director of Publication:<strong>J\u00e9r\u00f4me\u00a0Fravalo<\/strong><\/p>\n<p>&nbsp;<\/p>\n<p><strong>HOSTING<\/strong><\/p>\n<p>The website is hosted\u202fby\u00a0<strong>OVH\u00a0<\/strong><\/p>\n<p>An SAS with a capital of \u20ac 10.069.020<br \/>\nRCS Lille M\u00e9tropole 424 761 419 00045<br \/>\nCode APE 2620Z<br \/>\nVAT number: FR 22 424 761 419<br \/>\nRegistered office located at 2, rue Kellermann \u2013 59100 Roubaix \u2013 France[\/vc_column_text][\/vc_column][\/vc_row]<\/p>\n<\/div>","protected":false},"excerpt":{"rendered":"<p>[vc_row content_width=&#8221;grid&#8221;][vc_column][vc_column_text css=&#8221;.vc_custom_1669908190576{padding-bottom: 60px !important;}&#8221;]PUBLISHER The website\u202fCyberVengers.club is the exclusive property of\u00a0AXA GROUP OPERATIONS SAS. &nbsp; AXA GROUP OPERATIONS An SAS\u202fwith&#8230;<\/p>\n","protected":false},"author":1,"featured_media":0,"parent":0,"menu_order":0,"comment_status":"closed","ping_status":"closed","template":"","meta":{"footnotes":""},"class_list":["post-6716","page","type-page","status-publish","hentry"],"_links":{"self":[{"href":"https:\/\/cybervengers.club\/en\/wp-json\/wp\/v2\/pages\/6716","targetHints":{"allow":["GET"]}}],"collection":[{"href":"https:\/\/cybervengers.club\/en\/wp-json\/wp\/v2\/pages"}],"about":[{"href":"https:\/\/cybervengers.club\/en\/wp-json\/wp\/v2\/types\/page"}],"author":[{"embeddable":true,"href":"https:\/\/cybervengers.club\/en\/wp-json\/wp\/v2\/users\/1"}],"replies":[{"embeddable":true,"href":"https:\/\/cybervengers.club\/en\/wp-json\/wp\/v2\/comments?post=6716"}],"version-history":[{"count":11,"href":"https:\/\/cybervengers.club\/en\/wp-json\/wp\/v2\/pages\/6716\/revisions"}],"predecessor-version":[{"id":7697,"href":"https:\/\/cybervengers.club\/en\/wp-json\/wp\/v2\/pages\/6716\/revisions\/7697"}],"wp:attachment":[{"href":"https:\/\/cybervengers.club\/en\/wp-json\/wp\/v2\/media?parent=6716"}],"curies":[{"name":"wp","href":"https:\/\/api.w.org\/{rel}","templated":true}]}}