{"id":17576,"date":"2021-05-06T14:15:15","date_gmt":"2021-05-06T12:15:15","guid":{"rendered":"https:\/\/cybervengers.club\/cybervengers-gang-fr\/"},"modified":"2026-04-14T14:52:57","modified_gmt":"2026-04-14T12:52:57","slug":"cybervengers-gang-fr","status":"publish","type":"page","link":"https:\/\/cybervengers.club\/de\/cybervengers-gang-fr\/","title":{"rendered":"CLUB UND BONUS"},"content":{"rendered":"<div class=\"wpb-content-wrapper\"><p>[vc_row content_width=&#8220;grid&#8220; css=&#8220;.vc_custom_1632318505185{padding-top: 50px !important;padding-right: 50px !important;padding-bottom: 0px !important;padding-left: 50px !important;background-color: #ffffff !important;}&#8220;][vc_column width=&#8220;1\/3&#8243;][vc_single_image image=&#8220;17577&#8243; img_size=&#8220;full&#8220; alignment=&#8220;center&#8220; css_animation=&#8220;bounceIn&#8220;][vc_empty_space height=&#8220;20px&#8220;][\/vc_column][vc_column width=&#8220;2\/3&#8243;][vc_column_text css=&#8220;&#8220;]<\/p>\n<h2><span style=\"color: #f244f2;\"><strong>A\u00efa, die Rebellin<\/strong><\/span><\/h2>\n<p>&nbsp;<\/p>\n<h3>15 Jahre alt, immer bereit, etwas auszuprobieren und Vorschriften zu umgehen. Lange, rabenschwarze Haare, bis auf eine lange rote Str\u00e4hne, welche die dunkle und wallende Masse in zwei H\u00e4lften teilt.<\/h3>\n<p>&nbsp;<\/p>\n<h3>Hoodie, Hand in der Bauchtasche, schiefes L\u00e4cheln, zusammengekniffene Augen, geneigter Kopf. Sie ist undurchschaubar, geht gerne ohne Schl\u00fcssel ein und aus, ohne Spuren zu hinterlassen, in einem Raum, einem Geb\u00e4ude, einem Computer oder einem Server.<\/h3>\n<p>[\/vc_column_text][\/vc_column][\/vc_row][vc_row content_width=&#8220;grid&#8220; css=&#8220;.vc_custom_1632318545307{padding-top: 50px !important;padding-right: 50px !important;padding-left: 50px !important;background-color: #ffffff !important;}&#8220;][vc_column width=&#8220;2\/3&#8243;][vc_column_text]<\/p>\n<h2><span style=\"color: #f244f2;\"><strong>Ben, der Vorsichtige<\/strong><\/span><\/h2>\n<p>&nbsp;<\/p>\n<h3>16 Jahre alt, nachdenklich, ruhig und besonnen. Die starke Figur in der Gruppe. Kopf, Beine und das Denken als Bonus. Helles T-Shirt, Jeans, Sneakers, er ist sportlich.<\/h3>\n<p>&nbsp;<\/p>\n<h3>Wenn er eine Taste dr\u00fcckt, tut er es ohne zu z\u00f6gern, denn er hat es sich vorher \u00fcberlegt. In der Gruppe ist er derjenige, dem man folgt, derjenige, der Vertrauen einfl\u00f6sst, derjenige, der beruhigend wirkt.<\/h3>\n<p>[\/vc_column_text][vc_empty_space height=&#8220;20px&#8220;][\/vc_column][vc_column width=&#8220;1\/3&#8243;][vc_single_image image=&#8220;6560&#8243; img_size=&#8220;full&#8220; alignment=&#8220;center&#8220; css_animation=&#8220;bounceIn&#8220;][vc_empty_space height=&#8220;20px&#8220;][\/vc_column][\/vc_row][vc_row content_width=&#8220;grid&#8220; css=&#8220;.vc_custom_1632318552144{padding-top: 50px !important;padding-right: 50px !important;padding-bottom: 0px !important;padding-left: 50px !important;background-color: #ffffff !important;}&#8220;][vc_column width=&#8220;1\/3&#8243;][vc_single_image image=&#8220;6562&#8243; img_size=&#8220;full&#8220; alignment=&#8220;center&#8220; css_animation=&#8220;bounceIn&#8220;][vc_empty_space height=&#8220;20px&#8220;][\/vc_column][vc_column width=&#8220;2\/3&#8243;][vc_column_text css=&#8220;&#8220;]<\/p>\n<h2><span style=\"color: #f244f2;\"><strong>Clara, die Optimistin<\/strong><\/span><\/h2>\n<p>&nbsp;<\/p>\n<h3>Sie ist 15 Jahre alt, hat eine positive Einstellung und findet immer, dass alles einen Versuch wert ist. Clara ist immer f\u00fcr alles zu haben, bringt S\u00fcssigkeiten ins Versteck und tr\u00e4gt ein Kirschparf\u00fcm.<\/h3>\n<p>&nbsp;<\/p>\n<h3>Nichts f\u00fcr schwerwiegend zu empfinden, ist eine ihrer Eigenschaften. Auch wenn sie gemeinsam mit ihren Freunden am Ende immer wieder feststellen muss, dass es trotzdem Situationen gibt, die ziemlich schlimm sein k\u00f6nnen.<\/h3>\n<p>[\/vc_column_text][vc_empty_space height=&#8220;20px&#8220;][\/vc_column][\/vc_row][vc_row content_width=&#8220;grid&#8220; css=&#8220;.vc_custom_1632318563854{padding-top: 50px !important;padding-right: 50px !important;padding-bottom: 0px !important;padding-left: 50px !important;background-color: #ffffff !important;}&#8220;][vc_column width=&#8220;2\/3&#8243;][vc_column_text css=&#8220;&#8220;]<\/p>\n<h2><span style=\"color: #f244f2;\"><strong>Liam, der Konformist<\/strong><\/span><\/h2>\n<p>&nbsp;<\/p>\n<h3>Er ist 13 Jahre alt und der j\u00fcngere Bruder von A\u00efa. In der Schule machen sich alle \u00fcber ihn lustig, weil er gerne seine Schuhe putzt und eine Krawatte tr\u00e4gt, allerdings unter dem T-Shirt, damit sie nicht zu auff\u00e4llig ist. Die anderen sollen sie nicht zu sehr bemerken!<\/h3>\n<p>&nbsp;<\/p>\n<h3>Liam ist derjenige, der die gesamten Allgemeinen Gesch\u00e4ftsbedingungen durchliest, die man akzeptieren muss, bevor er sich auf einer Website anmelden kann. Er ist sich bewusst, dass er der Einzige ist, der das macht. Seine Freunde sind sich sicher, dass diese Eigenschaft eines Tages noch n\u00fctzlich sein wird. Wann genau das sein wird, ist nicht klar aber eines Tages wird es so sein.<\/h3>\n<p>[\/vc_column_text][vc_empty_space height=&#8220;20px&#8220;][\/vc_column][vc_column width=&#8220;1\/3&#8243;][vc_single_image image=&#8220;6564&#8243; img_size=&#8220;full&#8220; alignment=&#8220;center&#8220; css_animation=&#8220;bounceIn&#8220;][vc_empty_space height=&#8220;20px&#8220;][\/vc_column][\/vc_row][vc_row content_width=&#8220;grid&#8220; css=&#8220;.vc_custom_1632318620145{padding-top: 50px !important;padding-right: 50px !important;padding-bottom: 50px !important;padding-left: 50px !important;background-color: #ffffff !important;}&#8220;][vc_column width=&#8220;1\/3&#8243;][vc_single_image image=&#8220;6566&#8243; img_size=&#8220;full&#8220; alignment=&#8220;center&#8220; css_animation=&#8220;bounceIn&#8220;][vc_empty_space height=&#8220;20px&#8220;][\/vc_column][vc_column width=&#8220;2\/3&#8243;][vc_column_text css=&#8220;&#8220;]<\/p>\n<h2><span style=\"color: #f244f2;\"><strong><br \/>\nSango, die \u00c4ngstliche<br \/>\n<\/strong><\/span><\/h2>\n<p>&nbsp;<\/p>\n<h3>15 Jahre alt, misstraut allem und jedem. Sie ist eine von denen, die ihr Passwort dreimal am Tag \u00e4ndert und nichts online l\u00e4sst. Ihre ewige Frage lautet: \u00abWer steckt dahinter? \u00bb. Sie ist schlank, immer in Bewegung, tr\u00e4gt Latzhosen und hat immer den richtigen \u00abTrick\u00bb parat, um aus einer komplizierten Situation herauszukommen.<\/h3>\n<p>&nbsp;<\/p>\n<h3>Sie ist auch diejenige, die jeweils sagt: \u00abIrgendetwas ist faul in dieser Angelegenheit. Ich weiss nicht wieso, aber es gef\u00e4llt mir gar nicht.\u00bb Ebenfalls sagt sie am Schluss immer: \u00abich habe es euch doch gesagt!\u00bb Trotzdem fragen ihre Freunde sie um Rat, sobald sie nicht mehr weiterwissen.<\/h3>\n<p>[\/vc_column_text][vc_empty_space height=&#8220;20px&#8220;][\/vc_column][\/vc_row][vc_row content_width=&#8220;grid&#8220; css=&#8220;.vc_custom_1731577302564{padding-top: 50px !important;padding-bottom: 50px !important;background-color: #f2885c !important;}&#8220; el_id=&#8220;imprimables&#8220;][vc_column][vc_empty_space height=&#8220;20px&#8220;][vc_column_text css=&#8220;&#8220;]<\/p>\n<h1><span style=\"color: #283171;\">DIE EPISODEN IN HERUNTERLADBARER VERSION<\/span><\/h1>\n<p>[\/vc_column_text][vc_empty_space height=&#8220;20px&#8220;]<div class=\"qodef-elements-holder qodef-five-columns qodef-responsive-mode-768\" ><div class=\"qodef-elements-holder-item qodef-vertical-alignment-middle qodef-horizontal-alignment-left\" >\n\t<div class=\"qodef-elements-holder-item-inner\">\n\t\t<div class=\"qodef-elements-holder-item-content qodef-elements-holder-custom-919267\" >\n\t\t\t\t\t\t<a href=\"https:\/\/cybervengers.club\/wp-content\/uploads\/2025\/07\/EPISODE-01.pdf\" target=\"_blank\" style=\"color: #ffffff;background-color: #283171;border-color: #ffffff;margin: 0px 20px 20px 0px\" class=\"qodef-btn qodef-btn-medium qodef-btn-default qodef-btn-custom-hover-bg qodef-btn-custom-hover-color\" data-hover-bg-color=\"#ffffff\" data-hover-color=\"#283171\" >\n        <span class=\"qodef-btn-text\">EPISODE 1<\/span>\n    <span class=\"qodef-btn-text-icon\"><\/span>\n<\/a><a href=\"https:\/\/cybervengers.club\/wp-content\/uploads\/2025\/07\/EPISODE-02.pdf\" target=\"_blank\" style=\"color: #ffffff;background-color: #283171;border-color: #ffffff;margin: 0px 20px 20px 0px\" class=\"qodef-btn qodef-btn-medium qodef-btn-default qodef-btn-custom-hover-bg qodef-btn-custom-hover-color\" data-hover-bg-color=\"#ffffff\" data-hover-color=\"#283171\" >\n        <span class=\"qodef-btn-text\">Episode 2<\/span>\n    <span class=\"qodef-btn-text-icon\"><\/span>\n<\/a><a href=\"https:\/\/cybervengers.club\/wp-content\/uploads\/2025\/07\/EPISODE-03.pdf\" target=\"_blank\" style=\"color: #ffffff;background-color: #283171;border-color: #ffffff;margin: 0px 20px 20px 0px\" class=\"qodef-btn qodef-btn-medium qodef-btn-default qodef-btn-custom-hover-bg qodef-btn-custom-hover-color\" data-hover-bg-color=\"#ffffff\" data-hover-color=\"#283171\" >\n        <span class=\"qodef-btn-text\">Episode 3<\/span>\n    <span class=\"qodef-btn-text-icon\"><\/span>\n<\/a><a href=\"https:\/\/cybervengers.club\/wp-content\/uploads\/2025\/07\/EPISODE-04.pdf\" target=\"_blank\" style=\"color: #ffffff;background-color: #283171;border-color: #ffffff;margin: 0px 20px 20px 0px\" class=\"qodef-btn qodef-btn-medium qodef-btn-default qodef-btn-custom-hover-bg qodef-btn-custom-hover-color\" data-hover-bg-color=\"#ffffff\" data-hover-color=\"#283171\" >\n        <span class=\"qodef-btn-text\">Episode 4<\/span>\n    <span class=\"qodef-btn-text-icon\"><\/span>\n<\/a><a href=\"https:\/\/cybervengers.club\/wp-content\/uploads\/2025\/07\/EPISODE-05.pdf\" target=\"_blank\" style=\"color: #ffffff;background-color: #283171;border-color: #ffffff;margin: 0px 20px 20px 0px\" class=\"qodef-btn qodef-btn-medium qodef-btn-default qodef-btn-custom-hover-bg qodef-btn-custom-hover-color\" data-hover-bg-color=\"#ffffff\" data-hover-color=\"#283171\" >\n        <span class=\"qodef-btn-text\">Episode 5<\/span>\n    <span class=\"qodef-btn-text-icon\"><\/span>\n<\/a><a href=\"https:\/\/cybervengers.club\/wp-content\/uploads\/2025\/07\/EPISODE-06.pdf\" target=\"_blank\" style=\"color: #ffffff;background-color: #283171;border-color: #ffffff;margin: 0px 20px 20px 0px\" class=\"qodef-btn qodef-btn-medium qodef-btn-default qodef-btn-custom-hover-bg qodef-btn-custom-hover-color\" data-hover-bg-color=\"#ffffff\" data-hover-color=\"#283171\" >\n        <span class=\"qodef-btn-text\">Episode 6<\/span>\n    <span class=\"qodef-btn-text-icon\"><\/span>\n<\/a><a href=\"https:\/\/cybervengers.club\/wp-content\/uploads\/2026\/04\/Cybervengers-Ep07-all.pdf\" target=\"_blank\" style=\"color: #ffffff;background-color: #283171;border-color: #ffffff;margin: 0px 20px 20px 0px\" class=\"qodef-btn qodef-btn-medium qodef-btn-default qodef-btn-custom-hover-bg qodef-btn-custom-hover-color\" data-hover-bg-color=\"#ffffff\" data-hover-color=\"#283171\" >\n        <span class=\"qodef-btn-text\">Episode 7<\/span>\n    <span class=\"qodef-btn-text-icon\"><\/span>\n<\/a>\t\t<\/div>\n\t<\/div>\n<\/div><\/div>[vc_empty_space height=&#8220;20px&#8220;][\/vc_column][\/vc_row][vc_row content_width=&#8220;grid&#8220; css=&#8220;.vc_custom_1731577349610{background-color: #f2885c !important;}&#8220;][vc_column][vc_empty_space height=&#8220;20px&#8220;][vc_column_text]<\/p>\n<h1><span style=\"color: #283171;\">DAS OFFIZIELLE POSTER<br \/>\n<\/span><\/h1>\n<p>[\/vc_column_text][vc_empty_space height=&#8220;20px&#8220;][\/vc_column][\/vc_row][vc_row content_width=&#8220;grid&#8220; css=&#8220;.vc_custom_1633419530123{background-color: #f2885c !important;}&#8220;][vc_column width=&#8220;1\/4&#8243;][vc_single_image image=&#8220;6644&#8243; img_size=&#8220;full&#8220;][vc_empty_space height=&#8220;20px&#8220;][\/vc_column][vc_column width=&#8220;3\/4&#8243;][vc_column_text]<\/p>\n<h3><span style=\"color: #283171;\">Du kannst dem Club der CyberVengers beitreten!<br \/>\nLade dieses Poster herunter und druck es aus. Du kannst es in deinem Zimmer aufh\u00e4ngen, deinen Eltern zeigen oder in die Schule mitnehmen, deinen Freunden schenken&#8230;<br \/>\n<\/span><\/h3>\n<p>[\/vc_column_text][vc_empty_space height=&#8220;20px&#8220;]<a href=\"https:\/\/cybervengers.club\/wp-content\/uploads\/2024\/07\/poster-Cybervengers-D2.pdf\" target=\"_blank\" style=\"color: #ffffff;background-color: #283171;border-color: #ffffff;margin: 0px 0px 20px 0px\" class=\"qodef-btn qodef-btn-medium qodef-btn-default qodef-btn-custom-hover-bg qodef-btn-custom-hover-color\" data-hover-bg-color=\"#ffffff\" data-hover-color=\"#283171\" >\n        <span class=\"qodef-btn-text\">POSTER HERUNTERLADEN<\/span>\n    <span class=\"qodef-btn-text-icon\"><\/span>\n<\/a>[\/vc_column][\/vc_row][vc_row content_width=&#8220;grid&#8220; css=&#8220;.vc_custom_1623776553524{padding-top: 50px !important;padding-bottom: 50px !important;background-color: #f2885c !important;}&#8220;][vc_column][vc_empty_space height=&#8220;20px&#8220;][vc_column_text]<\/p>\n<h1><span style=\"color: #283171;\">GIFs<\/span><\/h1>\n<p>[\/vc_column_text][vc_empty_space height=&#8220;20px&#8220;][vc_column_text]<\/p>\n<h3><span style=\"color: #283171;\">Teile die GIFs deiner Lieblings-Cyberbande!<\/span><\/h3>\n<p>[\/vc_column_text][vc_empty_space height=&#8220;20px&#8220;]<div class=\"qodef-elements-holder qodef-three-columns qodef-responsive-mode-768\" ><div class=\"qodef-elements-holder-item qodef-vertical-alignment-middle qodef-horizontal-alignment-left\" >\n\t<div class=\"qodef-elements-holder-item-inner\">\n\t\t<div class=\"qodef-elements-holder-item-content qodef-elements-holder-custom-930548\" >\n\t\t\t\t\t\t[vc_single_image image=&#8220;6631&#8243; img_size=&#8220;full&#8220; onclick=&#8220;img_link_large&#8220; img_link_target=&#8220;_blank&#8220; css_animation=&#8220;none&#8220; css=&#8220;.vc_custom_1633418062374{padding-bottom: 20px !important;}&#8220;]\t\t<\/div>\n\t<\/div>\n<\/div><div class=\"qodef-elements-holder-item qodef-vertical-alignment-middle qodef-horizontal-alignment-left\" >\n\t<div class=\"qodef-elements-holder-item-inner\">\n\t\t<div class=\"qodef-elements-holder-item-content qodef-elements-holder-custom-251165\" >\n\t\t\t\t\t\t[vc_single_image image=&#8220;6632&#8243; img_size=&#8220;full&#8220; onclick=&#8220;img_link_large&#8220; img_link_target=&#8220;_blank&#8220; css=&#8220;.vc_custom_1633418689963{padding-bottom: 20px !important;}&#8220;]\t\t<\/div>\n\t<\/div>\n<\/div><div class=\"qodef-elements-holder-item qodef-vertical-alignment-middle qodef-horizontal-alignment-left\" >\n\t<div class=\"qodef-elements-holder-item-inner\">\n\t\t<div class=\"qodef-elements-holder-item-content qodef-elements-holder-custom-953373\" >\n\t\t\t\t\t\t[vc_single_image image=&#8220;6902&#8243; img_size=&#8220;full&#8220; onclick=&#8220;img_link_large&#8220; img_link_target=&#8220;_blank&#8220; css=&#8220;.vc_custom_1643407042030{padding-bottom: 20px !important;}&#8220;]\t\t<\/div>\n\t<\/div>\n<\/div><\/div>[\/vc_column][\/vc_row]<\/p>\n<\/div>","protected":false},"excerpt":{"rendered":"<p>[vc_row content_width=&#8220;grid&#8220; css=&#8220;.vc_custom_1632318505185{padding-top: 50px !important;padding-right: 50px !important;padding-bottom: 0px !important;padding-left: 50px !important;background-color: #ffffff !important;}&#8220;][vc_column width=&#8220;1\/3&#8243;][vc_single_image image=&#8220;17577&#8243; img_size=&#8220;full&#8220; alignment=&#8220;center&#8220; css_animation=&#8220;bounceIn&#8220;][vc_empty_space height=&#8220;20px&#8220;][\/vc_column][vc_column width=&#8220;2\/3&#8243;][vc_column_text css=&#8220;&#8220;]&#8230;<\/p>\n","protected":false},"author":1,"featured_media":0,"parent":0,"menu_order":0,"comment_status":"closed","ping_status":"closed","template":"full-width.php","meta":{"footnotes":""},"class_list":["post-17576","page","type-page","status-publish","hentry"],"_links":{"self":[{"href":"https:\/\/cybervengers.club\/de\/wp-json\/wp\/v2\/pages\/17576","targetHints":{"allow":["GET"]}}],"collection":[{"href":"https:\/\/cybervengers.club\/de\/wp-json\/wp\/v2\/pages"}],"about":[{"href":"https:\/\/cybervengers.club\/de\/wp-json\/wp\/v2\/types\/page"}],"author":[{"embeddable":true,"href":"https:\/\/cybervengers.club\/de\/wp-json\/wp\/v2\/users\/1"}],"replies":[{"embeddable":true,"href":"https:\/\/cybervengers.club\/de\/wp-json\/wp\/v2\/comments?post=17576"}],"version-history":[{"count":5,"href":"https:\/\/cybervengers.club\/de\/wp-json\/wp\/v2\/pages\/17576\/revisions"}],"predecessor-version":[{"id":21255,"href":"https:\/\/cybervengers.club\/de\/wp-json\/wp\/v2\/pages\/17576\/revisions\/21255"}],"wp:attachment":[{"href":"https:\/\/cybervengers.club\/de\/wp-json\/wp\/v2\/media?parent=17576"}],"curies":[{"name":"wp","href":"https:\/\/api.w.org\/{rel}","templated":true}]}}