{"id":14061,"date":"2021-05-25T19:34:34","date_gmt":"2021-05-25T17:34:34","guid":{"rendered":"https:\/\/cybervengers.club\/ensemble\/"},"modified":"2026-03-09T11:12:44","modified_gmt":"2026-03-09T10:12:44","slug":"gemeinsam","status":"publish","type":"page","link":"https:\/\/cybervengers.club\/de-ch\/gemeinsam\/","title":{"rendered":"GEMEINSAM"},"content":{"rendered":"<div class=\"wpb-content-wrapper\"><p>[vc_row content_width=&#187;grid&#187; content_aligment=&#187;center&#187; css=&#187;.vc_custom_1651228030769{padding-top: 40px !important;}&#187;][vc_column][vc_column_text css=&#187;&#187;]<\/p>\n<div style=\"width: 1100px;\" class=\"wp-video\"><video class=\"wp-video-shortcode\" id=\"video-14061-1\" width=\"1100\" height=\"619\" preload=\"metadata\" controls=\"controls\"><source type=\"video\/mp4\" src=\"https:\/\/cybervengers.club\/wp-content\/uploads\/2024\/06\/Complet-adresse-web-D-2.mp4?_=1\" \/><a href=\"https:\/\/cybervengers.club\/wp-content\/uploads\/2024\/06\/Complet-adresse-web-D-2.mp4\">https:\/\/cybervengers.club\/wp-content\/uploads\/2024\/06\/Complet-adresse-web-D-2.mp4<\/a><\/video><\/div>\n<p>[\/vc_column_text][\/vc_column][\/vc_row][vc_row content_width=&#187;grid&#187; css=&#187;.vc_custom_1623768468766{padding-top: 50px !important;padding-bottom: 50px !important;background-color: #ffffff !important;}&#187;][vc_column width=&#187;1\/2&#8243; css=&#187;.vc_custom_1623768703116{background-color: #e0e0e0 !important;}&#187;][vc_empty_space height=&#187;20px&#187;][vc_column_text css=&#187;.vc_custom_1721832416483{padding-right: 20px !important;padding-left: 20px !important;}&#187;]<\/p>\n<h1><span style=\"color: #283171;\">Eltern, Lehrerinnen und Lehrer, Betreuerinnen und Betreuer<br \/>\n<\/span><\/h1>\n<p>[\/vc_column_text][vc_empty_space height=&#187;20px&#187;][vc_column_text css=&#187;.vc_custom_1751730006105{padding-right: 20px !important;padding-left: 20px !important;}&#187;]<\/p>\n<h3><strong><span style=\"color: #000000;\">Die Vermeidung von Cyber-Risiken bei Kindern ist zu einer echten gesellschaftlichen Herausforderung geworden.<\/span><\/strong><\/h3>\n<p><span style=\"color: #000000;\">\u00a0<\/span><\/p>\n<h3><span style=\"color: #000000;\">Wie wir alle wissen, k\u00f6nnen diese Gefahren ernsthafte Konsequenzen f\u00fcr unsere Jugendlichen haben: Schulabbruch, Einsamkeit, Depressionen oder noch schwerwiegendere Folgen.<\/span><\/h3>\n<p>&nbsp;<\/p>\n<h3><span style=\"color: #000000;\"><strong>Es ist daher dringend notwendig, ihnen zu helfen, die Gefahren zu entschl\u00fcsseln erkennen, um ihnen aus dem Weg zu gehen. Die Website, auf der Sie sich gerade befinden \u2013 cybervengers.club \u2013 soll Teenagern (11 bis 14 Jahre) diese Risiken n\u00e4her bringen. Wir haben sie f\u00fcr sie konzipiert: spielerisch, interaktiv, p\u00e4dagogisch.<br \/>\n<\/strong><\/span><\/h3>\n<p>&nbsp;<\/p>\n<h3>Die Jugendlichen k\u00f6nnen in v\u00f6lliger Selbst\u00e4ndigkeit mithilfe der Cybervengers, einer Serie von Webtoons mit Quiz und Goodies, die Regeln der Internetnutzung besser verstehen und die Fallstricke des Internets umgehen.<\/h3>\n<p>&nbsp;<\/p>\n<h3><span style=\"color: #000000;\"><strong>Da Sie eine wichtige Rolle spielen, stellen wir Ihnen zudem ein Begleitpaket zur Verf\u00fcgung.<\/strong><\/span><\/h3>\n<p>&nbsp;<\/p>\n<h3>Das Ziel ist es, mit den Jugendlichen \u00fcber Cyberrisiken in den Dialog zu treten. Diese Begleitpaket soll ihnen die Fehler, die sie online vermeiden sollten, bewusst machen und ihre Kenntnisse verbessern, damit sie sicher im Internet surfen k\u00f6nnen.<\/h3>\n<p>[\/vc_column_text][vc_empty_space height=&#187;20px&#187;][\/vc_column][vc_column width=&#187;1\/2&#8243;][vc_empty_space height=&#187;20px&#187;][vc_column_text css=&#187;.vc_custom_1710417499220{padding-right: 20px !important;padding-left: 20px !important;}&#187;]<\/p>\n<h1><span style=\"color: #283171;\">Definition Cyber-<br \/>\n<\/span><\/h1>\n<p>[\/vc_column_text][vc_empty_space height=&#187;20px&#187;][vc_column_text css=&#187;.vc_custom_1710417569382{padding-right: 20px !important;padding-left: 20px !important;}&#187;]<\/p>\n<h3><span style=\"color: #000000;\"><em><span style=\"font-weight: 400;\">(aus dem Griechischen kubern\u00e2n, regieren).<\/span><\/em><\/span><\/h3>\n<h3><span style=\"color: #000000;\">Pr\u00e4fix, das zur Bildung sehr vieler W\u00f6rter dient, die sich auf die Nutzung des Internets beziehen.<\/span><\/h3>\n<p>&nbsp;<\/p>\n<h4><span style=\"font-weight: 400; color: #000000;\">Larousse-W\u00f6rterbuch<\/span><\/h4>\n<p>&nbsp;<\/p>\n<h4><em><span style=\"font-weight: 400; color: #000000;\"> Beispiele f\u00fcr Cyberrisiken: Cyberangriff, Cyberabh\u00e4ngigkeit, Cybermobbing, Falschmeldung, Phishing, Spielsucht, Gewalt, anst\u00f6ssige Inhalte, Terrorismus, Viren, Sexting (Textnachrichten mit sexuellem Inhalt), P\u00e4dophilie, Kaufbetrug, Bildschirmsucht, photoshoppte und\/oder ver\u00e4nderte Bilder, Cyberspionage, Diebstahl geistigen Eigentums usw.<\/span><\/em><\/h4>\n<p>[\/vc_column_text][vc_empty_space height=&#187;30px&#187;][vc_column_text css=&#187;.vc_custom_1710417579636{padding-right: 20px !important;padding-left: 20px !important;}&#187;]<\/p>\n<h1><span style=\"color: #283171;\">Definition Webtoon<br \/>\n<\/span><\/h1>\n<p>[\/vc_column_text][vc_empty_space height=&#187;20px&#187;][vc_column_text css=&#187;.vc_custom_1710417590884{padding-right: 20px !important;padding-left: 20px !important;}&#187;]<\/p>\n<h3>Webtoons sind Webcomics (Internet-Comics) s\u00fcdkoreanischen Ursprungs, die online durch Scrollen (vertikales Lesen von oben nach unten) gelesen werden. Das Leseformat ist rechteckig und an die Bildschirme von Smartphones angepasst ist.<\/h3>\n<p>[\/vc_column_text][\/vc_column][\/vc_row][vc_row][vc_column][vc_column_text]<\/p>\n<p>[\/vc_column_text][\/vc_column][\/vc_row][vc_row content_width=&#187;grid&#187; css=&#187;.vc_custom_1623768752756{padding-top: 50px !important;padding-bottom: 50px !important;background-color: #283171 !important;}&#187;][vc_column][vc_empty_space height=&#187;20px&#187;][vc_column_text]<\/p>\n<h1><span style=\"color: #ffffff;\">DAS BEGLEITPAKET<br \/>\n<\/span><\/h1>\n<p>[\/vc_column_text][vc_empty_space height=&#187;20px&#187;][vc_column_text css=&#187;&#187;]<\/p>\n<h3><span style=\"color: #ffffff;\">Laden Sie es sich herunter. Dieses Material wird Ihnen dabei helfen, Cyber-Risiken mit den Jugendlichen zu thematisieren.<br \/>\n<\/span><\/h3>\n<p>[\/vc_column_text][vc_empty_space height=&#187;20px&#187;]<a href=\"https:\/\/cybervengers.club\/wp-content\/uploads\/2024\/03\/German_Cybervengers_Website-Kit.pdf\" target=\"_blank\" style=\"color: #283171;background-color: #ffffff;font-size: 20px;font-weight: 700;margin: 0px 25px 20px 0px\" class=\"qodef-btn qodef-btn-small qodef-btn-default qodef-btn-custom-hover-bg qodef-btn-custom-border-hover qodef-btn-custom-hover-color\" data-hover-bg-color=\"#283171\" data-hover-color=\"#ffffff\" data-hover-border-color=\"#ffffff\" >\n        <span class=\"qodef-btn-text\">DEUTSCH PDF<\/span>\n    <span class=\"qodef-btn-text-icon\"><\/span>\n<\/a>[vc_empty_space height=&#187;20px&#187;][\/vc_column][\/vc_row][vc_row content_width=&#187;grid&#187; css=&#187;.vc_custom_1731585746793{padding-top: 50px !important;padding-bottom: 50px !important;background-color: #f3885c !important;}&#187;][vc_column][vc_empty_space height=&#187;20px&#187;][vc_column_text css=&#187;&#187;]<\/p>\n<h1><span style=\"color: #ffffff;\">DIE EPISODEN IN HERUNTERLADBARER VERSION<br \/>\n<\/span><\/h1>\n<p>[\/vc_column_text][vc_empty_space height=&#187;20px&#187;]<a href=\"https:\/\/cybervengers.club\/de-ch\/bonus\/#imprimables\" target=\"_self\" style=\"color: #283171;background-color: #ffffff;font-size: 20px;font-weight: 700;margin: 0px 25px 20px 0px\" class=\"qodef-btn qodef-btn-small qodef-btn-default qodef-btn-custom-hover-bg qodef-btn-custom-border-hover qodef-btn-custom-hover-color\" data-hover-bg-color=\"#283171\" data-hover-color=\"#ffffff\" data-hover-border-color=\"#ffffff\" >\n        <span class=\"qodef-btn-text\">KLICKEN SIE HIER \ud83d\ude42<\/span>\n    <span class=\"qodef-btn-text-icon\"><\/span>\n<\/a>[vc_empty_space height=&#187;20px&#187;][\/vc_column][\/vc_row][vc_row][vc_column][vc_column_text]<\/p>\n<p>[\/vc_column_text][\/vc_column][\/vc_row][vc_row content_width=&#187;grid&#187; css=&#187;.vc_custom_1623768752757{padding-top: 50px !important;padding-bottom: 50px !important;background-color: #00B0F0 !important;}&#187;][vc_column][vc_empty_space height=&#187;20px&#187;][vc_column_text]<\/p>\n<h1><span style=\"color: #ffffff;\">SIE M\u00d6CHTEN ZUR ENTSTEHUNG ODER VERBREITUNG VON EPISODEN DER CYBERVENGERS BEITRAGEN?<br \/>\n<\/span><\/h1>\n<p>[\/vc_column_text][vc_empty_space height=&#187;20px&#187;]<a href=\"https:\/\/cybervengers.club\/de-ch\/remerciements\/\" target=\"_blank\" style=\"color: #283171;background-color: #ffffff;font-size: 20px;font-weight: 700;margin: 0px 25px 20px 0px\" class=\"qodef-btn qodef-btn-small qodef-btn-default qodef-btn-custom-hover-bg qodef-btn-custom-border-hover qodef-btn-custom-hover-color\" data-hover-bg-color=\"#283171\" data-hover-color=\"#ffffff\" data-hover-border-color=\"#ffffff\" >\n        <span class=\"qodef-btn-text\">KONTAKTIEREN SIE UNS<\/span>\n    <span class=\"qodef-btn-text-icon\"><\/span>\n<\/a>[vc_empty_space height=&#187;20px&#187;][\/vc_column][\/vc_row]<\/p>\n<\/div>","protected":false},"excerpt":{"rendered":"<p>[vc_row content_width=&#187;grid&#187; content_aligment=&#187;center&#187; css=&#187;.vc_custom_1651228030769{padding-top: 40px !important;}&#187;][vc_column][vc_column_text css=&#187;&#187;] [\/vc_column_text][\/vc_column][\/vc_row][vc_row content_width=&#187;grid&#187; css=&#187;.vc_custom_1623768468766{padding-top: 50px !important;padding-bottom: 50px !important;background-color: #ffffff !important;}&#187;][vc_column width=&#187;1\/2&#8243; css=&#187;.vc_custom_1623768703116{background-color: #e0e0e0 !important;}&#187;][vc_empty_space height=&#187;20px&#187;][vc_column_text&#8230;<\/p>\n","protected":false},"author":1,"featured_media":0,"parent":0,"menu_order":0,"comment_status":"closed","ping_status":"closed","template":"full-width.php","meta":{"footnotes":""},"class_list":["post-14061","page","type-page","status-publish","hentry"],"_links":{"self":[{"href":"https:\/\/cybervengers.club\/de-ch\/wp-json\/wp\/v2\/pages\/14061","targetHints":{"allow":["GET"]}}],"collection":[{"href":"https:\/\/cybervengers.club\/de-ch\/wp-json\/wp\/v2\/pages"}],"about":[{"href":"https:\/\/cybervengers.club\/de-ch\/wp-json\/wp\/v2\/types\/page"}],"author":[{"embeddable":true,"href":"https:\/\/cybervengers.club\/de-ch\/wp-json\/wp\/v2\/users\/1"}],"replies":[{"embeddable":true,"href":"https:\/\/cybervengers.club\/de-ch\/wp-json\/wp\/v2\/comments?post=14061"}],"version-history":[{"count":21,"href":"https:\/\/cybervengers.club\/de-ch\/wp-json\/wp\/v2\/pages\/14061\/revisions"}],"predecessor-version":[{"id":17186,"href":"https:\/\/cybervengers.club\/de-ch\/wp-json\/wp\/v2\/pages\/14061\/revisions\/17186"}],"wp:attachment":[{"href":"https:\/\/cybervengers.club\/de-ch\/wp-json\/wp\/v2\/media?parent=14061"}],"curies":[{"name":"wp","href":"https:\/\/api.w.org\/{rel}","templated":true}]}}