{"id":13984,"date":"2023-01-03T20:18:18","date_gmt":"2023-01-03T19:18:18","guid":{"rendered":"https:\/\/cybervengers.club\/remerciements\/"},"modified":"2026-03-09T11:08:26","modified_gmt":"2026-03-09T10:08:26","slug":"danksagung","status":"publish","type":"page","link":"https:\/\/cybervengers.club\/de-ch\/danksagung\/","title":{"rendered":"DANKSAGUNG"},"content":{"rendered":"<div class=\"wpb-content-wrapper\"><p>[vc_row][vc_column][vc_column_text css=&#187;&#187;]CyberVengers.club ist eine Bildungsplattform, die entwickelt wurde, um Jugendliche zwischen 11 und 14 Jahren auf Cyberrisiken aufmerksam zu machen. Ihre Anf\u00e4lligkeit f\u00fcr diese Risiken und die Notwendigkeit, ihre Sicherheit zu gew\u00e4hrleisten, ist eine gesellschaftliche Herausforderung und ein wichtiges Anliegen von AXA.<\/p>\n<p>&nbsp;<\/p>\n<p>Die von AXA und ihrer Einheit AXA Group Operations im Jahr 2021 gegr\u00fcndete Plattform Cybervengers.club bezweckt die Aufrechterhaltung einer integrativen und sichereren digitalen Welt. Ein Ziel, das im Einklang mit der Mission von AXA steht, als Versicherungsunternehmen den menschlichen Fortschritt zu f\u00f6rdern, indem sie sch\u00fctzt, was wertvoll ist.<\/p>\n<p>&nbsp;<\/p>\n<h3 style=\"text-align: center;\"><span style=\"color: #283171;\"><b>WENN SIE SICH UNS ANSCHLIESSEN UND ZUR GESTALTUNG ODER ZUR VERBREITUNG VON CYBERVENGERS-EPISODEN BEITRAGEN M\u00d6CHTEN<\/b><\/span><\/h3>\n<p>&nbsp;<\/p>\n<p style=\"text-align: center;\"><a href=\"mailto:cybervengers@axa.com\" target=\"_blank\" style=\"color: #fff;background-color: #283171\" class=\"qodef-btn qodef-btn-medium qodef-btn-default qodef-btn-custom-hover-bg qodef-btn-custom-border-hover qodef-btn-custom-hover-color\" data-hover-bg-color=\"#fff\" data-hover-color=\"#283171\" data-hover-border-color=\"#283171\" >\n        <span class=\"qodef-btn-text\">KONTAKTIEREN SIE UNS<\/span>\n    <span class=\"qodef-btn-text-icon\"><i class=\"qodef-icon-font-awesome fa  \" ><\/i><\/span>\n<\/a><\/p>\n<p>&nbsp;<\/p>\n<p>Die CyberVengers wurden von engagierten Menschen ins Leben gerufen. Sie m\u00f6chten Kinder und Erwachsene in eine Digitale Welt begleiten, in der sie sich entfalten k\u00f6nnen.<\/p>\n<p>&nbsp;<\/p>\n<p><span style=\"color: #283171;\"><b>EIN HERZLICHES DANKESCH\u00d6N AN ALLE UNSERE UNTERST\u00dcTZER, SPONSOREN, Botschafter und Leser auf der ganzen Welt!<\/b><\/span><\/p>\n<p>&nbsp;<\/p>\n<p>Ein ganz spezieller Dank geht an:<\/p>\n<p>&nbsp;<\/p>\n<p><span style=\"color: #283171;\"><b>AXA Group Operations<\/b><\/span><\/p>\n<p style=\"font-weight: 400;\">Julia LEPICIER: Einf\u00fchrung und Leitung des Programms (2020-2022).<\/p>\n<p style=\"font-weight: 400;\">Virginie BONNELL: Aufsicht \u00fcber das Programm (ab 2023).<\/p>\n<p style=\"font-weight: 400;\">Sabrine BELKHIRIA: Projektmanagement<\/p>\n<p style=\"font-weight: 400;\">J\u00e9r\u00f4me FRAVALO: Leitung der Kommunikation &amp; CSR<\/p>\n<p style=\"font-weight: 400;\">Vielen Dank an unsere Sponsoren und das Projektteam: Arnaud, Violaine, Isabelle, J\u00e9r\u00f4me, Jon, Christophe und Julie<\/p>\n<p>&nbsp;<\/p>\n<p style=\"font-weight: 400;\">Danke an alle freiwilligen AXA Botschafter, Korrekturleser und Experten: Sara, Roshanak, Laurane, Pierre, Gilles, Anne-Claire, Malgorzata, Thibaut, Rooksana, Mad\u00e9vi, Anne-Sophie, Laurane, Didier, Emiliano, Franck, Loani (Botschafterliste zu vervollst\u00e4ndigen: x26), Elisabeth, Matthieu, Etienne, Laura, Oliver, Li Lee, Tara, Suvarna, Francisco, Vanda, Joanna, Amrin, Rita&#8230;!<\/p>\n<p>&nbsp;<\/p>\n<p><span style=\"color: #283171;\"><b>Wording Conseil<\/b><\/span><\/p>\n<p style=\"font-weight: 400;\">Christine NALIES: Agenturleitung<\/p>\n<p style=\"font-weight: 400;\">St\u00e9phane SIMONET: k\u00fcnstlerische Leitung, Webentwicklung<\/p>\n<p style=\"font-weight: 400;\">Vielen Dank an alle Mitwirkenden oder Beta-Tester: Chlo\u00e9, Marine, S\u00e9bastien, K\u00e9vin, Astrid, Catherine, Gillian, Alexandre und Pierre<\/p>\n<p>&nbsp;<\/p>\n<p style=\"font-weight: 400;\">Ein Dankesch\u00f6n auch an Paul BEAUPERE, unseren Jugendbuchautor, an das Atelier drawaki und die Mangaka Nadia TALEB, Sch\u00f6pferin der Episode 5 und der n\u00e4chsten Folgen &#8230;<\/p>\n<p>&nbsp;<\/p>\n<p><b><span style=\"color: #283171;\">Les Intr\u00e9pides de la Tech<\/span> <\/b><\/p>\n<p style=\"font-weight: 400;\">Lucie JAGU: Programmverantwortliche<\/p>\n<p style=\"font-weight: 400;\">Marie GUERIN: P\u00e4dagogische Designerin und Leiterin des Workshops \u00abCyberrisiken f\u00fcr Mittelschulen\u00bb.<\/p>\n<p><span style=\"font-weight: 400;\">Vielen Dank an alle Lehrerinnen und Lehrer, die die Nachrichten mit ihren Sch\u00fclerinnen und Sch\u00fclern w\u00e4hrend ihres Workshops getestet haben.<\/span>\u00a0<u><a href=\"https:\/\/www.intrepidesdelatech.org\/nos-actions\/\">Cybers\u00e9curit\u00e9 et Cyber-risques avec les CyberVengers<\/a><\/u><\/p>\n<p>&nbsp;<\/p>\n<p><b><span style=\"color: #283171;\">Campus Cyber<\/span> <\/b><\/p>\n<p style=\"font-weight: 400;\">Vielen Dank an die Experten Edouard (Capgemini), Walter (DeVinci), St\u00e9phane (Franz\u00f6sisches Bildungsministerium), Jo\u00ebl (Epita)<\/p>\n<p style=\"font-weight: 400;\">Danke an Delphine, Leiterin der Kommunikationsabteilung<\/p>\n<p style=\"font-weight: 400;\">Wir bedanken uns auch bei den Sch\u00fclern der amerikanischen Klasse in Saint-Germain-en-Laye, die uns zu Episode 5 inspiriert haben.<\/p>\n<h4><div class=\"qodef-separator-holder clearfix  qodef-separator-center qodef-separator-normal\">\n\t<div class=\"qodef-separator\" ><\/div>\n<\/div>\n<\/h4>\n<p>[\/vc_column_text][\/vc_column][\/vc_row]<\/p>\n<\/div>","protected":false},"excerpt":{"rendered":"<p>[vc_row][vc_column][vc_column_text css=&#187;&#187;]CyberVengers.club ist eine Bildungsplattform, die entwickelt wurde, um Jugendliche zwischen 11 und 14 Jahren auf Cyberrisiken aufmerksam zu machen. Ihre&#8230;<\/p>\n","protected":false},"author":7,"featured_media":0,"parent":0,"menu_order":0,"comment_status":"closed","ping_status":"closed","template":"","meta":{"footnotes":""},"class_list":["post-13984","page","type-page","status-publish","hentry"],"_links":{"self":[{"href":"https:\/\/cybervengers.club\/de-ch\/wp-json\/wp\/v2\/pages\/13984","targetHints":{"allow":["GET"]}}],"collection":[{"href":"https:\/\/cybervengers.club\/de-ch\/wp-json\/wp\/v2\/pages"}],"about":[{"href":"https:\/\/cybervengers.club\/de-ch\/wp-json\/wp\/v2\/types\/page"}],"author":[{"embeddable":true,"href":"https:\/\/cybervengers.club\/de-ch\/wp-json\/wp\/v2\/users\/7"}],"replies":[{"embeddable":true,"href":"https:\/\/cybervengers.club\/de-ch\/wp-json\/wp\/v2\/comments?post=13984"}],"version-history":[{"count":10,"href":"https:\/\/cybervengers.club\/de-ch\/wp-json\/wp\/v2\/pages\/13984\/revisions"}],"predecessor-version":[{"id":15341,"href":"https:\/\/cybervengers.club\/de-ch\/wp-json\/wp\/v2\/pages\/13984\/revisions\/15341"}],"wp:attachment":[{"href":"https:\/\/cybervengers.club\/de-ch\/wp-json\/wp\/v2\/media?parent=13984"}],"curies":[{"name":"wp","href":"https:\/\/api.w.org\/{rel}","templated":true}]}}