{"id":17569,"date":"2021-10-09T10:55:02","date_gmt":"2021-10-09T08:55:02","guid":{"rendered":"https:\/\/cybervengers.club\/cgu\/"},"modified":"2026-03-09T11:07:40","modified_gmt":"2026-03-09T10:07:40","slug":"agb","status":"publish","type":"page","link":"https:\/\/cybervengers.club\/ch\/agb\/","title":{"rendered":"AGB"},"content":{"rendered":"<div class=\"wpb-content-wrapper\"><p>[vc_row content_width=&#8221;grid&#8221;][vc_column][vc_column_text css=&#8221;.vc_custom_1722513788993{padding-bottom: 60px !important;}&#8221;]<\/p>\n<p style=\"font-weight: 400; text-align: center;\"><strong>Allgemeine Gesch\u00e4ftsbedingungen f\u00fcr die Nutzung der Website CyberVengers.club<\/strong><\/p>\n<p>&nbsp;<\/p>\n<p>&nbsp;<\/p>\n<p style=\"font-weight: 400;\"><strong>ARTIKEL 1: Gegenstand<\/strong><\/p>\n<p style=\"font-weight: 400;\">Die vorliegenden \u00ab<strong>Allgemeinen Gesch\u00e4ftsbedingung<\/strong>\u00bb dienen als rechtlicher Rahmen f\u00fcr die Nutzung der CyberVengers.club-Website und ihrer Dienste und legen die Regeln f\u00fcr den Zugriff auf die digitalen Lerninhalte der CyberVengers.club-Website fest.<\/p>\n<p>&nbsp;<\/p>\n<p style=\"font-weight: 400;\">Diese Allgemeinen Gesch\u00e4ftsbedingung werden vereinbart zwischen:<\/p>\n<p>&nbsp;<\/p>\n<p style=\"font-weight: 400;\">\u2022 dem Betreiber der Website, im Folgenden \u00abder<strong>\u00a0Herausgeber <\/strong>\u00bb, und<\/p>\n<p>&nbsp;<\/p>\n<p style=\"font-weight: 400;\">\u2022 jeder nat\u00fcrlichen oder juristischen Person, die auf die Website und ihre Dienste zugreifen m\u00f6chte, im Folgenden als \u00abNutzer\u00bb bezeichnet.<\/p>\n<p>&nbsp;<\/p>\n<p style=\"font-weight: 400;\">Die Allgemeinen Gesch\u00e4ftsbedingung m\u00fcssen von jedem Nutzer akzeptiert werden, und sein Zugriff auf die Website gilt als vorbehaltlose Annahme dieser Bedingungen. Der Herausgeber der Website CyberVengers.club beh\u00e4lt sich das Recht vor, die vorliegenden Allgemeinen Gesch\u00e4ftsbedingung nach eigenem Ermessen und ohne vorherige Ank\u00fcndigung jederzeit zu \u00e4ndern, zu l\u00f6schen oder zu erg\u00e4nzen, um insbesondere gesetzlichen, juristischen, redaktionellen und\/oder technischen Entwicklungen Rechnung zu tragen. Massgebend ist die online zug\u00e4ngliche Version. Dem Nutzer wird daher empfohlen, sich regelm\u00e4ssig auf die letzte g\u00fcltige Version der genannten Allgemeinen Gesch\u00e4ftsbedingung zu beziehen.<\/p>\n<p>&nbsp;<\/p>\n<p style=\"font-weight: 400;\"><strong>ARTIKEL 2: Zugang zur CyberVengers.club-Website<\/strong><\/p>\n<p style=\"font-weight: 400;\">Die Website CyberVengers.club soll Jugendlichen, insbesondere Sch\u00fclern (11-14 Jahre), helfen, Cyberrisiken zu verstehen und die richtigen Verhaltensweisen f\u00fcr eine sichere Nutzung des Internets und sozialer Netzwerke anzunehmen, indem sie sie mit spielerischen und p\u00e4dagogischen Inhalten informiert und Eltern, P\u00e4dagogen und Partner zusammenbringt.<\/p>\n<p>&nbsp;<\/p>\n<p style=\"font-weight: 400;\">Die Nutzer der Website CyberVengers.club haben Zugang zu den folgenden Diensten:<\/p>\n<p style=\"font-weight: 400;\">\u2022 Manga-Episoden (Webtoon-Format)<\/p>\n<p style=\"font-weight: 400;\">\u2022 Quiz<\/p>\n<p style=\"font-weight: 400;\">\u2022 Beschreibungen der Charaktere, Grafiken und Illustrationen<\/p>\n<p style=\"font-weight: 400;\">\u2022 Bonusmaterial zum Weitergeben: Poster, Episoden im druckbaren Format, GIFs<\/p>\n<p style=\"font-weight: 400;\">\u2022 P\u00e4dagogisches Kit<\/p>\n<p>&nbsp;<\/p>\n<p style=\"font-weight: 400;\">Alle Nutzer mit Internetzugang k\u00f6nnen kostenlos und von jedem Ort aus auf die CyberVengers.club Website zugreifen. Die Kosten, die der Nutzerin\/dem Nutzer durch den Zugriff auf die Website entstehen (Internetverbindung, Computerhardware usw.), gehen nicht zu Lasten des Herausgebers.<\/p>\n<p>&nbsp;<\/p>\n<p style=\"font-weight: 400;\">Die CyberVengers.club-Website und ihre verschiedenen Dienste k\u00f6nnen vom Herausgeber ohne Vorank\u00fcndigung oder Begr\u00fcndung unterbrochen oder ausgesetzt werden, insbesondere im Rahmen von Wartungsarbeiten.<\/p>\n<p>&nbsp;<\/p>\n<p style=\"font-weight: 400;\"><strong>ARTIKEL 3: Verantwortung\/Haftung des Nutzers<\/strong><\/p>\n<p style=\"font-weight: 400;\">Der Nutzer \u00fcbernimmt die volle Verantwortung f\u00fcr die Nutzung der Informationen und Inhalte auf der CyberVengers.club-Website.<\/p>\n<p>&nbsp;<\/p>\n<p style=\"font-weight: 400;\">Jede Nutzung der CyberVengers.club-Website, die direkt oder indirekt zu Sch\u00e4den f\u00fchrt, muss zugunsten der Website entsch\u00e4digt werden.<\/p>\n<p>&nbsp;<\/p>\n<p style=\"font-weight: 400;\">Der Nutzer erkl\u00e4rt, dass er \u00fcber die besonderen Risiken, die mit den Besonderheiten des Internets und der Netzwerke verbunden sind, und insbesondere \u00fcber die Tatsache, dass die Netzwerke nicht frei von Viren sind, vollst\u00e4ndig in Kenntnis ist. Um die Endger\u00e4te, mit denen er surft, vor Viren und anderen Risiken zu sch\u00fctzen, die mit den Besonderheiten des Internets verbunden sind, wird dem Nutzer empfohlen, ein Antivirenprogramm zu installieren. Vorbehaltlich seiner besten Bem\u00fchungen, ein dem Stand der Technik entsprechendes Sicherheitsniveau seiner Dienste zu gew\u00e4hrleisten, kann der Herausgeber nicht f\u00fcr die Kontamination durch eventuelle Viren, die in den Netzen zirkulieren, verantwortlich gemacht werden.<\/p>\n<p>&nbsp;<\/p>\n<p style=\"font-weight: 400;\"><strong>ARTIKEL 4: Verantwortung\/Haftung des Herausgebers<\/strong><\/p>\n<p style=\"font-weight: 400;\">Die Website CyberVengers.club verpflichtet sich, alle notwendigen Mittel einzusetzen, um die Sicherheit und Vertraulichkeit der Daten zu gew\u00e4hrleisten. Sie bietet jedoch keine Garantie f\u00fcr eine vollst\u00e4ndige Sicherheit.<\/p>\n<p>&nbsp;<\/p>\n<p style=\"font-weight: 400;\">Der Herausgeber beh\u00e4lt sich das Recht vor, keine Garantie f\u00fcr die Zuverl\u00e4ssigkeit der Quellen zu \u00fcbernehmen, obwohl die auf der Website verbreiteten Informationen als zuverl\u00e4ssig gelten.<\/p>\n<p>&nbsp;<\/p>\n<p style=\"font-weight: 400;\">Der Herausgeber kann nicht f\u00fcr Funktionsst\u00f6rungen oder Unterbrechungen bei der Bereitstellung oder Nutzung der Website CyberVengers.club haftbar gemacht werden, die mit folgenden Ereignissen zusammenh\u00e4ngen oder daraus resultieren:<\/p>\n<p style=\"font-weight: 400;\">&#8211; H\u00f6here Gewalt im Sinne von Artikel 1218 des Code civil (ZGB) und der Rechtsprechung;<\/p>\n<p style=\"font-weight: 400;\">&#8211; Einer schuldhaften und\/oder nicht den Allgemeinen Gesch\u00e4ftsbedingung entsprechenden Nutzung der CyberVengers.club-Website durch den Nutzer;<\/p>\n<p style=\"font-weight: 400;\">&#8211; Das Verschwinden, der Verlust oder die Besch\u00e4digung Ihrer Computerausr\u00fcstung, die auf einen Fehler des Nutzers zur\u00fcckzuf\u00fchren ist;<\/p>\n<p style=\"font-weight: 400;\">&#8211; Die Nichterf\u00fcllung oder mangelhafte Erf\u00fcllung der Verpflichtungen des Betreibers oder Internetanbieters, mit dem der Nutzer einen Vertrag abgeschlossen hat.<\/p>\n<p>&nbsp;<\/p>\n<p style=\"font-weight: 400;\"><strong>ARTIKEL 5: Geistiges Eigentum<\/strong><\/p>\n<p style=\"font-weight: 400;\">Alle auf der CyberVengers.club-Website ver\u00f6ffentlichten Inhalte, inklusive, aber nicht beschr\u00e4nkt auf die Struktur\/Architektur der CyberVengers.club-Website, den redaktionellen Inhalt, Videos, Texte, Rubriken, Zeichnungen, Illustrationen, Fotos, Bilder, T\u00f6ne, Gewinnspiele sowie alle anderen Inhalte auf der CyberVengers.club-Website und\/oder jedes andere Element, aus dem sie bestehen, die \u00ab<strong>Inhalte<\/strong>\u00bb), k\u00f6nnen Werke im Sinne der Bestimmungen des Artikels L.112-1 darstellen. ff. des franz\u00f6sischen Gesetzbuchs \u00fcber geistiges Eigentum (Code de la Propri\u00e9t\u00e9 Intellectuelle) oder Inhalte, die im Rahmen der dem Urheberrecht verwandten Rechte im Sinne der Bestimmungen des Artikels L.211-1 ff. des franz\u00f6sischen Gesetzbuchs \u00fcber geistiges Eigentum (Code de la Propri\u00e9t\u00e9 Intellectuelle) gesch\u00fctzt sind.<\/p>\n<p>&nbsp;<\/p>\n<p style=\"font-weight: 400;\">Gem\u00e4ss Artikel L. 122-4 des Gesetzes \u00fcber geistiges Eigentum muss der Benutzer vor jeder Vervielf\u00e4ltigung, Kopie oder Ver\u00f6ffentlichung dieser verschiedenen Inhalte die Genehmigung des Herausgebers der Website einholen.<\/p>\n<p style=\"font-weight: 400;\"><strong>\u00a0<\/strong><\/p>\n<p style=\"font-weight: 400;\">Die Nutzung der Website CyberVengers.club muss zwingend der Erreichung p\u00e4dagogischer Ziele dienen. Jegliche kommerzielle Nutzung der Website und ihrer Inhalte ist strengstens untersagt.<\/p>\n<p>&nbsp;<\/p>\n<p style=\"font-weight: 400;\">Jede andere Nutzung ohne vorherige Genehmigung des Herausgebers und\/oder der anderen Rechteinhaber stellt eine F\u00e4lschung dar und wird im Rahmen des geistigen Eigentums bestraft. Jede nicht genehmigte vollst\u00e4ndige oder teilweise Vervielf\u00e4ltigung aller oder eines Teils der Elemente auf der Website CyberVengers.club ist strengstens untersagt.<\/p>\n<p>&nbsp;<\/p>\n<p>&nbsp;<\/p>\n<p style=\"font-weight: 400;\"><strong>ARTIKEL 6: Personenbezogene Daten<\/strong><\/p>\n<p style=\"font-weight: 400;\">Die Website CyberVengers.club respektiert die Privatsph\u00e4re des Nutzers im Sinne des Gesetzes Nr. 78-17 vom 6. Januar 1978 \u00fcber Informatik, Dateien und Freiheitsrechte.<\/p>\n<p>&nbsp;<\/p>\n<p style=\"font-weight: 400;\">Lediglich eine anonymisierte IP-Adresse wird zu statistischen Zwecken und zur Verwaltung der Optimierung der Website gesammelt. Die IP-Adresse wird gesammelt, um das Land zu bestimmen, aus dem der Nutzer sich einloggt. Diese wird sofort anonymisiert, so dass der Herausgeber mit dieser Information unter keinen Umst\u00e4nden die Identit\u00e4t des Nutzers zur\u00fcckverfolgen kann.<\/p>\n<p>&nbsp;<\/p>\n<p style=\"font-weight: 400;\">Einige Funktionen dieser Website beruhen auf Dienstleistungen, die von Drittunternehmen angeboten werden. Wenn der Nutzer damit einverstanden ist (Zustimmung), werden diese Drittanbieter Cookies hinterlegen, um dem Nutzer die M\u00f6glichkeit zu geben, zu interagieren oder Inhalte in seinen sozialen Netzwerken zu teilen, insbesondere \u00fcber Share-Buttons (Facebook, Instagram und Twitter). \u00dcber diese Cookies k\u00f6nnen diese Dritten Navigationsdaten f\u00fcr ihre eigenen Zwecke gem\u00e4ss ihren Datenschutzrichtlinien sammeln und verwenden. Die Website CyberVengers.club nutzt die folgenden Drittunternehmen:<\/p>\n<ul style=\"font-weight: 400;\">\n<li>Facebook:\u00a0<a href=\"https:\/\/www.facebook.com\/policy.php\">https:\/\/www.facebook.com\/policy.php<\/a><\/li>\n<li>Instagram:\u00a0<a href=\"https:\/\/help.instagram.com\/1896641480634370\">Richtlinien zur Verwendung von Cookies | Instagram-Hilfeseiten<\/a><\/li>\n<li>Twitter\u00a0:\u00a0<a href=\"https:\/\/twitter.com\/de\/privacy\">https:\/\/twitter.com\/de\/privacy<\/a><\/li>\n<\/ul>\n<p>&nbsp;<\/p>\n<p style=\"font-weight: 400;\">F\u00fcr weitere Informationen zu Cookies\/Trackern siehe Website der CNIL (Nationale Datenschutzbeh\u00f6rde):\u00a0<a href=\"http:\/\/www.cnil.fr\/vos-droits\/vos-traces\/les-cookies\/\">http:\/\/www.cnil.fr\/vos-droits\/vos-traces\/les-cookies\/<\/a><\/p>\n<p>&nbsp;<\/p>\n<p style=\"font-weight: 400;\"><strong>ARTIKEL 7: Hyperlinks<\/strong><\/p>\n<p style=\"font-weight: 400;\">Dritte k\u00f6nnen ohne ausdr\u00fcckliche Genehmigung des Herausgebers einen Link zu einer Seite der Website CyberVengers.club erstellen.<\/p>\n<p>&nbsp;<\/p>\n<p style=\"font-weight: 400;\"><strong>ARTIKEL 8:<\/strong>\u00a0<strong>Dauer der Allgemeinen Gesch\u00e4ftsbedingung<\/strong><\/p>\n<p style=\"font-weight: 400;\">Die Dauer der vorliegenden Allgemeinen Gesch\u00e4ftsbedingung ist unbefristet. Die vorliegenden Allgemeinen Gesch\u00e4ftsbedingung sind f\u00fcr den Nutzer ab Beginn der Nutzung des Dienstes rechtskr\u00e4ftig.<\/p>\n<p>&nbsp;<\/p>\n<p style=\"font-weight: 400;\"><strong>ARTIKEL 9: Anwendbares Recht und zust\u00e4ndige Gerichtsbarkeit<\/strong><\/p>\n<p style=\"font-weight: 400;\">Die vorliegenden Allgemeinen Gesch\u00e4ftsbedingung unterliegen ausschliesslich franz\u00f6sischem Recht. Bei Streitigkeiten, die zwischen dem Nutzer und dem Herausgeber nicht g\u00fctlich beigelegt werden k\u00f6nnen, sind ausschliesslich die franz\u00f6sischen Gerichte zust\u00e4ndig.<\/p>\n<p>[\/vc_column_text][\/vc_column][\/vc_row]<\/p>\n<\/div>","protected":false},"excerpt":{"rendered":"<p>[vc_row content_width=&#8221;grid&#8221;][vc_column][vc_column_text css=&#8221;.vc_custom_1722513788993{padding-bottom: 60px !important;}&#8221;] Allgemeine Gesch\u00e4ftsbedingungen f\u00fcr die Nutzung der Website CyberVengers.club &nbsp; &nbsp; ARTIKEL 1: Gegenstand Die vorliegenden \u00abAllgemeinen&#8230;<\/p>\n","protected":false},"author":1,"featured_media":0,"parent":0,"menu_order":0,"comment_status":"closed","ping_status":"closed","template":"","meta":{"footnotes":""},"class_list":["post-17569","page","type-page","status-publish","hentry"],"_links":{"self":[{"href":"https:\/\/cybervengers.club\/ch\/wp-json\/wp\/v2\/pages\/17569","targetHints":{"allow":["GET"]}}],"collection":[{"href":"https:\/\/cybervengers.club\/ch\/wp-json\/wp\/v2\/pages"}],"about":[{"href":"https:\/\/cybervengers.club\/ch\/wp-json\/wp\/v2\/types\/page"}],"author":[{"embeddable":true,"href":"https:\/\/cybervengers.club\/ch\/wp-json\/wp\/v2\/users\/1"}],"replies":[{"embeddable":true,"href":"https:\/\/cybervengers.club\/ch\/wp-json\/wp\/v2\/comments?post=17569"}],"version-history":[{"count":1,"href":"https:\/\/cybervengers.club\/ch\/wp-json\/wp\/v2\/pages\/17569\/revisions"}],"predecessor-version":[{"id":21163,"href":"https:\/\/cybervengers.club\/ch\/wp-json\/wp\/v2\/pages\/17569\/revisions\/21163"}],"wp:attachment":[{"href":"https:\/\/cybervengers.club\/ch\/wp-json\/wp\/v2\/media?parent=17569"}],"curies":[{"name":"wp","href":"https:\/\/api.w.org\/{rel}","templated":true}]}}