{"id":10454,"date":"2021-05-25T19:34:34","date_gmt":"2021-05-25T17:34:34","guid":{"rendered":"https:\/\/cybervengers.club\/together\/"},"modified":"2024-11-14T19:42:00","modified_gmt":"2024-11-14T18:42:00","slug":"together","status":"publish","type":"page","link":"https:\/\/cybervengers.club\/ca\/together\/","title":{"rendered":"JUNTS"},"content":{"rendered":"<div class=\"wpb-content-wrapper\"><p>[vc_row content_width=&#8221;grid&#8221; content_aligment=&#8221;center&#8221; css=&#8221;.vc_custom_1651228030769{padding-top: 40px !important;}&#8221;][vc_column][vc_column_text]<\/p>\n<div style=\"width: 1100px;\" class=\"wp-video\"><video class=\"wp-video-shortcode\" id=\"video-10454-1\" width=\"1100\" height=\"619\" preload=\"metadata\" controls=\"controls\"><source type=\"video\/mp4\" src=\"https:\/\/cybervengers.club\/wp-content\/uploads\/2023\/04\/Complet-adresse-web-CA-2.mp4?_=1\" \/><a href=\"https:\/\/cybervengers.club\/wp-content\/uploads\/2023\/04\/Complet-adresse-web-CA-2.mp4\">https:\/\/cybervengers.club\/wp-content\/uploads\/2023\/04\/Complet-adresse-web-CA-2.mp4<\/a><\/video><\/div>\n<p>[\/vc_column_text][\/vc_column][\/vc_row][vc_row content_width=&#8221;grid&#8221; css=&#8221;.vc_custom_1623768468766{padding-top: 50px !important;padding-bottom: 50px !important;background-color: #ffffff !important;}&#8221;][vc_column width=&#8221;1\/2&#8243; css=&#8221;.vc_custom_1623768703116{background-color: #e0e0e0 !important;}&#8221;][vc_empty_space height=&#8221;20px&#8221;][vc_column_text css=&#8221;.vc_custom_1678813385936{padding-right: 20px !important;padding-left: 20px !important;}&#8221;]<\/p>\n<h1><span style=\"color: #283171;\">Pares, mestres i col\u00b7laboradors<\/span><\/h1>\n<p>[\/vc_column_text][vc_empty_space height=&#8221;20px&#8221;][vc_column_text css=&#8221;.vc_custom_1678813671361{padding-right: 20px !important;padding-left: 20px !important;}&#8221;]<\/p>\n<div class=\"wpb_text_column wpb_content_element vc_custom_1634071273703\">\n<div class=\"wpb_wrapper\">\n<h3><strong>Mantenir els nens segurs en l\u00ednia s&#8217;ha convertit en un problema real i una prioritat per a tots nosaltres. <em>\u00c9s un aut\u00e8ntic repte de la societat.<\/em><\/strong><\/h3>\n<p>&nbsp;<\/p>\n<h3>Sabem que les amenaces digitals poden tenir conseq\u00fc\u00e8ncies greus per als joves adolescents: falta a l&#8217;escola, solitud, depressi\u00f3 o pitjor&#8230;<\/h3>\n<p>&nbsp;<\/p>\n<h3><strong>Hem d&#8217;ajudar-los a entendre els riscos per poder evitar-los.<\/strong> El lloc web que est\u00e0s visitant &#8211; <strong>cybervengers.club<\/strong> \u2013 pret\u00e9n ensenyar als joves adolescents (11-14 anys) sobre aquests riscos. L&#8217;hem dissenyat perqu\u00e8 sigui divertit, interactiu i educatiu per a ells.<\/h3>\n<p>&nbsp;<\/p>\n<h3>A trav\u00e9s de <strong>CYBERVENGERS<\/strong>, una s\u00e8rie de Webtoons acompanyats de proves i premis, poden entendre millor les regles d&#8217;\u00fas d&#8217;Internet i evitar els esculls en total autonomia.<\/h3>\n<p>&nbsp;<\/p>\n<h3><strong>Com que tamb\u00e9 tens un paper important a jugar,<\/strong> tamb\u00e9 us hem proporcionat un kit de suport.<\/h3>\n<p>&nbsp;<\/p>\n<h3>L&#8217;objectiu \u00e9s ajudar a iniciar la conversa sobre els perills en l\u00ednia, conscienciar sobre els errors que s&#8217;han d&#8217;evitar quan es connecten, assegurar-se qu e els vostres adolescents s\u00f3n conscients dels riscos i aix\u00ed puguin navegar amb seguretat.<\/h3>\n<\/div>\n<\/div>\n<p>[\/vc_column_text][vc_empty_space height=&#8221;20px&#8221;][\/vc_column][vc_column width=&#8221;1\/2&#8243;][vc_empty_space height=&#8221;20px&#8221;][vc_column_text css=&#8221;.vc_custom_1678813699415{padding-right: 20px !important;padding-left: 20px !important;}&#8221;]<\/p>\n<h1><span style=\"color: #283171;\">Qu\u00e8 significa &#8216;ciber&#8217;?<\/span><\/h1>\n<p>[\/vc_column_text][vc_empty_space height=&#8221;20px&#8221;][vc_column_text css=&#8221;.vc_custom_1678813749219{padding-right: 20px !important;padding-left: 20px !important;}&#8221;]<\/p>\n<h3>Prefix utilitzat per formar una s\u00e8rie de paraules relacionades amb Internet.<\/h3>\n<p>&nbsp;<\/p>\n<h4>Diccionari Larousse<\/h4>\n<p>&nbsp;<\/p>\n<h4><em>Exemples de riscos cibern\u00e8tics: ciberatac, ciberaddicci\u00f3, assetjament cibern\u00e8tic, not\u00edcies falses, phishing, addicci\u00f3 als jocs, viol\u00e8ncia, contingut ofensiu, terrorisme, virus, sexting (contingut sexual), pedof\u00edlia, estafes de compres, addicci\u00f3 a la pantalla, photoshop i\/o alterats imatges, ciberespionatge, robatori de propietat intel\u00b7lectual, etc.<\/em><\/h4>\n<p>[\/vc_column_text][vc_empty_space height=&#8221;30px&#8221;][vc_column_text css=&#8221;.vc_custom_1678813760414{padding-right: 20px !important;padding-left: 20px !important;}&#8221;]<\/p>\n<div class=\"wpb_text_column wpb_content_element vc_custom_1621965098817\">\n<div class=\"wpb_wrapper\">\n<h1><span style=\"color: #283171;\">Qu\u00e8 s\u00f3n els webtoons?<\/span><\/h1>\n<\/div>\n<\/div>\n<p>[\/vc_column_text][vc_empty_space height=&#8221;20px&#8221;][vc_column_text css=&#8221;.vc_custom_1678813771596{padding-right: 20px !important;padding-left: 20px !important;}&#8221;]<\/p>\n<h3>Els webtoons s\u00f3n un webcomic digital de tipus de Corea del Sud. Es llegeixen en l\u00ednia despla\u00e7ant-se (lectura vertical de dalt a baix), amb un format rectangular dissenyat per a pantalles de tel\u00e8fons intel\u00b7ligents.<\/h3>\n<p>[\/vc_column_text][\/vc_column][\/vc_row][vc_row content_width=&#8221;grid&#8221; css=&#8221;.vc_custom_1623768752756{padding-top: 50px !important;padding-bottom: 50px !important;background-color: #283171 !important;}&#8221;][vc_column][vc_empty_space height=&#8221;20px&#8221;][vc_column_text]<\/p>\n<h1><span style=\"color: #ffffff;\">EL KIT DE SUPORT<\/span><\/h1>\n<p>[\/vc_column_text][vc_empty_space height=&#8221;20px&#8221;][vc_column_text]<\/p>\n<h3><span style=\"color: #ffffff;\">Descarrega&#8217;l. Podeu utilitzar-lo per guiar les vostres converses amb adolescents.<br \/>\n<\/span><\/h3>\n<p>[\/vc_column_text][vc_empty_space height=&#8221;20px&#8221;]<a href=\"https:\/\/cybervengers.club\/wp-content\/uploads\/2024\/03\/231107_CyberVengers_Kit_CA_1-6.pdf\" target=\"_blank\" style=\"color: #283171;background-color: #ffffff;font-size: 20px;font-weight: 700;margin: 0px 25px 20px 0px\" class=\"qodef-btn qodef-btn-small qodef-btn-default qodef-btn-custom-hover-bg qodef-btn-custom-border-hover qodef-btn-custom-hover-color\" data-hover-bg-color=\"#283171\" data-hover-color=\"#ffffff\" data-hover-border-color=\"#ffffff\" >\n        <span class=\"qodef-btn-text\">PDF CATAL\u00c0<\/span>\n    <span class=\"qodef-btn-text-icon\"><\/span>\n<\/a>[vc_empty_space height=&#8221;20px&#8221;][\/vc_column][\/vc_row][vc_row content_width=&#8221;grid&#8221; css=&#8221;.vc_custom_1643986345840{padding-top: 50px !important;padding-bottom: 50px !important;background-color: #f3885c !important;}&#8221;][vc_column][vc_empty_space height=&#8221;20px&#8221;][vc_column_text css=&#8221;&#8221;]<\/p>\n<h1><span style=\"color: #ffffff;\">ELS EPISODIS EN VERSI\u00d3 DESCARREGABLE<\/span><\/h1>\n<p>[\/vc_column_text][vc_empty_space height=&#8221;20px&#8221;]<a href=\"https:\/\/cybervengers.club\/ca\/bonus\/#imprimables\" target=\"_self\" style=\"color: #283171;background-color: #ffffff;font-size: 20px;font-weight: 700;margin: 0px 25px 20px 0px\" class=\"qodef-btn qodef-btn-small qodef-btn-default qodef-btn-custom-hover-bg qodef-btn-custom-border-hover qodef-btn-custom-hover-color\" data-hover-bg-color=\"#283171\" data-hover-color=\"#ffffff\" data-hover-border-color=\"#ffffff\" >\n        <span class=\"qodef-btn-text\">FES CLICK AQU\u00cd \ud83d\ude42<\/span>\n    <span class=\"qodef-btn-text-icon\"><\/span>\n<\/a>[vc_empty_space height=&#8221;20px&#8221;][\/vc_column][\/vc_row][vc_row content_width=&#8221;grid&#8221; css=&#8221;.vc_custom_1623768752757{padding-top: 50px !important;padding-bottom: 50px !important;background-color: #00B0F0 !important;}&#8221;][vc_column][vc_empty_space height=&#8221;20px&#8221;][vc_column_text]<\/p>\n<h1 class=\"p1\"><span style=\"color: #ffffff;\">VOLS UNIR-TE A NOSALTRES I CONTRIBUIR A LA CREACI\u00d3 O EMISSI\u00d3 D&#8217;EPISODIS DE THECYBERVENGERS?<\/span><\/h1>\n<p>[\/vc_column_text][vc_empty_space height=&#8221;20px&#8221;]<a href=\"https:\/\/cybervengers.club\/ca\/thanks\/\" target=\"_blank\" style=\"color: #283171;background-color: #ffffff;font-size: 20px;font-weight: 700;margin: 0px 25px 20px 0px\" class=\"qodef-btn qodef-btn-small qodef-btn-default qodef-btn-custom-hover-bg qodef-btn-custom-border-hover qodef-btn-custom-hover-color\" data-hover-bg-color=\"#283171\" data-hover-color=\"#ffffff\" data-hover-border-color=\"#ffffff\" >\n        <span class=\"qodef-btn-text\">CONTACTA AMB NOSALTRES<\/span>\n    <span class=\"qodef-btn-text-icon\"><\/span>\n<\/a>[vc_empty_space height=&#8221;20px&#8221;][\/vc_column][\/vc_row]<\/p>\n<\/div>","protected":false},"excerpt":{"rendered":"<p>[vc_row content_width=&#8221;grid&#8221; content_aligment=&#8221;center&#8221; css=&#8221;.vc_custom_1651228030769{padding-top: 40px !important;}&#8221;][vc_column][vc_column_text] [\/vc_column_text][\/vc_column][\/vc_row][vc_row content_width=&#8221;grid&#8221; css=&#8221;.vc_custom_1623768468766{padding-top: 50px !important;padding-bottom: 50px !important;background-color: #ffffff !important;}&#8221;][vc_column width=&#8221;1\/2&#8243; css=&#8221;.vc_custom_1623768703116{background-color: #e0e0e0 !important;}&#8221;][vc_empty_space height=&#8221;20px&#8221;][vc_column_text css=&#8221;.vc_custom_1678813385936{padding-right:&#8230;<\/p>\n","protected":false},"author":1,"featured_media":0,"parent":0,"menu_order":0,"comment_status":"closed","ping_status":"closed","template":"full-width.php","meta":{"footnotes":""},"class_list":["post-10454","page","type-page","status-publish","hentry"],"_links":{"self":[{"href":"https:\/\/cybervengers.club\/ca\/wp-json\/wp\/v2\/pages\/10454","targetHints":{"allow":["GET"]}}],"collection":[{"href":"https:\/\/cybervengers.club\/ca\/wp-json\/wp\/v2\/pages"}],"about":[{"href":"https:\/\/cybervengers.club\/ca\/wp-json\/wp\/v2\/types\/page"}],"author":[{"embeddable":true,"href":"https:\/\/cybervengers.club\/ca\/wp-json\/wp\/v2\/users\/1"}],"replies":[{"embeddable":true,"href":"https:\/\/cybervengers.club\/ca\/wp-json\/wp\/v2\/comments?post=10454"}],"version-history":[{"count":18,"href":"https:\/\/cybervengers.club\/ca\/wp-json\/wp\/v2\/pages\/10454\/revisions"}],"predecessor-version":[{"id":17166,"href":"https:\/\/cybervengers.club\/ca\/wp-json\/wp\/v2\/pages\/10454\/revisions\/17166"}],"wp:attachment":[{"href":"https:\/\/cybervengers.club\/ca\/wp-json\/wp\/v2\/media?parent=10454"}],"curies":[{"name":"wp","href":"https:\/\/api.w.org\/{rel}","templated":true}]}}