{"id":10406,"date":"2021-05-06T14:15:15","date_gmt":"2021-05-06T12:15:15","guid":{"rendered":"https:\/\/cybervengers.club\/bonus\/"},"modified":"2025-12-05T10:19:36","modified_gmt":"2025-12-05T09:19:36","slug":"bonus","status":"publish","type":"page","link":"https:\/\/cybervengers.club\/ca\/bonus\/","title":{"rendered":"BONUS"},"content":{"rendered":"<div class=\"wpb-content-wrapper\"><p>[vc_row content_width=&#8221;grid&#8221; css=&#8221;.vc_custom_1632318505185{padding-top: 50px !important;padding-right: 50px !important;padding-bottom: 0px !important;padding-left: 50px !important;background-color: #ffffff !important;}&#8221;][vc_column width=&#8221;1\/3&#8243;][vc_single_image image=&#8221;10258&#8243; img_size=&#8221;full&#8221; alignment=&#8221;center&#8221; css_animation=&#8221;bounceIn&#8221;][vc_empty_space height=&#8221;20px&#8221;][\/vc_column][vc_column width=&#8221;2\/3&#8243;][vc_column_text]<\/p>\n<h2><span style=\"color: #f244f2;\"><strong>A\u00efa, la rebel<\/strong><\/span><\/h2>\n<p>&nbsp;<\/p>\n<h3>T\u00e9 15 anys i sempre est\u00e0 llesta per provar noves coses, especialment si \u00e9s per saltar-se l&#8217;autoritat i el perm\u00eds. T\u00e9 el cabell llarg i negre amb una cinta vermella.<\/h3>\n<p>&nbsp;<\/p>\n<h3>Vesteix dessuadores i posa les seves mans a les butxaques.Somriu amb els ulls mig tancats. Ella \u00e9s esquiva. Li agrada entrar als llocs sense deixar ni rastre, ja sigui a una habitaci\u00f3, un edifici, un ordinador o un servidor.<\/h3>\n<p>[\/vc_column_text][\/vc_column][\/vc_row][vc_row content_width=&#8221;grid&#8221; css=&#8221;.vc_custom_1632318545307{padding-top: 50px !important;padding-right: 50px !important;padding-left: 50px !important;background-color: #ffffff !important;}&#8221;][vc_column width=&#8221;2\/3&#8243;][vc_column_text]<\/p>\n<h2><span style=\"color: #f244f2;\"><strong>Ben, el cur\u00f3s.<\/strong><\/span><\/h2>\n<p>&nbsp;<\/p>\n<div class=\"wpb_text_column wpb_content_element\">\n<div class=\"wpb_wrapper\">\n<h3>T\u00e9 16 anys i es reflexiu, s&#8217;ho pren amb calma i pensa molt. \u00c9s el m\u00e9s fort del grup. Porta una samarreta de colors clars, texans, bambes i es \u00edntegre.<\/h3>\n<p>&nbsp;<\/p>\n<h3>Quan prem una tecla, ho fa sense dubtar ja que ho ha pensat molt abans. Al grup, \u00e9s un l\u00edder natural, una persona que inspira confian\u00e7a i refor\u00e7a a la resta.<\/h3>\n<\/div>\n<\/div>\n<p>[\/vc_column_text][vc_empty_space height=&#8221;20px&#8221;][\/vc_column][vc_column width=&#8221;1\/3&#8243;][vc_single_image image=&#8221;10259&#8243; img_size=&#8221;full&#8221; alignment=&#8221;center&#8221; css_animation=&#8221;bounceIn&#8221;][vc_empty_space height=&#8221;20px&#8221;][\/vc_column][\/vc_row][vc_row content_width=&#8221;grid&#8221; css=&#8221;.vc_custom_1632318552144{padding-top: 50px !important;padding-right: 50px !important;padding-bottom: 0px !important;padding-left: 50px !important;background-color: #ffffff !important;}&#8221;][vc_column width=&#8221;1\/3&#8243;][vc_single_image image=&#8221;10260&#8243; img_size=&#8221;full&#8221; alignment=&#8221;center&#8221; css_animation=&#8221;bounceIn&#8221;][vc_empty_space height=&#8221;20px&#8221;][\/vc_column][vc_column width=&#8221;2\/3&#8243;][vc_column_text]<\/p>\n<h2><span style=\"color: #f244f2;\"><strong>Clara, la optimista.<\/strong><\/span><\/h2>\n<p>&nbsp;<\/p>\n<h3>T\u00e9 15 anys i t\u00e9 una mentalitat molt positiva. Per a ella val la pena intentar-ho tot. Est\u00e0 preparada per qualsevol cosa, porta llaminadures per a compartir-les a l&#8217;amagatall del grup i porta perfum amb olor a cireres.<\/h3>\n<p>&nbsp;<\/p>\n<h3>Ella pensa que res \u00e9s massa seri\u00f3s, fins i tot quan l&#8217;equip s&#8217;anadona que &#8220;algunes coses son realment serioses!&#8221;<\/h3>\n<p>[\/vc_column_text][vc_empty_space height=&#8221;20px&#8221;][\/vc_column][\/vc_row][vc_row content_width=&#8221;grid&#8221; css=&#8221;.vc_custom_1632318563854{padding-top: 50px !important;padding-right: 50px !important;padding-bottom: 0px !important;padding-left: 50px !important;background-color: #ffffff !important;}&#8221;][vc_column width=&#8221;2\/3&#8243;][vc_column_text]<\/p>\n<h2><span style=\"color: #f244f2;\"><strong>Liam, el conformista.<\/strong><\/span><\/h2>\n<p>&nbsp;<\/p>\n<h3>T\u00e9 13 anys i \u00e9s el germ\u00e0 petit de l&#8217;A\u00efa. A l&#8217;escola, tothom se n&#8217;en riu perqu\u00e8 li agrada netejar les seves sabates i portar corbata per sota de la seva samarreta, aix\u00ed no es veu i els dem\u00e9s no ho noten.<\/h3>\n<p>&nbsp;<\/p>\n<h3>\u00c9s el t\u00edpic nen que llegeix tots els termes i condicions que has d&#8217;acceptar quan vols registrar-te a qualsevol p\u00e0gina web. Ell es l&#8217;\u00fanic que ho fa, i ho sap&#8230; els altres pensen que pot ser \u00fatil en alg\u00fan moment. Quan? No ho saben pas, per\u00f2 alg\u00fan d\u00eda&#8230;<\/h3>\n<p>[\/vc_column_text][vc_empty_space height=&#8221;20px&#8221;][\/vc_column][vc_column width=&#8221;1\/3&#8243;][vc_single_image image=&#8221;10261&#8243; img_size=&#8221;full&#8221; alignment=&#8221;center&#8221; css_animation=&#8221;bounceIn&#8221;][vc_empty_space height=&#8221;20px&#8221;][\/vc_column][\/vc_row][vc_row content_width=&#8221;grid&#8221; css=&#8221;.vc_custom_1632318620145{padding-top: 50px !important;padding-right: 50px !important;padding-bottom: 50px !important;padding-left: 50px !important;background-color: #ffffff !important;}&#8221;][vc_column width=&#8221;1\/3&#8243;][vc_single_image image=&#8221;10262&#8243; img_size=&#8221;full&#8221; alignment=&#8221;center&#8221; css_animation=&#8221;bounceIn&#8221;][vc_empty_space height=&#8221;20px&#8221;][\/vc_column][vc_column width=&#8221;2\/3&#8243;][vc_column_text]<\/p>\n<h2><span style=\"color: #f244f2;\"><strong>Sango, la preocupata<\/strong><\/span><\/h2>\n<p>&nbsp;<\/p>\n<h3>T\u00e9 15 anys i sospita de tot i de tots. \u00c9s el tipus de persona que canvia la contrasenya tres cops al dIa i no guarda res al n\u00favol. La seva pregunta eterna \u00e9s: Qui \u00e9s al darrere d&#8217;aix\u00f2?. \u00c9s prima, sempre en moviment i sap trucs per sortir-se de qualsevol situaci\u00f3.<\/h3>\n<p>&nbsp;<\/p>\n<h3>La Sango diu normalment: &#8220;No m&#8217;agrada. No s\u00e9 perqu\u00e8, per\u00f2 no m&#8217;agrada&#8230;&#8221; i que sempre diu &#8220;T&#8217;ho he dit&#8221; despr\u00e9s. \u00c9s la persona a la que l&#8217;equip acudeix quan ning\u00fa sap qu\u00e8 fer.<\/h3>\n<p>[\/vc_column_text][vc_empty_space height=&#8221;20px&#8221;][\/vc_column][\/vc_row][vc_row content_width=&#8221;grid&#8221; css=&#8221;.vc_custom_1643989097896{padding-top: 50px !important;padding-bottom: 50px !important;background-color: #f2885c !important;}&#8221; el_id=&#8221;imprimables&#8221;][vc_column][vc_empty_space height=&#8221;20px&#8221;][vc_column_text css=&#8221;&#8221;]<\/p>\n<h1><span style=\"color: #283171;\">ELS EPISODIS EN VERSI\u00d3 DESCARREGABLE<\/span><\/h1>\n<p>[\/vc_column_text][vc_empty_space height=&#8221;20px&#8221;]<div class=\"qodef-elements-holder qodef-five-columns qodef-responsive-mode-768\" ><div class=\"qodef-elements-holder-item qodef-vertical-alignment-middle qodef-horizontal-alignment-left\" >\n\t<div class=\"qodef-elements-holder-item-inner\">\n\t\t<div class=\"qodef-elements-holder-item-content qodef-elements-holder-custom-956467\" >\n\t\t\t\t\t\t<a href=\"https:\/\/cybervengers.club\/wp-content\/uploads\/2024\/11\/EP1-CATALAN.pdf\" target=\"_blank\" style=\"color: #ffffff;background-color: #283171;border-color: #ffffff;margin: 0px 20px 20px 0px\" class=\"qodef-btn qodef-btn-medium qodef-btn-default qodef-btn-custom-hover-bg qodef-btn-custom-hover-color\" data-hover-bg-color=\"#ffffff\" data-hover-color=\"#283171\" >\n        <span class=\"qodef-btn-text\">Episodi 1<\/span>\n    <span class=\"qodef-btn-text-icon\"><\/span>\n<\/a><a href=\"https:\/\/cybervengers.club\/wp-content\/uploads\/2024\/11\/EP2-CATALAN.pdf\" target=\"_blank\" style=\"color: #ffffff;background-color: #283171;border-color: #ffffff;margin: 0px 20px 20px 0px\" class=\"qodef-btn qodef-btn-medium qodef-btn-default qodef-btn-custom-hover-bg qodef-btn-custom-hover-color\" data-hover-bg-color=\"#ffffff\" data-hover-color=\"#283171\" >\n        <span class=\"qodef-btn-text\">Episodi 2<\/span>\n    <span class=\"qodef-btn-text-icon\"><\/span>\n<\/a><a href=\"https:\/\/cybervengers.club\/wp-content\/uploads\/2024\/11\/EP3-CATALAN.pdf\" target=\"_blank\" style=\"color: #ffffff;background-color: #283171;border-color: #ffffff;margin: 0px 20px 20px 0px\" class=\"qodef-btn qodef-btn-medium qodef-btn-default qodef-btn-custom-hover-bg qodef-btn-custom-hover-color\" data-hover-bg-color=\"#ffffff\" data-hover-color=\"#283171\" >\n        <span class=\"qodef-btn-text\">Episodi 3<\/span>\n    <span class=\"qodef-btn-text-icon\"><\/span>\n<\/a><a href=\"https:\/\/cybervengers.club\/wp-content\/uploads\/2024\/11\/EP4-CATALAN.pdf\" target=\"_blank\" style=\"color: #ffffff;background-color: #283171;border-color: #ffffff;margin: 0px 20px 20px 0px\" class=\"qodef-btn qodef-btn-medium qodef-btn-default qodef-btn-custom-hover-bg qodef-btn-custom-hover-color\" data-hover-bg-color=\"#ffffff\" data-hover-color=\"#283171\" >\n        <span class=\"qodef-btn-text\">Episodi 4<\/span>\n    <span class=\"qodef-btn-text-icon\"><\/span>\n<\/a><a href=\"https:\/\/cybervengers.club\/wp-content\/uploads\/2024\/11\/EP5-CATALAN.pdf\" target=\"_blank\" style=\"color: #ffffff;background-color: #283171;border-color: #ffffff;margin: 0px 20px 20px 0px\" class=\"qodef-btn qodef-btn-medium qodef-btn-default qodef-btn-custom-hover-bg qodef-btn-custom-hover-color\" data-hover-bg-color=\"#ffffff\" data-hover-color=\"#283171\" >\n        <span class=\"qodef-btn-text\">Episodi 5<\/span>\n    <span class=\"qodef-btn-text-icon\"><\/span>\n<\/a><a href=\"https:\/\/cybervengers.club\/wp-content\/uploads\/2024\/11\/EP6-CATALAN.pdf\" target=\"_blank\" style=\"color: #ffffff;background-color: #283171;border-color: #ffffff;margin: 0px 20px 20px 0px\" class=\"qodef-btn qodef-btn-medium qodef-btn-default qodef-btn-custom-hover-bg qodef-btn-custom-hover-color\" data-hover-bg-color=\"#ffffff\" data-hover-color=\"#283171\" >\n        <span class=\"qodef-btn-text\">Episodi 6<\/span>\n    <span class=\"qodef-btn-text-icon\"><\/span>\n<\/a><a href=\"https:\/\/cybervengers.club\/wp-content\/uploads\/2025\/12\/7-CAT.pdf\" target=\"_blank\" style=\"color: #ffffff;background-color: #283171;border-color: #ffffff;margin: 0px 20px 20px 0px\" class=\"qodef-btn qodef-btn-medium qodef-btn-default qodef-btn-custom-hover-bg qodef-btn-custom-hover-color\" data-hover-bg-color=\"#ffffff\" data-hover-color=\"#283171\" >\n        <span class=\"qodef-btn-text\">Episodi 7<\/span>\n    <span class=\"qodef-btn-text-icon\"><\/span>\n<\/a>\t\t<\/div>\n\t<\/div>\n<\/div><\/div>[\/vc_column][\/vc_row][vc_row content_width=&#8221;grid&#8221; css=&#8221;.vc_custom_1731574091353{background-color: #f2885c !important;}&#8221;][vc_column][vc_empty_space height=&#8221;20px&#8221;][vc_column_text]<\/p>\n<h1><span style=\"color: #283171;\">POSTER OFICIAL DELS CYBERVENGERS<\/span><\/h1>\n<p>[\/vc_column_text][vc_empty_space height=&#8221;20px&#8221;][\/vc_column][\/vc_row][vc_row content_width=&#8221;grid&#8221; css=&#8221;.vc_custom_1633419530123{background-color: #f2885c !important;}&#8221;][vc_column width=&#8221;1\/4&#8243;][vc_single_image image=&#8221;10268&#8243; img_size=&#8221;full&#8221;][vc_empty_space height=&#8221;20px&#8221;][\/vc_column][vc_column width=&#8221;3\/4&#8243;][vc_column_text]<\/p>\n<h3><span style=\"color: #283171;\">Pots formar part del club!<br \/>\nDescarrega i imprimeix aquest poster per penjar-ho a la teva habitaci\u00f3, ense\u00f1a&#8217;l als teus pares, porta-ho a l&#8217;escola, dona-li als teus amics&#8230;<\/span><\/h3>\n<p>[\/vc_column_text][vc_empty_space height=&#8221;20px&#8221;]<a href=\"https:\/\/cybervengers.club\/wp-content\/uploads\/2023\/03\/poster-Cybervengers-CA.pdf\" target=\"_blank\" style=\"color: #ffffff;background-color: #283171;border-color: #ffffff;margin: 0px 0px 20px 0px\" class=\"qodef-btn qodef-btn-medium qodef-btn-default qodef-btn-custom-hover-bg qodef-btn-custom-hover-color\" data-hover-bg-color=\"#ffffff\" data-hover-color=\"#283171\" >\n        <span class=\"qodef-btn-text\">Descarrega el poster<\/span>\n    <span class=\"qodef-btn-text-icon\"><\/span>\n<\/a>[\/vc_column][\/vc_row][vc_row content_width=&#8221;grid&#8221; css=&#8221;.vc_custom_1623776553524{padding-top: 50px !important;padding-bottom: 50px !important;background-color: #f2885c !important;}&#8221;][vc_column][vc_empty_space height=&#8221;20px&#8221;][vc_column_text]<\/p>\n<h1><span style=\"color: #283171;\">GIFs<\/span><\/h1>\n<p>[\/vc_column_text][vc_empty_space height=&#8221;20px&#8221;][vc_column_text]<\/p>\n<h3><span style=\"color: #283171;\">Compareix els GIFs dels teu cyber-equip favorit!<\/span><\/h3>\n<p>[\/vc_column_text][vc_empty_space height=&#8221;20px&#8221;]<div class=\"qodef-elements-holder qodef-three-columns qodef-responsive-mode-768\" ><div class=\"qodef-elements-holder-item qodef-vertical-alignment-middle qodef-horizontal-alignment-left\" >\n\t<div class=\"qodef-elements-holder-item-inner\">\n\t\t<div class=\"qodef-elements-holder-item-content qodef-elements-holder-custom-401025\" >\n\t\t\t\t\t\t[vc_single_image image=&#8221;10270&#8243; img_size=&#8221;full&#8221; onclick=&#8221;img_link_large&#8221; img_link_target=&#8221;_blank&#8221; css_animation=&#8221;none&#8221; css=&#8221;.vc_custom_1669903172050{padding-bottom: 20px !important;}&#8221;]\t\t<\/div>\n\t<\/div>\n<\/div><div class=\"qodef-elements-holder-item qodef-vertical-alignment-middle qodef-horizontal-alignment-left\" >\n\t<div class=\"qodef-elements-holder-item-inner\">\n\t\t<div class=\"qodef-elements-holder-item-content qodef-elements-holder-custom-141949\" >\n\t\t\t\t\t\t[vc_single_image image=&#8221;10271&#8243; img_size=&#8221;full&#8221; onclick=&#8221;img_link_large&#8221; img_link_target=&#8221;_blank&#8221; css=&#8221;.vc_custom_1669903184614{padding-bottom: 20px !important;}&#8221;]\t\t<\/div>\n\t<\/div>\n<\/div><div class=\"qodef-elements-holder-item qodef-vertical-alignment-middle qodef-horizontal-alignment-left\" >\n\t<div class=\"qodef-elements-holder-item-inner\">\n\t\t<div class=\"qodef-elements-holder-item-content qodef-elements-holder-custom-823211\" >\n\t\t\t\t\t\t[vc_single_image image=&#8221;10272&#8243; img_size=&#8221;full&#8221; onclick=&#8221;img_link_large&#8221; img_link_target=&#8221;_blank&#8221; css=&#8221;.vc_custom_1669903200153{padding-bottom: 20px !important;}&#8221;]\t\t<\/div>\n\t<\/div>\n<\/div><\/div>[\/vc_column][\/vc_row]<\/p>\n<\/div>","protected":false},"excerpt":{"rendered":"<p>[vc_row content_width=&#8221;grid&#8221; css=&#8221;.vc_custom_1632318505185{padding-top: 50px !important;padding-right: 50px !important;padding-bottom: 0px !important;padding-left: 50px !important;background-color: #ffffff !important;}&#8221;][vc_column width=&#8221;1\/3&#8243;][vc_single_image image=&#8221;10258&#8243; img_size=&#8221;full&#8221; alignment=&#8221;center&#8221; css_animation=&#8221;bounceIn&#8221;][vc_empty_space height=&#8221;20px&#8221;][\/vc_column][vc_column width=&#8221;2\/3&#8243;][vc_column_text] A\u00efa,&#8230;<\/p>\n","protected":false},"author":1,"featured_media":0,"parent":0,"menu_order":0,"comment_status":"closed","ping_status":"closed","template":"full-width.php","meta":{"footnotes":""},"class_list":["post-10406","page","type-page","status-publish","hentry"],"_links":{"self":[{"href":"https:\/\/cybervengers.club\/ca\/wp-json\/wp\/v2\/pages\/10406","targetHints":{"allow":["GET"]}}],"collection":[{"href":"https:\/\/cybervengers.club\/ca\/wp-json\/wp\/v2\/pages"}],"about":[{"href":"https:\/\/cybervengers.club\/ca\/wp-json\/wp\/v2\/types\/page"}],"author":[{"embeddable":true,"href":"https:\/\/cybervengers.club\/ca\/wp-json\/wp\/v2\/users\/1"}],"replies":[{"embeddable":true,"href":"https:\/\/cybervengers.club\/ca\/wp-json\/wp\/v2\/comments?post=10406"}],"version-history":[{"count":16,"href":"https:\/\/cybervengers.club\/ca\/wp-json\/wp\/v2\/pages\/10406\/revisions"}],"predecessor-version":[{"id":20595,"href":"https:\/\/cybervengers.club\/ca\/wp-json\/wp\/v2\/pages\/10406\/revisions\/20595"}],"wp:attachment":[{"href":"https:\/\/cybervengers.club\/ca\/wp-json\/wp\/v2\/media?parent=10406"}],"curies":[{"name":"wp","href":"https:\/\/api.w.org\/{rel}","templated":true}]}}