{"id":10401,"date":"2021-10-09T10:55:02","date_gmt":"2021-10-09T08:55:02","guid":{"rendered":"https:\/\/cybervengers.club\/terms-and-conditions\/"},"modified":"2023-03-14T14:55:36","modified_gmt":"2023-03-14T13:55:36","slug":"terms-and-conditions","status":"publish","type":"page","link":"https:\/\/cybervengers.club\/ca\/terms-and-conditions\/","title":{"rendered":"Termes i Condicions"},"content":{"rendered":"<div class=\"wpb-content-wrapper\"><p>[vc_row content_width=&#8221;grid&#8221;][vc_column][vc_column_text css=&#8221;.vc_custom_1678802134559{padding-bottom: 60px !important;}&#8221;]<\/p>\n<p style=\"text-align: center;\"><strong>Termes i Condicions de l\u2019\u00das del lloc web CyberVengers.club<\/strong><\/p>\n<p>&nbsp;<\/p>\n<p>&nbsp;<\/p>\n<p><strong>ARTICLE 1. Objecte<\/strong><\/p>\n<p>Aquests <strong>&#8220;Termes i Condicions d&#8217;\u00das&#8221;<\/strong> tenen per objecte proporcionar un marc legal per a l&#8217;\u00fas del lloc web CyberVengers.club i els seus serveis i definir les normes d&#8217;acc\u00e9s als continguts educatius digitals del lloc web CyberVengers.club.<br \/>\nEls presents Termes i Condicions d&#8217;\u00das s&#8217;acorden entre:<br \/>\n\u2022 L&#8217;operador del lloc web, en endavant denominat <strong>&#8220;l&#8217;Editor&#8221;.<\/strong><br \/>\n\u2022 Les persones f\u00edsiques o jur\u00eddiques que desitgin accedir al lloc web i als seus serveis, en endavant denominades el\/els \u201cUsuaris&#8221;<br \/>\nEls Termes i Condicions d&#8217;\u00das han de ser acceptats per tots els Usuaris, i el seu acc\u00e9s al lloc web implica l&#8217;acceptaci\u00f3 incondicional d&#8217;aquests Termes i Condicions. L&#8217;Editor del lloc web CyberVengers.club es reserva el dret, a la seva sencera discreci\u00f3 i sense previ av\u00eds, de modificar, suprimir o addicionar els presents Termes i Condicions d&#8217;\u00das en qualsevol moment amb la finalitat d&#8217;adaptar-los a qualsevol canvi legal, jurisprudencial, editorial i\/o t\u00e8cnic. La versi\u00f3 aplicable \u00e9s la que est\u00e0 disponible en l\u00ednia. Per tant, l&#8217;Usuari haur\u00e0 de consultar peri\u00f2dicament l&#8217;\u00faltima versi\u00f3 de les presents Condicions Generals d&#8217;\u00das.<\/p>\n<p>&nbsp;<\/p>\n<p><strong>ARTICLE 2: Acc\u00e9s al lloc web CyberVengers.club<\/strong><br \/>\nEl lloc web CyberVengers.club t\u00e9 com a objectiu ajudar als adolescents, especialment als de secund\u00e0ria (11-14 anys), a comprendre els riscos en l\u00ednia i aprendre els comportaments correctes que els permetran utilitzar Internet i les xarxes socials de manera segura, oferint-los continguts divertits i educatius i reunint pares, educadors i col\u00b7laboradors.<\/p>\n<p>L&#8217;usuari del lloc web CyberVengers.club t\u00e9 acc\u00e9s als seg\u00fcents serveis:<br \/>\n\u2022 Episodis manga (format Webtoon)<br \/>\n\u2022 Q\u00fcestionaris<br \/>\n\u2022 Descripcions de personatges, gr\u00e0fics i il\u00b7lustracions<br \/>\n\u2022 Bons per a compartir: p\u00f2sters, episodis imprimibles,<br \/>\n\u2022 Kit educatiu GIFs<\/p>\n<p>Qualsevol Usuari amb acc\u00e9s a Internet pot accedir gratu\u00eftament al lloc web CyberVengers.club des de qualsevol lloc. Els costos en els quals incorri l&#8217;Usuari per a accedir al Lloc web (connexi\u00f3 a Internet, equip inform\u00e0tic, etc.) no s\u00f3n responsabilitat de l&#8217;Editor.<\/p>\n<p>El lloc web CyberVengers.club i els seus serveis podran ser interromputs o suspesos per l&#8217;Editor, fins i tot per motius de manteniment, sense previ av\u00eds ni justificaci\u00f3.<\/p>\n<p>&nbsp;<\/p>\n<p><strong>ARTICLE 3: Responsabilitats de l&#8217;Usuari<\/strong><br \/>\nL&#8217;Usuari assumeix tota la responsabilitat per l&#8217;\u00fas de la informaci\u00f3 i el Contingut del lloc web CyberVengers.club.<\/p>\n<p>L&#8217;Usuari \u00e9s responsable de qualsevol mal directe o indirecte resultant de l&#8217;\u00fas del lloc web CyberVengers.club.<\/p>\n<p>L&#8217;Usuari declara ser perfectament conscient dels riscos espec\u00edfics relacionats amb l&#8217;\u00fas d&#8217;Internet, les xarxes i, en particular, del fet que les xarxes no estan lliures de virus. Per aix\u00f2, amb la finalitat de protegir els terminals utilitzats enfront de l&#8217;amena\u00e7a de virus i altres riscos espec\u00edfics relacionats amb l&#8217;\u00fas d&#8217;Internet, es recomana que l&#8217;Usuari utilitzi programari antivirus. Sense perjudici dels seus esfor\u00e7os per garantir un nivell de seguretat dels seus serveis d&#8217;acord amb l&#8217;estat de la t\u00e8cnica, l&#8217;Editor no podr\u00e0 ser considerat responsable de la contaminaci\u00f3 per possibles virus que circulin per les xarxes.<\/p>\n<p>&nbsp;<\/p>\n<p><strong>ARTICLE 4: Responsabilitats de l&#8217;Editor<\/strong><br \/>\nEl lloc web CyberVengers.club es compromet a aplicar tots els mitjans necessaris per a garantir la seguretat i confidencialitat de les dades. No obstant aix\u00f2, no pot oferir una garantia de seguretat total.<\/p>\n<p>L&#8217;Editor es reserva el dret de no garantir la fiabilitat de les fonts, encara que la informaci\u00f3 publicada en el lloc web es considera fiable.<\/p>\n<p>L&#8217;Editor no ser\u00e0 responsable de cap errada o interrupci\u00f3 en la disponibilitat o l&#8217;\u00fas del lloc web CyberVengers.club relacionat amb, o resultant de:<br \/>\n&#8211; Un cas de for\u00e7a major, tal com es defineix en l&#8217;article 1218 del Codi Civil franc\u00e8s i per la jurisprud\u00e8ncia aplicable;<br \/>\n&#8211; L&#8217;\u00fas indegut i\/o l&#8217;incompliment per part de l&#8217;Usuari dels Termes i Condicions d&#8217;\u00das del lloc web CyberVengers.club<br \/>\n&#8211; Qualsevol desaparici\u00f3, p\u00e8rdua o deterioraci\u00f3 susceptible d&#8217;alterar el seu equip inform\u00e0tic, resultant d&#8217;una fallada de l&#8217;Usuari;<br \/>\n&#8211; L&#8217;incompliment o mal compliment de les seves obligacions per part de l&#8217;operador o prove\u00efdor de serveis d&#8217;Internet de l&#8217;Usuari.<\/p>\n<p>&nbsp;<\/p>\n<p><strong>ARTICLE 5: Propietat intel\u00b7lectual<\/strong><\/p>\n<p>Tot el contingut publicat en el lloc web CyberVengers.club, incloent, per\u00f2 no limitat a l&#8217;estructura\/arquitectura del lloc web CyberVengers.club, contingut editorial, v\u00eddeos, textos, seccions, dibuixos, il\u00b7lustracions, fotos, imatges, sons, concursos i qualsevol altre contingut present en el lloc web CyberVengers.club i\/o qualsevol altre element que el compongui (el &#8220;Contingut&#8221;), s\u00f3n susceptibles de constituir obres en el sentit de les disposicions de l&#8217;article L.112-1 i seg\u00fcents del Codi franc\u00e8s de la Propietat Intel\u00b7lectual o continguts protegits en virtut dels drets connexos al dret d&#8217;autor en el sentit de les disposicions de l&#8217;article L.211-1 i seg\u00fcents del Codi franc\u00e8s de la Propietat Intel\u00b7lectual.<\/p>\n<p>&nbsp;<\/p>\n<p>En aplicaci\u00f3 de l&#8217;article L. 122-4 del Codi franc\u00e8s de la Propietat Intel\u00b7lectual, l&#8217;Usuari haur\u00e0 d&#8217;obtenir l&#8217;autoritzaci\u00f3 de l&#8217;Editor del Lloc web abans de qualsevol reproducci\u00f3, c\u00f2pia o publicaci\u00f3 d&#8217;aquests diferents Continguts.<br \/>\nEl lloc web CyberVengers.club ha d&#8217;utilitzar-se \u00fanicament amb finalitats educatives. Queda terminantment prohibida qualsevol explotaci\u00f3 comercial del lloc web i dels seus Continguts.<\/p>\n<p>Qualsevol altre \u00fas, excepte autoritzaci\u00f3 pr\u00e8via de l&#8217;Editor i\/o d&#8217;altres titulars dels drets, constitueix un acte de falsificaci\u00f3 i est\u00e0 sancionat per les lleis de propietat intel\u00b7lectual. Qualsevol reproducci\u00f3 no autoritzada, total o parcial, de qualsevol material del lloc web CyberVengers.club est\u00e0 estrictament prohibida.<\/p>\n<p>&nbsp;<\/p>\n<p><strong>ARTICLE 6 : Dades Personals<\/strong><br \/>\nEl lloc web CyberVengers.club respecta la privacitat de l&#8217;Usuari, de conformitat amb la llei francesa de protecci\u00f3 de dades del 6 de gener de 1978.<br \/>\nL&#8217;Editor del lloc web CyberVengers.club no recopila cap dada personal. \u00danicament es recull una adre\u00e7a IP an\u00f2nima, que s&#8217;utilitza exclusivament amb finalitats estad\u00edstiques i per a gestionar l&#8217;optimitzaci\u00f3 del lloc web. L&#8217;adre\u00e7a IP es recull per a determinar el pa\u00eds des del qual l&#8217;usuari es connecta al lloc web. Aquestes dades s&#8217;anonimitzen immediatament i l&#8217;Editor no t\u00e9 manera de rastrejar la identitat de l&#8217;Usuari amb aquestes dades.<\/p>\n<p>Algunes funcions d&#8217;aquest lloc web requereixen serveis prestats per terceres empreses. Si l&#8217;Usuari est\u00e0 d&#8217;acord (consentiment), aquests tercers dipositaran galetes que permetran a l&#8217;Usuari interactuar o compartir continguts en les seves xarxes socials a trav\u00e9s de, entre altres, botons per a compartir (Facebook, Instagram i Twitter). A trav\u00e9s d&#8217;aquestes galetes, aquests tercers podran recollir i utilitzar les dades de navegaci\u00f3 per als seus propis fins, d&#8217;acord amb la seva pol\u00edtica de privacitat. El lloc web CyberVengers.club utilitza els seg\u00fcents tercers:<br \/>\nFacebook : <a href=\"https:\/\/www.facebook.com\/policy.php\">https:\/\/www.facebook.com\/policy.php<\/a><br \/>\nInstagram : <a href=\"https:\/\/help.instagram.com\/1896641480634370\">Pol\u00edtica de galetes | P\u00e0gines d&#8217;ajuda d&#8217;Instagram<\/a><br \/>\nTwitter : <a href=\"https:\/\/twitter.com\/fr\/privacy\">https:\/\/twitter.com\/fr\/privacy<\/a><br \/>\nPer a m\u00e9s informaci\u00f3 sobre galetes\/trackers, consulteu el lloc <a href=\"http:\/\/www.cnil.fr\/vos-droits\/vos-traces\/les-cookies\/\">web de la CNIL<\/a><\/p>\n<p>&nbsp;<\/p>\n<p><strong>ARTICLE 7: Enlla\u00e7os d&#8217;hipertext<\/strong><br \/>\n\u00c9s possible que un tercer cre\u00ef un enlla\u00e7 a una p\u00e0gina del lloc web CyberVengers.club sense l&#8217;autoritzaci\u00f3 expressa de l&#8217;Editor.<\/p>\n<p>&nbsp;<\/p>\n<p><strong>ARTICLE 8 : Durada dels Termes i Condicions d&#8217;\u00das<\/strong><br \/>\nLa durada dels presents Termes i Condicions d&#8217;\u00das \u00e9s indefinida. Els presents Termes i Condicions d&#8217;\u00das entraran en vigor per a l&#8217;Usuari a partir de la primera utilitzaci\u00f3 del servei.<\/p>\n<p>&nbsp;<\/p>\n<p><strong>ARTICLE 9: Llei aplicable i jurisdicci\u00f3<\/strong><br \/>\nEls presents Termes i Condicions Generals d&#8217;\u00das es regeixen exclusivament per la legislaci\u00f3 francesa. En cas de litigi entre l&#8217;Usuari i l&#8217;Editor que no pugui resoldre&#8217;s de manera amistosa, els tribunals francesos seran els \u00fanics competents.[\/vc_column_text][\/vc_column][\/vc_row][vc_row][vc_column][vc_column_text]<\/p>\n<p>[\/vc_column_text][\/vc_column][\/vc_row]<\/p>\n<\/div>","protected":false},"excerpt":{"rendered":"<p>[vc_row content_width=&#8221;grid&#8221;][vc_column][vc_column_text css=&#8221;.vc_custom_1678802134559{padding-bottom: 60px !important;}&#8221;] Termes i Condicions de l\u2019\u00das del lloc web CyberVengers.club &nbsp; &nbsp; ARTICLE 1. Objecte Aquests &#8220;Termes&#8230;<\/p>\n","protected":false},"author":1,"featured_media":0,"parent":0,"menu_order":0,"comment_status":"closed","ping_status":"closed","template":"","meta":{"footnotes":""},"class_list":["post-10401","page","type-page","status-publish","hentry"],"_links":{"self":[{"href":"https:\/\/cybervengers.club\/ca\/wp-json\/wp\/v2\/pages\/10401","targetHints":{"allow":["GET"]}}],"collection":[{"href":"https:\/\/cybervengers.club\/ca\/wp-json\/wp\/v2\/pages"}],"about":[{"href":"https:\/\/cybervengers.club\/ca\/wp-json\/wp\/v2\/types\/page"}],"author":[{"embeddable":true,"href":"https:\/\/cybervengers.club\/ca\/wp-json\/wp\/v2\/users\/1"}],"replies":[{"embeddable":true,"href":"https:\/\/cybervengers.club\/ca\/wp-json\/wp\/v2\/comments?post=10401"}],"version-history":[{"count":4,"href":"https:\/\/cybervengers.club\/ca\/wp-json\/wp\/v2\/pages\/10401\/revisions"}],"predecessor-version":[{"id":10405,"href":"https:\/\/cybervengers.club\/ca\/wp-json\/wp\/v2\/pages\/10401\/revisions\/10405"}],"wp:attachment":[{"href":"https:\/\/cybervengers.club\/ca\/wp-json\/wp\/v2\/media?parent=10401"}],"curies":[{"name":"wp","href":"https:\/\/api.w.org\/{rel}","templated":true}]}}