{"id":10397,"date":"2021-10-09T10:03:14","date_gmt":"2021-10-09T08:03:14","guid":{"rendered":"https:\/\/cybervengers.club\/legal-notice\/"},"modified":"2026-03-09T10:49:56","modified_gmt":"2026-03-09T09:49:56","slug":"esments-egal","status":"publish","type":"page","link":"https:\/\/cybervengers.club\/ca\/esments-egal\/","title":{"rendered":"Esments legals"},"content":{"rendered":"<div class=\"wpb-content-wrapper\"><p>[vc_row content_width=&#8221;grid&#8221;][vc_column][vc_column_text css=&#8221;.vc_custom_1678797486723{padding-bottom: 60px !important;}&#8221;]<strong>EDITOR<\/strong><\/p>\n<p>El lloc web CyberVengers.club \u00e9s propietat exclusiva de<strong>\u00a0AXA GROUP OPERATIONS SAS<\/strong>.<\/p>\n<p>&nbsp;<\/p>\n<p><strong>AXA GROUP OPERATIONS<\/strong><\/p>\n<p>Una Societat per Accions Simplificada (<strong>SAS<\/strong>) amb un capital de <strong>\u20ac 198.893.072,70<\/strong><\/p>\n<p>Tel\u00e8fon <strong>01 49 49 40 00<\/strong><\/p>\n<p>Domicili social : sis 81, rue Mstislav Rostropovitch 75017 Paris, registrada en el Registre Mercantil i de Societats de <strong>Paris<\/strong> amb el n\u00famero <strong>399 214 287<\/strong><\/p>\n<p>N\u00famero d\u2019IVA intracomunitari: <strong>FR72399214287<\/strong><\/p>\n<p>Adre\u00e7a de correu electr\u00f2nic: <a href=\"mailto:cybervengers@axa.com\"><strong>cybervengers@axa.com<\/strong><\/a><\/p>\n<p>Director de publicaci\u00f3: <strong>J\u00e9r\u00f4me\u00a0Fravalo<\/strong><\/p>\n<p>&nbsp;<\/p>\n<p><strong>ALLOTJAMENT<\/strong><\/p>\n<p>El lloc web est\u00e0 allotjat en\u00a0<strong>OVH\u00a0<\/strong><\/p>\n<p>Una SAS amb un capital de 10.069.020 euros<br \/>\nRegistre Mercantil i de Societats de Lille amb el n\u00famero 424 761 419 00045<br \/>\nCodi APE 2620Z<br \/>\nN\u00famero d\u2019IVA : FR 22 424 761 419<br \/>\nDomicili social: 2, rue Kellermann &#8211; 59100 Roubaix &#8211; Fran\u00e7a[\/vc_column_text][\/vc_column][\/vc_row]<\/p>\n<\/div>","protected":false},"excerpt":{"rendered":"<p>[vc_row content_width=&#8221;grid&#8221;][vc_column][vc_column_text css=&#8221;.vc_custom_1678797486723{padding-bottom: 60px !important;}&#8221;]EDITOR El lloc web CyberVengers.club \u00e9s propietat exclusiva de\u00a0AXA GROUP OPERATIONS SAS. &nbsp; AXA GROUP OPERATIONS Una&#8230;<\/p>\n","protected":false},"author":1,"featured_media":0,"parent":0,"menu_order":0,"comment_status":"closed","ping_status":"closed","template":"","meta":{"footnotes":""},"class_list":["post-10397","page","type-page","status-publish","hentry"],"_links":{"self":[{"href":"https:\/\/cybervengers.club\/ca\/wp-json\/wp\/v2\/pages\/10397","targetHints":{"allow":["GET"]}}],"collection":[{"href":"https:\/\/cybervengers.club\/ca\/wp-json\/wp\/v2\/pages"}],"about":[{"href":"https:\/\/cybervengers.club\/ca\/wp-json\/wp\/v2\/types\/page"}],"author":[{"embeddable":true,"href":"https:\/\/cybervengers.club\/ca\/wp-json\/wp\/v2\/users\/1"}],"replies":[{"embeddable":true,"href":"https:\/\/cybervengers.club\/ca\/wp-json\/wp\/v2\/comments?post=10397"}],"version-history":[{"count":3,"href":"https:\/\/cybervengers.club\/ca\/wp-json\/wp\/v2\/pages\/10397\/revisions"}],"predecessor-version":[{"id":10400,"href":"https:\/\/cybervengers.club\/ca\/wp-json\/wp\/v2\/pages\/10397\/revisions\/10400"}],"wp:attachment":[{"href":"https:\/\/cybervengers.club\/ca\/wp-json\/wp\/v2\/media?parent=10397"}],"curies":[{"name":"wp","href":"https:\/\/api.w.org\/{rel}","templated":true}]}}