{"id":10393,"date":"2023-01-03T20:18:18","date_gmt":"2023-01-03T19:18:18","guid":{"rendered":"https:\/\/cybervengers.club\/thanks\/"},"modified":"2024-02-16T08:40:32","modified_gmt":"2024-02-16T07:40:32","slug":"thanks","status":"publish","type":"page","link":"https:\/\/cybervengers.club\/ca\/thanks\/","title":{"rendered":"GR\u00c0CIES"},"content":{"rendered":"<div class=\"wpb-content-wrapper\"><p>[vc_row][vc_column][vc_column_text]CyberVengers.club \u00e9s una plataforma educativa dissenyada per conscienciar els joves d&#8217;11 a 14 anys sobre els riscos cibern\u00e8tics. La seva vulnerabilitat davant aquests riscos i la necessitat de garantir la seva seguretat \u00e9s un problema social i una preocupaci\u00f3 important per a AXA.<\/p>\n<p>&nbsp;<\/p>\n<p>Creada per AXA i la seva entitat AXA Group Operations el 2021, la plataforma Cybervengers.club t\u00e9 com a objectiu donar suport a un m\u00f3n digital m\u00e9s segur i inclusiu. Aquest objectiu est\u00e0 en l\u00ednia amb la missi\u00f3 d&#8217;AXA, que, com a asseguradora, aposta pel progr\u00e9s hum\u00e0 protegint all\u00f2 que importa.<\/p>\n<p>&nbsp;<\/p>\n<h3 style=\"text-align: center;\"><span style=\"color: #283171;\"><strong>SI VOLS UNIR-TE A NOSALTRES I CONTRIBUIR A LA CREACI\u00d3 O PUBLICACI\u00d3 D&#8217;EPISODIS DELS CYBERVENGERS, CONTACTA AMB NOSALTRES<\/strong><\/span><\/h3>\n<p>&nbsp;<\/p>\n<p style=\"text-align: center;\"><a href=\"mailto:cybervengers@axa.com\" target=\"_blank\" style=\"color: #fff;background-color: #283171\" class=\"qodef-btn qodef-btn-medium qodef-btn-default qodef-btn-custom-hover-bg qodef-btn-custom-border-hover qodef-btn-custom-hover-color\" data-hover-bg-color=\"#fff\" data-hover-color=\"#283171\" data-hover-border-color=\"#283171\" >\n        <span class=\"qodef-btn-text\">CONTACTA&#039;NS<\/span>\n    <span class=\"qodef-btn-text-icon\"><i class=\"qodef-icon-font-awesome fa  \" ><\/i><\/span>\n<\/a><\/p>\n<p>&nbsp;<\/p>\n<p>Els Cybervengers van ser creats per persones dedicades que volen donar suport a nens i adults per igual en un m\u00f3n digital en el qual poden prosperar.<\/p>\n<p>&nbsp;<\/p>\n<p><span style=\"color: #283171;\"><strong>MOLTES GR\u00c0CIES A TOTS ELS NOSTRES COL\u00b7LABORADORS,PATROCINADORS, ambaixadors i lectors d&#8217;arreu del m\u00f3n!<\/strong><\/span><\/p>\n<p>&nbsp;<\/p>\n<p>I especialment a&#8230;<\/p>\n<p>&nbsp;<\/p>\n<p><span style=\"color: #283171;\"><b>AXA Group Operations<\/b><\/span><\/p>\n<p>Julia LEPICIER: manager de llan\u00e7ament i del programa (2020-2022)<\/p>\n<p>Virginie BONNELL: supervisi\u00f3 del programa (a partir de 2023)<\/p>\n<p>Sabrine BELKHIRIA: direcci\u00f3 de projectes<\/p>\n<p>J\u00e9r\u00f4me FRAVALO: direcci\u00f3 de comunicaci\u00f3 i gesti\u00f3 de la RSC<\/p>\n<p>Gr\u00e0cies als nostres patrocinadors i a l&#8217;equip del projecte: Arnaud, Violaine, Isabelle, J\u00e9r\u00f4me, Jon, Christophe, Julie<\/p>\n<p>Gr\u00e0cies a tots els ambaixadors voluntaris, revisors i experts d&#8217;AXA: Sara, Roshanak, Laurane, Pierre, Gilles, Anne-Claire, Malgorzata, Thibaut, Rooksana, Mad\u00e9vi, Anne-Sophie, Laurane, Didier, Emiliano, Franck, Loani, Elisabeth, Matthieu, Etienne, Laura, Oliver, Li Lee, Tara, Suvarna,Francisco, Axel, Vanda, Joanna, Amrin, Rita&#8230;!<\/p>\n<p>&nbsp;<\/p>\n<p><span style=\"color: #283171;\"><b>Wording Conseil<\/b><\/span><\/p>\n<p>Christine NALIES: direcci\u00f3 d&#8217;ag\u00e8ncia<\/p>\n<p>St\u00e9phane SIMONET: direcci\u00f3 art\u00edstica, desenvolupament web<\/p>\n<p>Gr\u00e0cies a tots els col\u00b7laboradors o beta-testers: Chlo\u00e9, Marine, S\u00e9bastien, K\u00e9vin, Astrid, Catherine, Gillian, Alexandre, Pierre<\/p>\n<p>Gr\u00e0cies tamb\u00e9 a Paul BEAUPERE, el nostre escriptor juvenil, al taller de drawaki i a la mangaka Nadia TALEB, creadora de l&#8217;episodi 5 i els seg\u00fcents&#8230;<\/p>\n<p>&nbsp;<\/p>\n<p><b><span style=\"color: #283171;\">Les Intr\u00e9pides de la Tech<\/span> <\/b><\/p>\n<p>Lucie JAGU: directora del programa<br \/>\nMarie GUERIN: dissenyadora educativa i responsable del taller \u201cCiberriscos per a secund\u00e0ria\u201d.<br \/>\nGr\u00e0cies a tots els professors que van provar els missatges amb els seus alumnes, durant el seu taller de <a href=\"https:\/\/www.intrepidesdelatech.org\/nos-actions\/\">Ciberseguretat i Risc Cibern\u00e8tic amb els CyberVengers<\/a><\/p>\n<p>&nbsp;<\/p>\n<p><b><span style=\"color: #283171;\">Campus Cyber<\/span> <\/b><\/p>\n<p>Gr\u00e0cies als experts Edouard (Capgemini), Walter (DeVinci), St\u00e9phane (Ministeri d&#8217;Educaci\u00f3), Jo\u00ebl (Epita)<\/p>\n<p>Gr\u00e0cies a Delphine, responsable de comunicaci\u00f3<\/p>\n<p>Tamb\u00e9 agra\u00efm als alumnes de la classe americana de Saint-Germain-en-Laye per inspirar l&#8217;episodi 5<\/p>\n<h4><div class=\"qodef-separator-holder clearfix  qodef-separator-center qodef-separator-normal\">\n\t<div class=\"qodef-separator\" ><\/div>\n<\/div>\n<\/h4>\n<p>[\/vc_column_text][\/vc_column][\/vc_row]<\/p>\n<\/div>","protected":false},"excerpt":{"rendered":"<p>[vc_row][vc_column][vc_column_text]CyberVengers.club \u00e9s una plataforma educativa dissenyada per conscienciar els joves d&#8217;11 a 14 anys sobre els riscos cibern\u00e8tics. La seva vulnerabilitat&#8230;<\/p>\n","protected":false},"author":7,"featured_media":0,"parent":0,"menu_order":0,"comment_status":"closed","ping_status":"closed","template":"","meta":{"footnotes":""},"class_list":["post-10393","page","type-page","status-publish","hentry"],"_links":{"self":[{"href":"https:\/\/cybervengers.club\/ca\/wp-json\/wp\/v2\/pages\/10393","targetHints":{"allow":["GET"]}}],"collection":[{"href":"https:\/\/cybervengers.club\/ca\/wp-json\/wp\/v2\/pages"}],"about":[{"href":"https:\/\/cybervengers.club\/ca\/wp-json\/wp\/v2\/types\/page"}],"author":[{"embeddable":true,"href":"https:\/\/cybervengers.club\/ca\/wp-json\/wp\/v2\/users\/7"}],"replies":[{"embeddable":true,"href":"https:\/\/cybervengers.club\/ca\/wp-json\/wp\/v2\/comments?post=10393"}],"version-history":[{"count":4,"href":"https:\/\/cybervengers.club\/ca\/wp-json\/wp\/v2\/pages\/10393\/revisions"}],"predecessor-version":[{"id":13960,"href":"https:\/\/cybervengers.club\/ca\/wp-json\/wp\/v2\/pages\/10393\/revisions\/13960"}],"wp:attachment":[{"href":"https:\/\/cybervengers.club\/ca\/wp-json\/wp\/v2\/media?parent=10393"}],"curies":[{"name":"wp","href":"https:\/\/api.w.org\/{rel}","templated":true}]}}